{"id":2014,"date":"2024-10-28T15:09:52","date_gmt":"2024-10-28T14:09:52","guid":{"rendered":"https:\/\/formulazdravlja.com\/?page_id=2014"},"modified":"2026-03-16T15:31:21","modified_gmt":"2026-03-16T14:31:21","slug":"mediji","status":"publish","type":"page","link":"https:\/\/formulazdravlja.com\/en\/mediji\/","title":{"rendered":"Media"},"content":{"rendered":"<div data-elementor-type=\"wp-page\" data-elementor-id=\"2014\" class=\"elementor elementor-2014\">\n\t\t\t\t<div class=\"elementor-element elementor-element-21fc403 e-flex e-con-boxed e-con e-parent\" data-id=\"21fc403\" data-element_type=\"container\" data-e-type=\"container\">\n\t\t\t\t\t<div class=\"e-con-inner\">\n\t\t<div class=\"elementor-element elementor-element-3b99d1b e-flex e-con-boxed e-con e-child\" data-id=\"3b99d1b\" data-element_type=\"container\" data-e-type=\"container\" data-settings=\"{&quot;background_background&quot;:&quot;classic&quot;}\">\n\t\t\t\t\t<div class=\"e-con-inner\">\n\t\t<div class=\"elementor-element elementor-element-808fb92 e-con-full e-flex e-con e-child\" data-id=\"808fb92\" data-element_type=\"container\" data-e-type=\"container\">\n\t\t\t\t<div class=\"elementor-element elementor-element-69e14f5 elementor-invisible elementor-widget elementor-widget-heading\" data-id=\"69e14f5\" data-element_type=\"widget\" data-e-type=\"widget\" data-settings=\"{&quot;_animation&quot;:&quot;zoomIn&quot;}\" data-widget_type=\"heading.default\">\n\t\t\t\t<div class=\"elementor-widget-container\">\n\t\t\t\t\t<h2 class=\"elementor-heading-title elementor-size-default\">MD, ScD, Professor Du\u0161an Ve\u0161ovi\u0107 in media<\/h2>\t\t\t\t<\/div>\n\t\t\t\t<\/div>\n\t\t\t\t<div class=\"elementor-element elementor-element-7fca67a elementor-widget elementor-widget-text-editor\" data-id=\"7fca67a\" data-element_type=\"widget\" data-e-type=\"widget\" data-widget_type=\"text-editor.default\">\n\t\t\t\t<div class=\"elementor-widget-container\">\n\t\t\t\t\t\t\t\t\t<p>Blic TV \u2013 <a href=\"https:\/\/www.youtube.com\/watch?v=zK-spaeMmKI\" target=\"_blank\" rel=\"noopener\">How to fast without compromising health and pmmunity: Dr. Du\u0161an Ve\u0161ovi\u0107 on the pitfalls of fasting foods.<\/a><\/p><p>K1 Television \u2013 Guest appearance on the show \u201e\u017dena za sva vremena\u201c \u2013<a href=\"https:\/\/www.youtube.com\/watch?v=oRCqOLOsbbo\" target=\"_blank\" rel=\"noopener\">How to strengthen immunity and protect yourself from viruses?<\/a><\/p><p>TV Tanjug \u2013 Guest appearance on the show \u201eRecept za zdravlje\u201c \u2013<a href=\"https:\/\/www.youtube.com\/watch?v=uCu6_FyGTI4\" target=\"_blank\" rel=\"noopener\">New Year's health resolutions<\/a><\/p>\t\t\t\t\t\t\t\t<\/div>\n\t\t\t\t<\/div>\n\t\t\t\t<\/div>\n\t\t<div class=\"elementor-element elementor-element-ee88ee0 e-con-full e-flex e-con e-child\" data-id=\"ee88ee0\" data-element_type=\"container\" data-e-type=\"container\">\n\t\t\t\t<div class=\"elementor-element elementor-element-876b21e elementor-widget elementor-widget-image\" data-id=\"876b21e\" data-element_type=\"widget\" data-e-type=\"widget\" data-widget_type=\"image.default\">\n\t\t\t\t<div class=\"elementor-widget-container\">\n\t\t\t\t\t\t\t\t\t\t\t\t\t\t\t<img fetchpriority=\"high\" decoding=\"async\" width=\"1024\" height=\"682\" src=\"https:\/\/formulazdravlja.com\/wp-content\/uploads\/2024\/10\/media2-1024x682.jpg\" class=\"attachment-large size-large wp-image-2016\" alt=\"\" srcset=\"https:\/\/formulazdravlja.com\/wp-content\/uploads\/2024\/10\/media2-1024x682.jpg 1024w, https:\/\/formulazdravlja.com\/wp-content\/uploads\/2024\/10\/media2-300x200.jpg 300w, https:\/\/formulazdravlja.com\/wp-content\/uploads\/2024\/10\/media2-768x512.jpg 768w, https:\/\/formulazdravlja.com\/wp-content\/uploads\/2024\/10\/media2.jpg 1280w\" sizes=\"(max-width: 1024px) 100vw, 1024px\" \/>\t\t\t\t\t\t\t\t\t\t\t\t\t\t\t<\/div>\n\t\t\t\t<\/div>\n\t\t\t\t<\/div>\n\t\t\t\t\t<\/div>\n\t\t\t\t<\/div>\n\t\t\t\t\t<\/div>\n\t\t\t\t<\/div>\n\t\t<div class=\"elementor-element elementor-element-8987b1d e-flex e-con-boxed e-con e-parent\" data-id=\"8987b1d\" data-element_type=\"container\" data-e-type=\"container\">\n\t\t\t\t\t<div class=\"e-con-inner\">\n\t\t\t\t<div class=\"elementor-element elementor-element-2e123ed elementor-widget elementor-widget-text-editor\" data-id=\"2e123ed\" data-element_type=\"widget\" data-e-type=\"widget\" data-widget_type=\"text-editor.default\">\n\t\t\t\t<div class=\"elementor-widget-container\">\n\t\t\t\t\t\t\t\t\t<p>Euronews Serbia \u2013 Guest appearance on the show \u201eLet's Talk\u201c \u2013 <span class=\"yt-core-attributed-string yt-core-attributed-string--white-space-pre-wrap\" dir=\"auto\" role=\"text\"><span class=\"yt-core-attributed-string--link-inherit-color\" dir=\"auto\"><a href=\"https:\/\/www.youtube.com\/watch?v=YgujPnKinZQ&amp;t=1461s\" target=\"_blank\" rel=\"noopener\">How can we improve our health and get rid of everyday ailments?<\/a><\/span><\/span><\/p><p>K1 Television \u2013 Guest appearance on the show \u201e\u017dena za sva vremena\u201c \u2013<a href=\"https:\/\/www.youtube.com\/watch?v=qPJlsZx0xp4\" target=\"_blank\" rel=\"noopener\">Symptoms that the body sends us \u2013 alarm or natural response?<\/a><\/p><p>K1 Television \u2013 Guest appearance on the show \u201e\u017dena za sva vremena\u201c \u2013<a href=\"https:\/\/www.youtube.com\/watch?v=65VFRsviAE8\" target=\"_blank\" rel=\"noopener\"> How to avoid overtraining and stay in shape?<\/a><\/p><p>TV Kopernikus \u2013 Guest appearance on the show \u201eNi crno ni belo\u201c \u2013 <a href=\"https:\/\/www.youtube.com\/watch?v=fzJjn8CO40Y&amp;t=9s\" target=\"_blank\" rel=\"noopener\">Dr Du\u0161an Ve\u0161ovi\u0107, Specialist in Occupational Medicine and Pharmacy and Doctor of Integrative medicine<\/a><\/p><p>Conference organized by Lepa &amp; Sre\u0107na \u2013 <a href=\"https:\/\/www.youtube.com\/watch?v=OBBqKPKAgbs&amp;t=3905s\" target=\"_blank\" rel=\"noopener\">The Health Formula, by dr. Du\u0161an Ve\u0161ovi\u0107<\/a><\/p><p class=\"style-scope ytd-watch-metadata\">4th WORLD HEALTH CONGRESS 2025 PRAGUE \u2013 <a href=\"https:\/\/www.youtube.com\/watch?v=XMPwINmRzxw&amp;t=19468s\" target=\"_blank\" rel=\"noopener\">Health implications of endocrine disrupting chemicals<\/a><\/p><p>TV Tanjug \u2013 Guest appearance on the show \u201eRecept za zdravlje\u201c \u2013\u00a0<a href=\"https:\/\/www.youtube.com\/watch?v=EQIQJJWtRdM&amp;t=2s\" target=\"_blank\" rel=\"noopener\">The Health Formula<\/a>\u00a0<\/p><p>TV Tanjug \u2013 Guest appearance on the show \u201eSavet za zdravlje\u201c \u2013<a href=\"https:\/\/www.youtube.com\/watch?v=bYMlFJYiz_U\" target=\"_blank\" rel=\"noopener\">How to spend the summer as healthily as possible, part 2?<\/a> by Sandra Bogdanovi\u0107<\/p><p>TV Tanjug \u2013 Guest appearance on the show \u201eSavet za zdravlje\u201c \u2013<a href=\"https:\/\/www.youtube.com\/watch?v=6JzEmS7QwhM\" target=\"_blank\" rel=\"noopener\">How to spend the summer as healthily as possible, part 1? <\/a>by Sandra Bogdanovi\u0107<\/p><p>IF I SPEAK OUT, Television K1 <a href=\"https:\/\/www.youtube.com\/watch?v=D3eKtDlyTgs\" target=\"_blank\" rel=\"noopener\">Kakve signale nam \u0161alje telo?<\/a><\/p><p>TV Una \u2013 Guest appearance on the show \u201ePut do zdravlja\u201c \u2013 <a href=\"https:\/\/www.youtube.com\/watch?v=kdRotcnO8aA\" target=\"_blank\" rel=\"noopener\">Shallow breathing, emotions running wild, sleep slipping away - learn to calm yourself<\/a><\/p><p>TV Tanjug \u2013 Guest appearance on the show \u201eRecept za zdravlje\u201c \u2013 <a href=\"https:\/\/www.youtube.com\/watch?v=eHGgv-M1tBs\" target=\"_blank\" rel=\"noopener\">Insomnia and spring fatigue <\/a>by Sandra Bogdanovi\u0107<\/p><p class=\"style-scope ytd-watch-metadata\">Guest appearance on the show Lekoviti Razgovori \u2013 <a href=\"https:\/\/www.youtube.com\/watch?v=-7XFB_Ct0jo\" target=\"_blank\" rel=\"noopener\">Kako nas integrativna medicina le\u010di<\/a> by \u017daklina Milenkovi\u0107<\/p><p>TV Una \u2013 Guest appearance on the show <a href=\"https:\/\/www.youtube.com\/watch?v=Bj8KWoIknPw&amp;t=671s\" target=\"_blank\" rel=\"noopener\">\u201ePut do zdravlja\u201c<\/a> by Jovana Uhrin<\/p><p>TV KCN &#8211;<span class=\"Y2IQFc\"> Guest appearance on the show<\/span> <a href=\"https:\/\/www.youtube.com\/watch?v=WGhE1NloZhE&amp;t=281s\" target=\"_blank\" rel=\"noopener\">\u201eNi crno ni belo\u201c <\/a><\/p><p>TV B92 \u2013\u00a0<span class=\"Y2IQFc\">Guest appearance on the show <a href=\"https:\/\/b92.tv\/video\/zelim-da-ti-kazem\/10528\/zelim-da-ti-kazem-prof-dr-dusan-vesovic-specijalista-medicine-rada\" target=\"_blank\" rel=\"noopener\">\"\u017delim da ti ka\u017eem\"<\/a> by Marina Kotevski<\/span><\/p><p>K health \u2013 <a href=\"https:\/\/zdravlje.kurir.rs\/saveti-strucnjaka\/9581216\/iscrpljeni-ste-i-bez-energije-doktor-otkriva-5-strategija-protiv-hronicnog-umora\">Do you often feel exhausted and without energy? Doctor reveals 5 strategies against chronic fatigue syndrome<\/a><\/p><p>Nova S \u2013 <a href=\"https:\/\/www.youtube.com\/watch?v=9lsWEvDn3xA\" target=\"_blank\" rel=\"noopener\">How to make the best decisions for health - Dr. Du\u0161an Ve\u0161ovi\u0107<\/a><\/p><p>K health \u2013 <a href=\"https:\/\/zdravlje.kurir.rs\/saveti-strucnjaka\/9533714\/kako-izgleda-leciti-coveka-a-ne-bolest-otkriva-doktor-integrativne-medicine\" target=\"_blank\" rel=\"noopener\">The symptoms that trouble us are only the tip of the iceberg: The doctor discovers what it looks like to treat a person, not a disease<\/a><\/p><p>TV Studio B \u2013 <a href=\"https:\/\/www.youtube.com\/watch?v=r1uW2be-miU&amp;t=4s\" target=\"_blank\" rel=\"noopener\">The Interview of the Day with Du\u0161an Ve\u0161ovi\u0107, MD, ScD, Professor<\/a><\/p><p>The story of the day with Drina Pe\u0161i\u0107, Studio B - <a href=\"https:\/\/www.youtube.com\/watch?v=Faa8suLkA4w\" target=\"_blank\" rel=\"noopener\">THE HEALTH FORMULA<\/a><\/p><p>Guest appearance in The Morning Program of Sara Ostoji\u0107, TV Happy - <a href=\"https:\/\/www.youtube.com\/watch?v=Wp3lAqNKMrY\" target=\"_blank\" rel=\"noopener\">Chronic cumulative effects of sleep deprivation - how fatigue and lack of sleep lead to catastrophic consequences<\/a><\/p><p>Guest appearance in The Morning Program of Sara Ostoji\u0107, TV Happy - <a href=\"https:\/\/www.youtube.com\/watch?v=pIE5tOGgXSo\" target=\"_blank\" rel=\"noopener\">Contraception - (Taboo) a topic that is unfairly less talked about<\/a><\/p><p>Guest appearance on the show Tanjug Li\u010dno by Jovana Mani\u0107 <a href=\"https:\/\/www.youtube.com\/watch?v=vhyuFvmACpk\" target=\"_blank\" rel=\"noopener\">How to create healthy habits?<\/a><\/p><p>IF I SPEAK OUT, Television K1 <a href=\"https:\/\/www.youtube.com\/watch?v=FlWKeJQUHc0&amp;t=2127s\" target=\"_blank\" rel=\"noopener\" data-wplink-edit=\"true\">Can we slow down aging process? Goca Tr\u017ean show IF I SPEAK OUT, Television K1<\/a><\/p><p>Tanjug TV \u2013 <a href=\"https:\/\/www.youtube.com\/watch?v=etVekV1xC18\" target=\"_blank\" rel=\"noopener\">How to beat the virus? <\/a><\/p><p>URANAK1 \u2013 <a href=\"https:\/\/www.youtube.com\/watch?v=qqaqb5W_XPs\" target=\"_blank\" rel=\"noopener\">Is it possible to lose weight in a healthy way, without the yo-yo effect?<\/a><\/p><p>EU Delegation in Serbia \u2013 <a href=\"https:\/\/www.youtube.com\/watch?v=pvgQ6vX-VoQ\" target=\"_blank\" rel=\"noopener\">Celebrating of World Health Day (April 7), organized by the EU Delegation in Serbia at the EU info center<\/a><\/p><p>TV Studio B \u2013 <a href=\"https:\/\/www.youtube.com\/watch?v=m69Jo3QHBWQ\" target=\"_blank\" rel=\"noopener\">The Burnout Syndrome prevention<\/a><\/p><p>TV Studio B \u2013 <a href=\"https:\/\/www.youtube.com\/watch?v=EGHZQcvfE58\" target=\"_blank\" rel=\"noopener\">FORMULA FOR A HEALTHY LIFE<\/a><\/p><p>Nadlanu.com \u2013 <a href=\"https:\/\/nadlanu.com\/481665\/integrativna-medicina-ubrzava-proces-lecenja-i-odrzava-zdravlje-na-zadovoljavajucem-nivou\/\" target=\"_blank\" rel=\"noopener\">Integrative medicine - accelerates the healing process and maintains health at a satisfactory level.<\/a><\/p><p>Diplomacy&amp;Commerce \u2013 <a href=\"http:\/\/www.diplomacyandcommerce.rs\/dusan-vesovic-specialist-in-occupational-medicine-and-doctor-of-integrative-medicine-our-goal-is-to-help-patients\/\" target=\"_blank\" rel=\"noopener\">DU\u0160AN VE\u0160OVI\u0106, Specialist in Occupational Medicine and Doctor of Integrative medicine \u2013 Our Goal is to Help Patients<\/a><\/p><p>Apotekarski glasnik no.1, page 24-26 \u2013 <a href=\"https:\/\/www.yumpu.com\/xx\/document\/read\/63519878\/apotekarski-glasnik-broj-1-jun-2020\" target=\"_blank\" rel=\"noopener\">Substances that damage the endocrine system and polycystic ovaries<\/a><\/p><p>Apotekarski glasnik no.2, page 24-26 \u2013 <a href=\"https:\/\/www.yumpu.com\/xx\/document\/read\/63942605\/apotekarski-glasnik-br-2\" target=\"_blank\" rel=\"noopener\">Electromagnetic radiation of mobile telephony and male sterility<\/a><\/p><p>Apotekarski glasnik no.3, page 26-29 \u2013 <a href=\"https:\/\/www.yumpu.com\/xx\/document\/read\/64506573\/apotekarski-glasnik-br-3\" target=\"_blank\" rel=\"noopener\">Has summer brought us enough of the powerful hormone and immunomodulator vitamin D?<\/a><\/p><p>Apotekarski glasnik no.4, page 26-29 \u2013 <a href=\"https:\/\/www.yumpu.com\/xx\/document\/read\/64969969\/apotekarski-glasnik-4\" target=\"_blank\" rel=\"noopener\">Integrative medicine - am I a patient for this type of treatment?<\/a><\/p><p>Apotekarski glasnik no.7, page 36-39 \u2013 <a href=\"https:\/\/www.yumpu.com\/xx\/document\/read\/65412376\/apotekarski-glasnik-br-7\" target=\"_blank\" rel=\"noopener\">Epidemic after epidemic - post-Covid-19 syndrome<\/a><\/p><p>URANAK1 \u2013 <a href=\"https:\/\/www.youtube.com\/watch?v=M5mk5m7BvkQ\" target=\"_blank\" rel=\"noopener\">Koliko dugo \u0107emo le\u010diti &#8222;postkovid&#8220; sindrom?<\/a><\/p>\t\t\t\t\t\t\t\t<\/div>\n\t\t\t\t<\/div>\n\t\t\t\t\t<\/div>\n\t\t\t\t<\/div>\n\t\t<div class=\"elementor-element elementor-element-1f49342b e-flex e-con-boxed e-con e-parent\" data-id=\"1f49342b\" data-element_type=\"container\" data-e-type=\"container\" data-settings=\"{&quot;background_background&quot;:&quot;classic&quot;}\">\n\t\t\t\t\t<div class=\"e-con-inner\">\n\t\t<div class=\"elementor-element elementor-element-61f9b866 e-flex e-con-boxed e-con e-child\" data-id=\"61f9b866\" data-element_type=\"container\" data-e-type=\"container\" data-settings=\"{&quot;background_background&quot;:&quot;classic&quot;}\">\n\t\t\t\t\t<div class=\"e-con-inner\">\n\t\t<div class=\"elementor-element elementor-element-2260795 e-con-full e-flex e-con e-child\" data-id=\"2260795\" data-element_type=\"container\" data-e-type=\"container\">\n\t\t\t\t<div class=\"elementor-element elementor-element-63dd71a2 elementor-widget elementor-widget-heading\" data-id=\"63dd71a2\" data-element_type=\"widget\" data-e-type=\"widget\" data-widget_type=\"heading.default\">\n\t\t\t\t<div class=\"elementor-widget-container\">\n\t\t\t\t\t<h2 class=\"elementor-heading-title elementor-size-default\">Schedule a consultation\n<\/h2>\t\t\t\t<\/div>\n\t\t\t\t<\/div>\n\t\t\t\t<div class=\"elementor-element elementor-element-70751663 elementor-widget elementor-widget-text-editor\" data-id=\"70751663\" data-element_type=\"widget\" data-e-type=\"widget\" data-widget_type=\"text-editor.default\">\n\t\t\t\t<div class=\"elementor-widget-container\">\n\t\t\t\t\t\t\t\t\t<p>It's time to apply The HEALTH FORMULA\u00ae protocol!!!<\/p>\t\t\t\t\t\t\t\t<\/div>\n\t\t\t\t<\/div>\n\t\t<div class=\"elementor-element elementor-element-20d72a2f e-con-full e-flex e-con e-child\" data-id=\"20d72a2f\" data-element_type=\"container\" data-e-type=\"container\">\n\t\t\t\t<div class=\"elementor-element elementor-element-1d0011fd elementor-widget elementor-widget-counter\" data-id=\"1d0011fd\" data-element_type=\"widget\" data-e-type=\"widget\" data-widget_type=\"counter.default\">\n\t\t\t\t<div class=\"elementor-widget-container\">\n\t\t\t\t\t\t\t<div class=\"elementor-counter\">\n\t\t\t<div class=\"elementor-counter-title\">Satisfied clients<\/div>\t\t\t<div class=\"elementor-counter-number-wrapper\">\n\t\t\t\t<span class=\"elementor-counter-number-prefix\"><\/span>\n\t\t\t\t<span class=\"elementor-counter-number\" data-duration=\"2000\" data-to-value=\"2500\" data-from-value=\"0\" data-delimiter=\",\">0<\/span>\n\t\t\t\t<span class=\"elementor-counter-number-suffix\">+<\/span>\n\t\t\t<\/div>\n\t\t<\/div>\n\t\t\t\t\t\t<\/div>\n\t\t\t\t<\/div>\n\t\t\t\t<div class=\"elementor-element elementor-element-18b2cd3 elementor-widget elementor-widget-counter\" data-id=\"18b2cd3\" data-element_type=\"widget\" data-e-type=\"widget\" data-widget_type=\"counter.default\">\n\t\t\t\t<div class=\"elementor-widget-container\">\n\t\t\t\t\t\t\t<div class=\"elementor-counter\">\n\t\t\t<div class=\"elementor-counter-title\">Years of experience<\/div>\t\t\t<div class=\"elementor-counter-number-wrapper\">\n\t\t\t\t<span class=\"elementor-counter-number-prefix\"><\/span>\n\t\t\t\t<span class=\"elementor-counter-number\" data-duration=\"2000\" data-to-value=\"30\" data-from-value=\"0\" data-delimiter=\",\">0<\/span>\n\t\t\t\t<span class=\"elementor-counter-number-suffix\">+<\/span>\n\t\t\t<\/div>\n\t\t<\/div>\n\t\t\t\t\t\t<\/div>\n\t\t\t\t<\/div>\n\t\t\t\t<div class=\"elementor-element elementor-element-1c811bab elementor-widget elementor-widget-counter\" data-id=\"1c811bab\" data-element_type=\"widget\" data-e-type=\"widget\" data-widget_type=\"counter.default\">\n\t\t\t\t<div class=\"elementor-widget-container\">\n\t\t\t\t\t\t\t<div class=\"elementor-counter\">\n\t\t\t<div class=\"elementor-counter-title\">Papers and publications<\/div>\t\t\t<div class=\"elementor-counter-number-wrapper\">\n\t\t\t\t<span class=\"elementor-counter-number-prefix\"><\/span>\n\t\t\t\t<span class=\"elementor-counter-number\" data-duration=\"2000\" data-to-value=\"320\" data-from-value=\"0\" data-delimiter=\",\">0<\/span>\n\t\t\t\t<span class=\"elementor-counter-number-suffix\">+<\/span>\n\t\t\t<\/div>\n\t\t<\/div>\n\t\t\t\t\t\t<\/div>\n\t\t\t\t<\/div>\n\t\t\t\t<\/div>\n\t\t\t\t<div class=\"elementor-element elementor-element-131c5a9a elementor-widget elementor-widget-button\" data-id=\"131c5a9a\" data-element_type=\"widget\" data-e-type=\"widget\" data-widget_type=\"button.default\">\n\t\t\t\t<div class=\"elementor-widget-container\">\n\t\t\t\t\t\t\t\t\t<div class=\"elementor-button-wrapper\">\n\t\t\t\t\t<a class=\"elementor-button elementor-button-link elementor-size-sm\" href=\"https:\/\/formulazdravlja.com\/en\/kontakt\/\">\n\t\t\t\t\t\t<span class=\"elementor-button-content-wrapper\">\n\t\t\t\t\t\t<span class=\"elementor-button-icon\">\n\t\t\t\t<svg xmlns=\"http:\/\/www.w3.org\/2000\/svg\" viewbox=\"0 0 24 24\"><path fill-rule=\"evenodd\" d=\"M24 0v22.78h-2.87V4.9L2.03 24 0 21.97l19.1-19.1H1.26V0H24Z\"><\/path><\/svg>\t\t\t<\/span>\n\t\t\t\t\t\t\t\t\t<span class=\"elementor-button-text\">Send us a message<\/span>\n\t\t\t\t\t<\/span>\n\t\t\t\t\t<\/a>\n\t\t\t\t<\/div>\n\t\t\t\t\t\t\t\t<\/div>\n\t\t\t\t<\/div>\n\t\t\t\t<\/div>\n\t\t\t\t<div class=\"elementor-element elementor-element-6637681d elementor-widget__width-initial elementor-widget elementor-widget-image\" data-id=\"6637681d\" data-element_type=\"widget\" data-e-type=\"widget\" data-widget_type=\"image.default\">\n\t\t\t\t<div class=\"elementor-widget-container\">\n\t\t\t\t\t\t\t\t\t\t\t\t\t\t\t<img decoding=\"async\" width=\"544\" height=\"288\" src=\"https:\/\/formulazdravlja.com\/wp-content\/uploads\/2024\/10\/jabuka.png\" class=\"attachment-full size-full wp-image-1753\" alt=\"\" srcset=\"https:\/\/formulazdravlja.com\/wp-content\/uploads\/2024\/10\/jabuka.png 544w, https:\/\/formulazdravlja.com\/wp-content\/uploads\/2024\/10\/jabuka-300x159.png 300w\" sizes=\"(max-width: 544px) 100vw, 544px\" \/>\t\t\t\t\t\t\t\t\t\t\t\t\t\t\t<\/div>\n\t\t\t\t<\/div>\n\t\t\t\t\t<\/div>\n\t\t\t\t<\/div>\n\t\t\t\t\t<\/div>\n\t\t\t\t<\/div>\n\t\t\t\t<\/div>","protected":false},"excerpt":{"rendered":"<p>Prof. dr Du\u0161an Ve\u0161ovi\u0107 u medijima: Blic TV &#8211; Kako da postimo, a da ne ugrozimo zdravlje i imunitet: Dr Du\u0161an Ve\u0161ovi\u0107 o zamkana posne hrane K1 Televizija &#8211; Gostovanje u emisiji &#8222;\u017dena za sva vremena&#8220; &#8211;Kako oja\u010dati imunitet i za\u0161tititi se od virusa? TV Tanjug &#8211; Gostovanje u emisiji &#8222;Recept za zdravlje &#8220; &#8211;Novogodi\u0161nje [&hellip;]<\/p>\n","protected":false},"author":1,"featured_media":0,"parent":0,"menu_order":0,"comment_status":"closed","ping_status":"closed","template":"","meta":{"footnotes":""},"class_list":["post-2014","page","type-page","status-publish","hentry"],"blocksy_meta":{"has_hero_section":"disabled","vertical_spacing_source":"custom","content_area_spacing":"none","styles_descriptor":{"styles":{"desktop":"","tablet":"","mobile":""},"google_fonts":[],"version":6}},"_links":{"self":[{"href":"https:\/\/formulazdravlja.com\/en\/wp-json\/wp\/v2\/pages\/2014","targetHints":{"allow":["GET"]}}],"collection":[{"href":"https:\/\/formulazdravlja.com\/en\/wp-json\/wp\/v2\/pages"}],"about":[{"href":"https:\/\/formulazdravlja.com\/en\/wp-json\/wp\/v2\/types\/page"}],"author":[{"embeddable":true,"href":"https:\/\/formulazdravlja.com\/en\/wp-json\/wp\/v2\/users\/1"}],"replies":[{"embeddable":true,"href":"https:\/\/formulazdravlja.com\/en\/wp-json\/wp\/v2\/comments?post=2014"}],"version-history":[{"count":112,"href":"https:\/\/formulazdravlja.com\/en\/wp-json\/wp\/v2\/pages\/2014\/revisions"}],"predecessor-version":[{"id":3800,"href":"https:\/\/formulazdravlja.com\/en\/wp-json\/wp\/v2\/pages\/2014\/revisions\/3800"}],"wp:attachment":[{"href":"https:\/\/formulazdravlja.com\/en\/wp-json\/wp\/v2\/media?parent=2014"}],"curies":[{"name":"wp","href":"https:\/\/api.w.org\/{rel}","templated":true}]}}