{"id":2042,"date":"2024-10-28T15:49:12","date_gmt":"2024-10-28T14:49:12","guid":{"rendered":"https:\/\/formulazdravlja.com\/?page_id=2042"},"modified":"2024-11-25T08:28:29","modified_gmt":"2024-11-25T07:28:29","slug":"prokol-formula-zdravlja","status":"publish","type":"page","link":"https:\/\/formulazdravlja.com\/en\/prokol-formula-zdravlja\/","title":{"rendered":"The HEALTH FORMULA Protocol"},"content":{"rendered":"<div data-elementor-type=\"wp-page\" data-elementor-id=\"2042\" class=\"elementor elementor-2042\">\n\t\t\t\t<div class=\"elementor-element elementor-element-21fc403 e-flex e-con-boxed e-con e-parent\" data-id=\"21fc403\" data-element_type=\"container\" data-e-type=\"container\">\n\t\t\t\t\t<div class=\"e-con-inner\">\n\t\t<div class=\"elementor-element elementor-element-3b99d1b e-flex e-con-boxed e-con e-child\" data-id=\"3b99d1b\" data-element_type=\"container\" data-e-type=\"container\" data-settings=\"{&quot;background_background&quot;:&quot;classic&quot;}\">\n\t\t\t\t\t<div class=\"e-con-inner\">\n\t\t<div class=\"elementor-element elementor-element-808fb92 e-con-full e-flex e-con e-child\" data-id=\"808fb92\" data-element_type=\"container\" data-e-type=\"container\">\n\t\t\t\t<div class=\"elementor-element elementor-element-69e14f5 elementor-invisible elementor-widget elementor-widget-heading\" data-id=\"69e14f5\" data-element_type=\"widget\" data-e-type=\"widget\" data-settings=\"{&quot;_animation&quot;:&quot;zoomIn&quot;}\" data-widget_type=\"heading.default\">\n\t\t\t\t<div class=\"elementor-widget-container\">\n\t\t\t\t\t<h2 class=\"elementor-heading-title elementor-size-default\">The HEALTH FORMULA Protocol<\/h2>\t\t\t\t<\/div>\n\t\t\t\t<\/div>\n\t\t\t\t<div class=\"elementor-element elementor-element-dcb2351 elementor-invisible elementor-widget elementor-widget-heading\" data-id=\"dcb2351\" data-element_type=\"widget\" data-e-type=\"widget\" data-settings=\"{&quot;_animation&quot;:&quot;zoomIn&quot;}\" data-widget_type=\"heading.default\">\n\t\t\t\t<div class=\"elementor-widget-container\">\n\t\t\t\t\t<h2 class=\"elementor-heading-title elementor-size-default\">What does The HEALTH FORMULA protocol look like?<\/h2>\t\t\t\t<\/div>\n\t\t\t\t<\/div>\n\t\t\t\t<div class=\"elementor-element elementor-element-7fca67a elementor-widget__width-initial elementor-widget elementor-widget-text-editor\" data-id=\"7fca67a\" data-element_type=\"widget\" data-e-type=\"widget\" data-widget_type=\"text-editor.default\">\n\t\t\t\t<div class=\"elementor-widget-container\">\n\t\t\t\t\t\t\t\t\t<p>A method of applied kinesiology known as muscle testing is used. The test can be performed by using big or small muscles of human body. The most suitable for use are the small muscles of fingers. This method is used to reveal where the functional imbalance in the body is present. That imbalance may or may not be accompanied with symptoms a person may feel.<\/p><p>During a test, the examiner asks the patients questions related to the possible health complaints that they may have and which can be related to an imbalance in the function of an organ or a system of organs. A very common situation in clinical practice is that a patient has health complaints and symptoms, but the laboratory analysis reveals no abnormal changes. The explanation for such a situation is given in <a href=\"https:\/\/formulazdravlja.com\/en\/knjiga-formula-zdravlja\/\">The HEALTH FORMULA book<\/a>).<\/p>\t\t\t\t\t\t\t\t<\/div>\n\t\t\t\t<\/div>\n\t\t\t\t<\/div>\n\t\t<div class=\"elementor-element elementor-element-ee88ee0 e-con-full e-flex e-con e-child\" data-id=\"ee88ee0\" data-element_type=\"container\" data-e-type=\"container\">\n\t\t\t\t<div class=\"elementor-element elementor-element-876b21e elementor-widget elementor-widget-image\" data-id=\"876b21e\" data-element_type=\"widget\" data-e-type=\"widget\" data-widget_type=\"image.default\">\n\t\t\t\t<div class=\"elementor-widget-container\">\n\t\t\t\t\t\t\t\t\t\t\t\t\t\t\t<img fetchpriority=\"high\" decoding=\"async\" width=\"600\" height=\"400\" src=\"https:\/\/formulazdravlja.com\/wp-content\/uploads\/2024\/10\/vesovic_protokol.jpg\" class=\"attachment-large size-large wp-image-2046\" alt=\"\" srcset=\"https:\/\/formulazdravlja.com\/wp-content\/uploads\/2024\/10\/vesovic_protokol.jpg 600w, https:\/\/formulazdravlja.com\/wp-content\/uploads\/2024\/10\/vesovic_protokol-300x200.jpg 300w\" sizes=\"(max-width: 600px) 100vw, 600px\" \/>\t\t\t\t\t\t\t\t\t\t\t\t\t\t\t<\/div>\n\t\t\t\t<\/div>\n\t\t\t\t<\/div>\n\t\t\t\t\t<\/div>\n\t\t\t\t<\/div>\n\t\t\t\t\t<\/div>\n\t\t\t\t<\/div>\n\t\t<div class=\"elementor-element elementor-element-27a9fdd e-flex e-con-boxed e-con e-parent\" data-id=\"27a9fdd\" data-element_type=\"container\" data-e-type=\"container\">\n\t\t\t\t\t<div class=\"e-con-inner\">\n\t\t\t\t<div class=\"elementor-element elementor-element-82b6b47 elementor-widget elementor-widget-text-editor\" data-id=\"82b6b47\" data-element_type=\"widget\" data-e-type=\"widget\" data-widget_type=\"text-editor.default\">\n\t\t\t\t<div class=\"elementor-widget-container\">\n\t\t\t\t\t\t\t\t\t<p>Also, muscle testing can give more answers related to food intolerance, as well as to the use of certain dietary supplements for each patient (personalization of treatment!).<\/p><p>Following this test, some additional diagnostic procedures are suggested if necessary (such as an ultrasound examination, laboratory analysis\u2026). The importance and meaning of this analysis are explained to the patient after it has been conducted.<\/p><p>In this way, a completely personalized and holistic approach to patient treatment is created (in terms of diet and dietary supplement intake; an explanation is provided in <a href=\"https:\/\/formulazdravlja.com\/en\/knjiga-formula-zdravlja\/\">The HEALTH FORMULA book<\/a>)<\/p>\t\t\t\t\t\t\t\t<\/div>\n\t\t\t\t<\/div>\n\t\t\t\t\t<\/div>\n\t\t\t\t<\/div>\n\t\t<div class=\"elementor-element elementor-element-559cb2b e-flex e-con-boxed e-con e-parent\" data-id=\"559cb2b\" data-element_type=\"container\" data-e-type=\"container\">\n\t\t\t\t\t<div class=\"e-con-inner\">\n\t\t\t\t<div class=\"elementor-element elementor-element-c477536 elementor-invisible elementor-widget elementor-widget-heading\" data-id=\"c477536\" data-element_type=\"widget\" data-e-type=\"widget\" data-settings=\"{&quot;_animation&quot;:&quot;zoomIn&quot;}\" data-widget_type=\"heading.default\">\n\t\t\t\t<div class=\"elementor-widget-container\">\n\t\t\t\t\t<h2 class=\"elementor-heading-title elementor-size-default\">Are the consultations painful or can they be harmful?<\/h2>\t\t\t\t<\/div>\n\t\t\t\t<\/div>\n\t\t\t\t<div class=\"elementor-element elementor-element-f11f66c elementor-widget elementor-widget-text-editor\" data-id=\"f11f66c\" data-element_type=\"widget\" data-e-type=\"widget\" data-widget_type=\"text-editor.default\">\n\t\t\t\t<div class=\"elementor-widget-container\">\n\t\t\t\t\t\t\t\t\t<p>Consultations are completely non-invasive, do not hurt and do not cause any pain or discomfort to the subject.<\/p>\t\t\t\t\t\t\t\t<\/div>\n\t\t\t\t<\/div>\n\t\t\t\t\t<\/div>\n\t\t\t\t<\/div>\n\t\t<div class=\"elementor-element elementor-element-6e52df9 e-flex e-con-boxed e-con e-parent\" data-id=\"6e52df9\" data-element_type=\"container\" data-e-type=\"container\">\n\t\t\t\t\t<div class=\"e-con-inner\">\n\t\t\t\t<div class=\"elementor-element elementor-element-adc7bee elementor-invisible elementor-widget elementor-widget-heading\" data-id=\"adc7bee\" data-element_type=\"widget\" data-e-type=\"widget\" data-settings=\"{&quot;_animation&quot;:&quot;zoomIn&quot;}\" data-widget_type=\"heading.default\">\n\t\t\t\t<div class=\"elementor-widget-container\">\n\t\t\t\t\t<h2 class=\"elementor-heading-title elementor-size-default\">How long does the first consultation last?<\/h2>\t\t\t\t<\/div>\n\t\t\t\t<\/div>\n\t\t\t\t<div class=\"elementor-element elementor-element-13a8ab9 elementor-widget elementor-widget-text-editor\" data-id=\"13a8ab9\" data-element_type=\"widget\" data-e-type=\"widget\" data-widget_type=\"text-editor.default\">\n\t\t\t\t<div class=\"elementor-widget-container\">\n\t\t\t\t\t\t\t\t\t<p>The first consultation lasts one hour.<\/p>\t\t\t\t\t\t\t\t<\/div>\n\t\t\t\t<\/div>\n\t\t\t\t\t<\/div>\n\t\t\t\t<\/div>\n\t\t<div class=\"elementor-element elementor-element-4ba0c26 e-flex e-con-boxed e-con e-parent\" data-id=\"4ba0c26\" data-element_type=\"container\" data-e-type=\"container\">\n\t\t\t\t\t<div class=\"e-con-inner\">\n\t\t\t\t<div class=\"elementor-element elementor-element-bf9db34 elementor-invisible elementor-widget elementor-widget-heading\" data-id=\"bf9db34\" data-element_type=\"widget\" data-e-type=\"widget\" data-settings=\"{&quot;_animation&quot;:&quot;zoomIn&quot;}\" data-widget_type=\"heading.default\">\n\t\t\t\t<div class=\"elementor-widget-container\">\n\t\t\t\t\t<h2 class=\"elementor-heading-title elementor-size-default\">Is it necessary to bring medical documentation?<\/h2>\t\t\t\t<\/div>\n\t\t\t\t<\/div>\n\t\t\t\t<div class=\"elementor-element elementor-element-b9f32d3 elementor-widget elementor-widget-text-editor\" data-id=\"b9f32d3\" data-element_type=\"widget\" data-e-type=\"widget\" data-widget_type=\"text-editor.default\">\n\t\t\t\t<div class=\"elementor-widget-container\">\n\t\t\t\t\t\t\t\t\t<p>If the patient has medical documentation, including laboratory analyses, it is recommended to bring them to consultation. If some additional analyses are recommended, the patient will be informed of that during the consultation.<\/p>\t\t\t\t\t\t\t\t<\/div>\n\t\t\t\t<\/div>\n\t\t\t\t\t<\/div>\n\t\t\t\t<\/div>\n\t\t<div class=\"elementor-element elementor-element-b7e9816 e-flex e-con-boxed e-con e-parent\" data-id=\"b7e9816\" data-element_type=\"container\" data-e-type=\"container\">\n\t\t\t\t\t<div class=\"e-con-inner\">\n\t\t\t\t<div class=\"elementor-element elementor-element-d261264 elementor-invisible elementor-widget elementor-widget-heading\" data-id=\"d261264\" data-element_type=\"widget\" data-e-type=\"widget\" data-settings=\"{&quot;_animation&quot;:&quot;zoomIn&quot;}\" data-widget_type=\"heading.default\">\n\t\t\t\t<div class=\"elementor-widget-container\">\n\t\t\t\t\t<h2 class=\"elementor-heading-title elementor-size-default\">What does the treatment look like?<\/h2>\t\t\t\t<\/div>\n\t\t\t\t<\/div>\n\t\t\t\t<div class=\"elementor-element elementor-element-649c33d elementor-widget elementor-widget-text-editor\" data-id=\"649c33d\" data-element_type=\"widget\" data-e-type=\"widget\" data-widget_type=\"text-editor.default\">\n\t\t\t\t<div class=\"elementor-widget-container\">\n\t\t\t\t\t\t\t\t\t<p>The treatment consists of three phases.<\/p><p><b>Phase I<\/b> it prepares the body for further treatment. During the first phase, the body needs to be detoxified. The detoxification process consists of taking a proper amount of water, pursuing a diet, and taking supplements. A person receives a list of foods that are allowed for consumption and also of those that they are not allowed to eat. The supplements that clean the body are recommended and the use of those supplements is completely personalized (based on muscle testing). It is in this phase of the protocol that a person is expected to take the highest amount of supplements. Additionally, one needs to respect other elements of protocol described in The HEALTH FORMULA, such as going to bed at a proper time, pursuing physical activities, taking preventive measures against the harmful effects of electromagnetic irradiation coming from different sources etc.<\/p><p>Phase I lasts 2 to 3 weeks. In this phase of the protocol, you will feel that energy is coming back to your body and mind; you will be more energized, have better focus and stamina. You will sleep better, you will have no indigestion problems, your belly will be flattened, your legs will not be swollen anymore...<\/p><p><b>Phase II<\/b> after 2 to 3 weeks of maintaining the protocol, the patient is scheduled for the first check-up consultation. During this control check-up, the patient is asked how s\/he feels and how s\/he has maintained the first phase of the protocol. During this check-up, new supplements are defined for the patient. These supplements will help the patient completely restore the biochemistry and metabolism within all the cells in their body, which are now clean from toxins and heavy metals. The identification of the proper supplements that are recommended for use is performed by muscle testing (therefore, each person receives their own combination).<\/p><p>During this phase, you will feel further improvement of overall health and quality of life. You will become more energetic, you will feel satisfaction and happiness while being in your own body, your face will become more clean, your skin will become more beautiful, your sex drive will increase, your ability to work will improve, etc.<\/p><p>During this phase, the body weight regulation starts. This procedure as well is personalized, meaning that each subject receives a tailor-made diet according to their body composition and the goals we set on check-up (e.g. one patient needs to build up their muscles, another needs to reduce fat, the third one needs to build up their muscles and reduce a fat at the same time...). An explanation why a vast majority of nutrition plans are not sufficient is given in The HEALTH FORMULA book.<\/p><p>During this phase, fewer supplements are to be taken than in phase I, because the body has already started to restore its balance.<\/p><p>During the <b>Phase III<\/b> fine regulation of body function continues during this phase. During this phase, the fewest number of supplements are expected to be taken.<\/p><p>Practically, the protocol lasts three months. If imbalance in body is huge, it is normal to recommend further check-up consultations on a monthly basis. If your body restores its balance (and you feel no health complaints), it is suggested that you should attend a check-up every 3-4 months. In that way we will act in order to prevent body imbalance and health problems resulting therefrom.<\/p><p>As the author of The HEALTH FORMULA protocol, I expect you to learn and maintain healthy living habits continuously. Should you resume the \u201ebad habits\u201c, you can expect them to affect your health accordingly.<\/p><p>It is recommended to continuously apply all the elements you have learnt from The HEALTH FORMULA, except the use of the dietary supplements (this should be under the supervision of health professionals).<\/p><p>By using The HEALTH FORMULA protocol, you will significantly improve your health. Your experience may help people around you and make them embrace the good life habits you have acquired, thus exerting a positive influence on their life and health.<\/p>\t\t\t\t\t\t\t\t<\/div>\n\t\t\t\t<\/div>\n\t\t\t\t\t<\/div>\n\t\t\t\t<\/div>\n\t\t<div class=\"elementor-element elementor-element-b3dc884 e-flex e-con-boxed e-con e-parent\" data-id=\"b3dc884\" data-element_type=\"container\" data-e-type=\"container\">\n\t\t\t\t\t<div class=\"e-con-inner\">\n\t\t\t\t<div class=\"elementor-element elementor-element-47e1753 elementor-invisible elementor-widget elementor-widget-heading\" data-id=\"47e1753\" data-element_type=\"widget\" data-e-type=\"widget\" data-settings=\"{&quot;_animation&quot;:&quot;zoomIn&quot;}\" data-widget_type=\"heading.default\">\n\t\t\t\t<div class=\"elementor-widget-container\">\n\t\t\t\t\t<h2 class=\"elementor-heading-title elementor-size-default\">How often do I need to attend control check-ups?<\/h2>\t\t\t\t<\/div>\n\t\t\t\t<\/div>\n\t\t\t\t<div class=\"elementor-element elementor-element-730a489 elementor-widget elementor-widget-text-editor\" data-id=\"730a489\" data-element_type=\"widget\" data-e-type=\"widget\" data-widget_type=\"text-editor.default\">\n\t\t\t\t<div class=\"elementor-widget-container\">\n\t\t\t\t\t\t\t\t\t<p>The first check-up should be scheduled two to three weeks after the beginning of the treatment. The following check-ups should take place on a monthly basis.<\/p><p>The control check-up should be maintained as long as the body requires in order to restore its state of balance . The longer the period of body devastation, the longer the period of recovery is.<\/p>\t\t\t\t\t\t\t\t<\/div>\n\t\t\t\t<\/div>\n\t\t\t\t\t<\/div>\n\t\t\t\t<\/div>\n\t\t<div class=\"elementor-element elementor-element-0d3db1b e-flex e-con-boxed e-con e-parent\" data-id=\"0d3db1b\" data-element_type=\"container\" data-e-type=\"container\">\n\t\t\t\t\t<div class=\"e-con-inner\">\n\t\t\t\t<div class=\"elementor-element elementor-element-847d260 elementor-invisible elementor-widget elementor-widget-heading\" data-id=\"847d260\" data-element_type=\"widget\" data-e-type=\"widget\" data-settings=\"{&quot;_animation&quot;:&quot;zoomIn&quot;}\" data-widget_type=\"heading.default\">\n\t\t\t\t<div class=\"elementor-widget-container\">\n\t\t\t\t\t<h2 class=\"elementor-heading-title elementor-size-default\">How long does a control check-up consultation last?<\/h2>\t\t\t\t<\/div>\n\t\t\t\t<\/div>\n\t\t\t\t<div class=\"elementor-element elementor-element-5aa8f37 elementor-widget elementor-widget-text-editor\" data-id=\"5aa8f37\" data-element_type=\"widget\" data-e-type=\"widget\" data-widget_type=\"text-editor.default\">\n\t\t\t\t<div class=\"elementor-widget-container\">\n\t\t\t\t\t\t\t\t\t<p>A check-up consultation lasts half an hour.<\/p>\t\t\t\t\t\t\t\t<\/div>\n\t\t\t\t<\/div>\n\t\t\t\t\t<\/div>\n\t\t\t\t<\/div>\n\t\t<div class=\"elementor-element elementor-element-469d2fe e-flex e-con-boxed e-con e-parent\" data-id=\"469d2fe\" data-element_type=\"container\" data-e-type=\"container\">\n\t\t\t\t\t<div class=\"e-con-inner\">\n\t\t\t\t<div class=\"elementor-element elementor-element-9fd2db7 elementor-invisible elementor-widget elementor-widget-heading\" data-id=\"9fd2db7\" data-element_type=\"widget\" data-e-type=\"widget\" data-settings=\"{&quot;_animation&quot;:&quot;zoomIn&quot;}\" data-widget_type=\"heading.default\">\n\t\t\t\t<div class=\"elementor-widget-container\">\n\t\t\t\t\t<h2 class=\"elementor-heading-title elementor-size-default\">Who can undergo this protocol?<\/h2>\t\t\t\t<\/div>\n\t\t\t\t<\/div>\n\t\t\t\t<div class=\"elementor-element elementor-element-661a6b2 elementor-widget elementor-widget-text-editor\" data-id=\"661a6b2\" data-element_type=\"widget\" data-e-type=\"widget\" data-widget_type=\"text-editor.default\">\n\t\t\t\t<div class=\"elementor-widget-container\">\n\t\t\t\t\t\t\t\t\t<p>It is not the disease, but the person, that is treated with this approach.<\/p><p>Therefore, the approach is meant for anyone, regardless of their current health status, age and gender.<\/p><p>By using this protocol, healthy people will remain healthy and improve their health further, while those who are ill will get well more quickly (if applying this approach concomitantly with the drug therapy they have been already taking).<\/p>\t\t\t\t\t\t\t\t<\/div>\n\t\t\t\t<\/div>\n\t\t\t\t\t<\/div>\n\t\t\t\t<\/div>\n\t\t<div class=\"elementor-element elementor-element-1f49342b e-flex e-con-boxed e-con e-parent\" data-id=\"1f49342b\" data-element_type=\"container\" data-e-type=\"container\" data-settings=\"{&quot;background_background&quot;:&quot;classic&quot;}\">\n\t\t\t\t\t<div class=\"e-con-inner\">\n\t\t<div class=\"elementor-element elementor-element-61f9b866 e-flex e-con-boxed e-con e-child\" data-id=\"61f9b866\" data-element_type=\"container\" data-e-type=\"container\" data-settings=\"{&quot;background_background&quot;:&quot;classic&quot;}\">\n\t\t\t\t\t<div class=\"e-con-inner\">\n\t\t<div class=\"elementor-element elementor-element-2260795 e-con-full e-flex e-con e-child\" data-id=\"2260795\" data-element_type=\"container\" data-e-type=\"container\">\n\t\t\t\t<div class=\"elementor-element elementor-element-63dd71a2 elementor-widget elementor-widget-heading\" data-id=\"63dd71a2\" data-element_type=\"widget\" data-e-type=\"widget\" data-widget_type=\"heading.default\">\n\t\t\t\t<div class=\"elementor-widget-container\">\n\t\t\t\t\t<h2 class=\"elementor-heading-title elementor-size-default\">Schedule a consultation\n<\/h2>\t\t\t\t<\/div>\n\t\t\t\t<\/div>\n\t\t\t\t<div class=\"elementor-element elementor-element-70751663 elementor-widget elementor-widget-text-editor\" data-id=\"70751663\" data-element_type=\"widget\" data-e-type=\"widget\" data-widget_type=\"text-editor.default\">\n\t\t\t\t<div class=\"elementor-widget-container\">\n\t\t\t\t\t\t\t\t\t<p>It's time to apply The HEALTH FORMULA\u00ae protocol!!!<\/p>\t\t\t\t\t\t\t\t<\/div>\n\t\t\t\t<\/div>\n\t\t<div class=\"elementor-element elementor-element-20d72a2f e-con-full e-flex e-con e-child\" data-id=\"20d72a2f\" data-element_type=\"container\" data-e-type=\"container\">\n\t\t\t\t<div class=\"elementor-element elementor-element-1d0011fd elementor-widget elementor-widget-counter\" data-id=\"1d0011fd\" data-element_type=\"widget\" data-e-type=\"widget\" data-widget_type=\"counter.default\">\n\t\t\t\t<div class=\"elementor-widget-container\">\n\t\t\t\t\t\t\t<div class=\"elementor-counter\">\n\t\t\t<div class=\"elementor-counter-title\">Satisfied clients<\/div>\t\t\t<div class=\"elementor-counter-number-wrapper\">\n\t\t\t\t<span class=\"elementor-counter-number-prefix\"><\/span>\n\t\t\t\t<span class=\"elementor-counter-number\" data-duration=\"2000\" data-to-value=\"2500\" data-from-value=\"0\" data-delimiter=\",\">0<\/span>\n\t\t\t\t<span class=\"elementor-counter-number-suffix\">+<\/span>\n\t\t\t<\/div>\n\t\t<\/div>\n\t\t\t\t\t\t<\/div>\n\t\t\t\t<\/div>\n\t\t\t\t<div class=\"elementor-element elementor-element-18b2cd3 elementor-widget elementor-widget-counter\" data-id=\"18b2cd3\" data-element_type=\"widget\" data-e-type=\"widget\" data-widget_type=\"counter.default\">\n\t\t\t\t<div class=\"elementor-widget-container\">\n\t\t\t\t\t\t\t<div class=\"elementor-counter\">\n\t\t\t<div class=\"elementor-counter-title\">Years of experience<\/div>\t\t\t<div class=\"elementor-counter-number-wrapper\">\n\t\t\t\t<span class=\"elementor-counter-number-prefix\"><\/span>\n\t\t\t\t<span class=\"elementor-counter-number\" data-duration=\"2000\" data-to-value=\"30\" data-from-value=\"0\" data-delimiter=\",\">0<\/span>\n\t\t\t\t<span class=\"elementor-counter-number-suffix\">+<\/span>\n\t\t\t<\/div>\n\t\t<\/div>\n\t\t\t\t\t\t<\/div>\n\t\t\t\t<\/div>\n\t\t\t\t<div class=\"elementor-element elementor-element-1c811bab elementor-widget elementor-widget-counter\" data-id=\"1c811bab\" data-element_type=\"widget\" data-e-type=\"widget\" data-widget_type=\"counter.default\">\n\t\t\t\t<div class=\"elementor-widget-container\">\n\t\t\t\t\t\t\t<div class=\"elementor-counter\">\n\t\t\t<div class=\"elementor-counter-title\">Papers and publications<\/div>\t\t\t<div class=\"elementor-counter-number-wrapper\">\n\t\t\t\t<span class=\"elementor-counter-number-prefix\"><\/span>\n\t\t\t\t<span class=\"elementor-counter-number\" data-duration=\"2000\" data-to-value=\"320\" data-from-value=\"0\" data-delimiter=\",\">0<\/span>\n\t\t\t\t<span class=\"elementor-counter-number-suffix\">+<\/span>\n\t\t\t<\/div>\n\t\t<\/div>\n\t\t\t\t\t\t<\/div>\n\t\t\t\t<\/div>\n\t\t\t\t<\/div>\n\t\t\t\t<div class=\"elementor-element elementor-element-131c5a9a elementor-widget elementor-widget-button\" data-id=\"131c5a9a\" data-element_type=\"widget\" data-e-type=\"widget\" data-widget_type=\"button.default\">\n\t\t\t\t<div class=\"elementor-widget-container\">\n\t\t\t\t\t\t\t\t\t<div class=\"elementor-button-wrapper\">\n\t\t\t\t\t<a class=\"elementor-button elementor-button-link elementor-size-sm\" href=\"https:\/\/formulazdravlja.com\/en\/kontakt\/\">\n\t\t\t\t\t\t<span class=\"elementor-button-content-wrapper\">\n\t\t\t\t\t\t<span class=\"elementor-button-icon\">\n\t\t\t\t<svg xmlns=\"http:\/\/www.w3.org\/2000\/svg\" viewbox=\"0 0 24 24\"><path fill-rule=\"evenodd\" d=\"M24 0v22.78h-2.87V4.9L2.03 24 0 21.97l19.1-19.1H1.26V0H24Z\"><\/path><\/svg>\t\t\t<\/span>\n\t\t\t\t\t\t\t\t\t<span class=\"elementor-button-text\">Send us a message<\/span>\n\t\t\t\t\t<\/span>\n\t\t\t\t\t<\/a>\n\t\t\t\t<\/div>\n\t\t\t\t\t\t\t\t<\/div>\n\t\t\t\t<\/div>\n\t\t\t\t<\/div>\n\t\t\t\t<div class=\"elementor-element elementor-element-6637681d elementor-widget__width-initial elementor-widget elementor-widget-image\" data-id=\"6637681d\" data-element_type=\"widget\" data-e-type=\"widget\" data-widget_type=\"image.default\">\n\t\t\t\t<div class=\"elementor-widget-container\">\n\t\t\t\t\t\t\t\t\t\t\t\t\t\t\t<img decoding=\"async\" width=\"544\" height=\"288\" src=\"https:\/\/formulazdravlja.com\/wp-content\/uploads\/2024\/10\/jabuka.png\" class=\"attachment-full size-full wp-image-1753\" alt=\"\" srcset=\"https:\/\/formulazdravlja.com\/wp-content\/uploads\/2024\/10\/jabuka.png 544w, https:\/\/formulazdravlja.com\/wp-content\/uploads\/2024\/10\/jabuka-300x159.png 300w\" sizes=\"(max-width: 544px) 100vw, 544px\" \/>\t\t\t\t\t\t\t\t\t\t\t\t\t\t\t<\/div>\n\t\t\t\t<\/div>\n\t\t\t\t\t<\/div>\n\t\t\t\t<\/div>\n\t\t\t\t\t<\/div>\n\t\t\t\t<\/div>\n\t\t\t\t<\/div>","protected":false},"excerpt":{"rendered":"<p>Protokol FORMULA ZDRAVLJA Kako izgleda protokol FORMULA ZDRAVLJA? Koristi se metoda primenjene kineziologije (engl. applied kinesiology) koja se zove mi\u0161i\u0107ni test (engl. muscle testing). Test se mo\u017ee sprovoditi velikim ili malim mi\u0161i\u0107ima (naj\u010de\u0161\u0107e se koriste mi\u0161i\u0107i prstiju \u0161ake). Ovom metodom se ne utvr\u0111uje dijagnoza, ve\u0107 zone tela u kojima postoji funkcionalni disbalans i koji mo\u017ee [&hellip;]<\/p>\n","protected":false},"author":1,"featured_media":0,"parent":0,"menu_order":0,"comment_status":"closed","ping_status":"closed","template":"","meta":{"footnotes":""},"class_list":["post-2042","page","type-page","status-publish","hentry"],"blocksy_meta":{"has_hero_section":"disabled","vertical_spacing_source":"custom","content_area_spacing":"none","styles_descriptor":{"styles":{"desktop":"","tablet":"","mobile":""},"google_fonts":[],"version":6}},"_links":{"self":[{"href":"https:\/\/formulazdravlja.com\/en\/wp-json\/wp\/v2\/pages\/2042","targetHints":{"allow":["GET"]}}],"collection":[{"href":"https:\/\/formulazdravlja.com\/en\/wp-json\/wp\/v2\/pages"}],"about":[{"href":"https:\/\/formulazdravlja.com\/en\/wp-json\/wp\/v2\/types\/page"}],"author":[{"embeddable":true,"href":"https:\/\/formulazdravlja.com\/en\/wp-json\/wp\/v2\/users\/1"}],"replies":[{"embeddable":true,"href":"https:\/\/formulazdravlja.com\/en\/wp-json\/wp\/v2\/comments?post=2042"}],"version-history":[{"count":26,"href":"https:\/\/formulazdravlja.com\/en\/wp-json\/wp\/v2\/pages\/2042\/revisions"}],"predecessor-version":[{"id":2788,"href":"https:\/\/formulazdravlja.com\/en\/wp-json\/wp\/v2\/pages\/2042\/revisions\/2788"}],"wp:attachment":[{"href":"https:\/\/formulazdravlja.com\/en\/wp-json\/wp\/v2\/media?parent=2042"}],"curies":[{"name":"wp","href":"https:\/\/api.w.org\/{rel}","templated":true}]}}