{"id":2426,"date":"2024-10-30T12:01:48","date_gmt":"2024-10-30T11:01:48","guid":{"rendered":"https:\/\/formulazdravlja.com\/?page_id=2426"},"modified":"2024-11-18T15:10:04","modified_gmt":"2024-11-18T14:10:04","slug":"menadzerski-stres","status":"publish","type":"page","link":"https:\/\/formulazdravlja.com\/en\/menadzerski-stres\/","title":{"rendered":"The Burnout Syndrome"},"content":{"rendered":"<div data-elementor-type=\"wp-page\" data-elementor-id=\"2426\" class=\"elementor elementor-2426\">\n\t\t\t\t<div class=\"elementor-element elementor-element-21fc403 e-flex e-con-boxed e-con e-parent\" data-id=\"21fc403\" data-element_type=\"container\" data-e-type=\"container\">\n\t\t\t\t\t<div class=\"e-con-inner\">\n\t\t<div class=\"elementor-element elementor-element-3b99d1b e-flex e-con-boxed e-con e-child\" data-id=\"3b99d1b\" data-element_type=\"container\" data-e-type=\"container\" data-settings=\"{&quot;background_background&quot;:&quot;classic&quot;}\">\n\t\t\t\t\t<div class=\"e-con-inner\">\n\t\t<div class=\"elementor-element elementor-element-808fb92 e-con-full e-flex e-con e-child\" data-id=\"808fb92\" data-element_type=\"container\" data-e-type=\"container\">\n\t\t\t\t<div class=\"elementor-element elementor-element-69e14f5 elementor-invisible elementor-widget elementor-widget-heading\" data-id=\"69e14f5\" data-element_type=\"widget\" data-e-type=\"widget\" data-settings=\"{&quot;_animation&quot;:&quot;zoomIn&quot;}\" data-widget_type=\"heading.default\">\n\t\t\t\t<div class=\"elementor-widget-container\">\n\t\t\t\t\t<h2 class=\"elementor-heading-title elementor-size-default\">The Burnout Syndrome<\/h2>\t\t\t\t<\/div>\n\t\t\t\t<\/div>\n\t\t\t\t<div class=\"elementor-element elementor-element-4932ff3 elementor-widget__width-initial elementor-widget elementor-widget-text-editor\" data-id=\"4932ff3\" data-element_type=\"widget\" data-e-type=\"widget\" data-widget_type=\"text-editor.default\">\n\t\t\t\t<div class=\"elementor-widget-container\">\n\t\t\t\t\t\t\t\t\t<p>The Job Burnout Syndrome used to be related to managers because scientists described symptoms of this health condition among the population of managers. However, the managers are not the only ones who are affected. Usually, this syndrome is present among professionals who work under pressure, have some targets to achieve and have a group of people with whom they need to achieve the results set.\n\nThe job burnout syndrome is accompanied with the following symptoms:<br \/>\u2013 chronic fatigue,<br \/>\u2013 exhaustion,<br \/>\u2013 a headache,<br \/>\u2013 back pain,<br \/>\u2013 insomnia,<br \/>\u2013 various symptoms related to intestines,<br \/>\u2013 nervousness,<br \/>\u2013 panic with an unknown cause,<\/p>\t\t\t\t\t\t\t\t<\/div>\n\t\t\t\t<\/div>\n\t\t\t\t<\/div>\n\t\t<div class=\"elementor-element elementor-element-ee88ee0 e-con-full e-flex e-con e-child\" data-id=\"ee88ee0\" data-element_type=\"container\" data-e-type=\"container\">\n\t\t\t\t<div class=\"elementor-element elementor-element-876b21e elementor-widget elementor-widget-image\" data-id=\"876b21e\" data-element_type=\"widget\" data-e-type=\"widget\" data-widget_type=\"image.default\">\n\t\t\t\t<div class=\"elementor-widget-container\">\n\t\t\t\t\t\t\t\t\t\t\t\t\t\t\t<img fetchpriority=\"high\" decoding=\"async\" width=\"500\" height=\"355\" src=\"https:\/\/formulazdravlja.com\/wp-content\/uploads\/2024\/10\/stress.jpg\" class=\"attachment-large size-large wp-image-2263\" alt=\"\" srcset=\"https:\/\/formulazdravlja.com\/wp-content\/uploads\/2024\/10\/stress.jpg 500w, https:\/\/formulazdravlja.com\/wp-content\/uploads\/2024\/10\/stress-300x213.jpg 300w\" sizes=\"(max-width: 500px) 100vw, 500px\" \/>\t\t\t\t\t\t\t\t\t\t\t\t\t\t\t<\/div>\n\t\t\t\t<\/div>\n\t\t\t\t<\/div>\n\t\t\t\t\t<\/div>\n\t\t\t\t<\/div>\n\t\t\t\t\t<\/div>\n\t\t\t\t<\/div>\n\t\t<div class=\"elementor-element elementor-element-27a9fdd e-flex e-con-boxed e-con e-parent\" data-id=\"27a9fdd\" data-element_type=\"container\" data-e-type=\"container\">\n\t\t\t\t\t<div class=\"e-con-inner\">\n\t\t\t\t<div class=\"elementor-element elementor-element-44e3330 elementor-widget elementor-widget-text-editor\" data-id=\"44e3330\" data-element_type=\"widget\" data-e-type=\"widget\" data-widget_type=\"text-editor.default\">\n\t\t\t\t<div class=\"elementor-widget-container\">\n\t\t\t\t\t\t\t\t\t<p>- suspiciousness and explosiveness,<br \/>\u2013 frequent mood swings,<br \/>\u2013 alcohol abuses,<br \/>\u2013 low sex drive and arising problems in marriage,<br \/>\u2013 emotional rigidity,<br \/>\u2013 hypersensitivity,<br \/>\u2013 loss of concentration and attention,<br \/>\u2013 intolerance towards colleagues...<\/p><p>All of this is the cause of a further deeper disturbance of the state of health, a decline in the quality of life, a decrease in work ability and productivity at work, and therefore there are also questions related to existence...<\/p><p>In practice, the treatment of the health issues that correspond with the burnut syndrome is usually given in the form of the following advice: \u201eyou should avoid stress!\u201c. However, we all know that the living conditions nowadays do not leave any chance for us to be free of stress. So, the question that remains is \u2013 how to fight against stress as efficiently as possible?<\/p><p>We have been living on this planet with stressful situations since the very beginning of humankind; however, the causes and the intensity of stress have changed during the course of time. Today, we additionally have traffic stress, stress related fo finance and loans, stress related to making ends meet, etc.<\/p><p>Also, the modern age has another stress to humankind \u2013 the chronic exposure to low levels of heavy metals. Heavy metals are present everywhere and attack human body from air, water, food; also, they come from tobacco smoke, tattooes or so. Additionally, the electromagnetic stress coming from different sources is very present. We are exposed to electromagnetic irraditation from our mobile phones, which we usually keep in the pockets of our pants, near our testicles\/ovaries. We are also exposed to irraditation coming from wifi during nighttime (while we try to catch some rest), from personal computers in front of which we sit around 12 hours a day\u2026 You can read more on the effects of electromagnetic irradiation (or, as some authors put it \u2013 electromagnetic smog) in <a href=\"https:\/\/formulazdravlja.com\/en\/knjiga-formula-zdravlja\/\">The HEALTH FORMULA book<\/a>.<\/p><p>The use of <a href=\"https:\/\/formulazdravlja.com\/en\/prokol-formula-zdravlja\/\">The HEALTH FORMULA protocol<\/a> will enable you to reveal a vast majority of stress factors which are related to the development of manager's stress. By eliminating these factors or, at least, by reducing them, you will reduce or eliminate their effects on your body, too. The stress factors that will be left will be the one that we cannot avoid as they are related to the social setting, work environment, etc. However, you will be more efficient when fighting those few types of stress that have remained.<\/p><p>By applying this protocol, in two to three weeks you will feel:<br \/>\u2013 more energy,<br \/>\u2013 a better sleep quality,<br \/>\u2013 no sweating during nightime,<br \/>\u2013 elimination or reduction of headaches,<br \/>\u2013 better communication with colleagues,<br \/>\u2013 better work quality and more working results delivered...<\/p><p>In two to three months, you will be completely rejuvenated!<\/p>\t\t\t\t\t\t\t\t<\/div>\n\t\t\t\t<\/div>\n\t\t\t\t\t<\/div>\n\t\t\t\t<\/div>\n\t\t<div class=\"elementor-element elementor-element-1f49342b e-flex e-con-boxed e-con e-parent\" data-id=\"1f49342b\" data-element_type=\"container\" data-e-type=\"container\" data-settings=\"{&quot;background_background&quot;:&quot;classic&quot;}\">\n\t\t\t\t\t<div class=\"e-con-inner\">\n\t\t<div class=\"elementor-element elementor-element-61f9b866 e-flex e-con-boxed e-con e-child\" data-id=\"61f9b866\" data-element_type=\"container\" data-e-type=\"container\" data-settings=\"{&quot;background_background&quot;:&quot;classic&quot;}\">\n\t\t\t\t\t<div class=\"e-con-inner\">\n\t\t<div class=\"elementor-element elementor-element-2260795 e-con-full e-flex e-con e-child\" data-id=\"2260795\" data-element_type=\"container\" data-e-type=\"container\">\n\t\t\t\t<div class=\"elementor-element elementor-element-63dd71a2 elementor-widget elementor-widget-heading\" data-id=\"63dd71a2\" data-element_type=\"widget\" data-e-type=\"widget\" data-widget_type=\"heading.default\">\n\t\t\t\t<div class=\"elementor-widget-container\">\n\t\t\t\t\t<h2 class=\"elementor-heading-title elementor-size-default\">Schedule a consultation\n<\/h2>\t\t\t\t<\/div>\n\t\t\t\t<\/div>\n\t\t\t\t<div class=\"elementor-element elementor-element-70751663 elementor-widget elementor-widget-text-editor\" data-id=\"70751663\" data-element_type=\"widget\" data-e-type=\"widget\" data-widget_type=\"text-editor.default\">\n\t\t\t\t<div class=\"elementor-widget-container\">\n\t\t\t\t\t\t\t\t\t<p>It's time to apply The HEALTH FORMULA\u00ae protocol!!!<\/p>\t\t\t\t\t\t\t\t<\/div>\n\t\t\t\t<\/div>\n\t\t<div class=\"elementor-element elementor-element-20d72a2f e-con-full e-flex e-con e-child\" data-id=\"20d72a2f\" data-element_type=\"container\" data-e-type=\"container\">\n\t\t\t\t<div class=\"elementor-element elementor-element-1d0011fd elementor-widget elementor-widget-counter\" data-id=\"1d0011fd\" data-element_type=\"widget\" data-e-type=\"widget\" data-widget_type=\"counter.default\">\n\t\t\t\t<div class=\"elementor-widget-container\">\n\t\t\t\t\t\t\t<div class=\"elementor-counter\">\n\t\t\t<div class=\"elementor-counter-title\">Satisfied clients<\/div>\t\t\t<div class=\"elementor-counter-number-wrapper\">\n\t\t\t\t<span class=\"elementor-counter-number-prefix\"><\/span>\n\t\t\t\t<span class=\"elementor-counter-number\" data-duration=\"2000\" data-to-value=\"2500\" data-from-value=\"0\" data-delimiter=\",\">0<\/span>\n\t\t\t\t<span class=\"elementor-counter-number-suffix\">+<\/span>\n\t\t\t<\/div>\n\t\t<\/div>\n\t\t\t\t\t\t<\/div>\n\t\t\t\t<\/div>\n\t\t\t\t<div class=\"elementor-element elementor-element-18b2cd3 elementor-widget elementor-widget-counter\" data-id=\"18b2cd3\" data-element_type=\"widget\" data-e-type=\"widget\" data-widget_type=\"counter.default\">\n\t\t\t\t<div class=\"elementor-widget-container\">\n\t\t\t\t\t\t\t<div class=\"elementor-counter\">\n\t\t\t<div class=\"elementor-counter-title\">Years of experience<\/div>\t\t\t<div class=\"elementor-counter-number-wrapper\">\n\t\t\t\t<span class=\"elementor-counter-number-prefix\"><\/span>\n\t\t\t\t<span class=\"elementor-counter-number\" data-duration=\"2000\" data-to-value=\"30\" data-from-value=\"0\" data-delimiter=\",\">0<\/span>\n\t\t\t\t<span class=\"elementor-counter-number-suffix\">+<\/span>\n\t\t\t<\/div>\n\t\t<\/div>\n\t\t\t\t\t\t<\/div>\n\t\t\t\t<\/div>\n\t\t\t\t<div class=\"elementor-element elementor-element-1c811bab elementor-widget elementor-widget-counter\" data-id=\"1c811bab\" data-element_type=\"widget\" data-e-type=\"widget\" data-widget_type=\"counter.default\">\n\t\t\t\t<div class=\"elementor-widget-container\">\n\t\t\t\t\t\t\t<div class=\"elementor-counter\">\n\t\t\t<div class=\"elementor-counter-title\">Papers and publications<\/div>\t\t\t<div class=\"elementor-counter-number-wrapper\">\n\t\t\t\t<span class=\"elementor-counter-number-prefix\"><\/span>\n\t\t\t\t<span class=\"elementor-counter-number\" data-duration=\"2000\" data-to-value=\"320\" data-from-value=\"0\" data-delimiter=\",\">0<\/span>\n\t\t\t\t<span class=\"elementor-counter-number-suffix\">+<\/span>\n\t\t\t<\/div>\n\t\t<\/div>\n\t\t\t\t\t\t<\/div>\n\t\t\t\t<\/div>\n\t\t\t\t<\/div>\n\t\t\t\t<div class=\"elementor-element elementor-element-131c5a9a elementor-widget elementor-widget-button\" data-id=\"131c5a9a\" data-element_type=\"widget\" data-e-type=\"widget\" data-widget_type=\"button.default\">\n\t\t\t\t<div class=\"elementor-widget-container\">\n\t\t\t\t\t\t\t\t\t<div class=\"elementor-button-wrapper\">\n\t\t\t\t\t<a class=\"elementor-button elementor-button-link elementor-size-sm\" href=\"https:\/\/formulazdravlja.com\/en\/kontakt\/\">\n\t\t\t\t\t\t<span class=\"elementor-button-content-wrapper\">\n\t\t\t\t\t\t<span class=\"elementor-button-icon\">\n\t\t\t\t<svg xmlns=\"http:\/\/www.w3.org\/2000\/svg\" viewbox=\"0 0 24 24\"><path fill-rule=\"evenodd\" d=\"M24 0v22.78h-2.87V4.9L2.03 24 0 21.97l19.1-19.1H1.26V0H24Z\"><\/path><\/svg>\t\t\t<\/span>\n\t\t\t\t\t\t\t\t\t<span class=\"elementor-button-text\">Send us a message<\/span>\n\t\t\t\t\t<\/span>\n\t\t\t\t\t<\/a>\n\t\t\t\t<\/div>\n\t\t\t\t\t\t\t\t<\/div>\n\t\t\t\t<\/div>\n\t\t\t\t<\/div>\n\t\t\t\t<div class=\"elementor-element elementor-element-6637681d elementor-widget__width-initial elementor-widget elementor-widget-image\" data-id=\"6637681d\" data-element_type=\"widget\" data-e-type=\"widget\" data-widget_type=\"image.default\">\n\t\t\t\t<div class=\"elementor-widget-container\">\n\t\t\t\t\t\t\t\t\t\t\t\t\t\t\t<img decoding=\"async\" width=\"544\" height=\"288\" src=\"https:\/\/formulazdravlja.com\/wp-content\/uploads\/2024\/10\/jabuka.png\" class=\"attachment-full size-full wp-image-1753\" alt=\"\" srcset=\"https:\/\/formulazdravlja.com\/wp-content\/uploads\/2024\/10\/jabuka.png 544w, https:\/\/formulazdravlja.com\/wp-content\/uploads\/2024\/10\/jabuka-300x159.png 300w\" sizes=\"(max-width: 544px) 100vw, 544px\" \/>\t\t\t\t\t\t\t\t\t\t\t\t\t\t\t<\/div>\n\t\t\t\t<\/div>\n\t\t\t\t\t<\/div>\n\t\t\t\t<\/div>\n\t\t\t\t\t<\/div>\n\t\t\t\t<\/div>\n\t\t\t\t<\/div>","protected":false},"excerpt":{"rendered":"<p>Menad\u017eerski stres \u201eSindrom izgaranja na poslu\u201c prate brojne tegobe, a najzna\u010dajnije su:&#8211; ose\u0107aj stalnog umora,&#8211; malaksalost,&#8211; glavobolja,&#8211; bol u le\u0111ima i drugim delovima tela,&#8211; nesanica,&#8211; razli\u010dite stoma\u010dne tegobe,&#8211; razdra\u017eljivost,&#8211; nervoza i napetost bez nekog vidljivog razloga, &#8211; sumnji\u010davost i eksplozivnost,&#8211; u\u010destale promene raspolo\u017eenja,&#8211; potreba da se koriste alkohol ili neke druge supstance za \u201eopu\u0161tanje\u201c,&#8211; pad [&hellip;]<\/p>\n","protected":false},"author":1,"featured_media":0,"parent":0,"menu_order":0,"comment_status":"closed","ping_status":"closed","template":"","meta":{"footnotes":""},"class_list":["post-2426","page","type-page","status-publish","hentry"],"blocksy_meta":{"has_hero_section":"disabled","vertical_spacing_source":"custom","content_area_spacing":"none","styles_descriptor":{"styles":{"desktop":"","tablet":"","mobile":""},"google_fonts":[],"version":6}},"_links":{"self":[{"href":"https:\/\/formulazdravlja.com\/en\/wp-json\/wp\/v2\/pages\/2426","targetHints":{"allow":["GET"]}}],"collection":[{"href":"https:\/\/formulazdravlja.com\/en\/wp-json\/wp\/v2\/pages"}],"about":[{"href":"https:\/\/formulazdravlja.com\/en\/wp-json\/wp\/v2\/types\/page"}],"author":[{"embeddable":true,"href":"https:\/\/formulazdravlja.com\/en\/wp-json\/wp\/v2\/users\/1"}],"replies":[{"embeddable":true,"href":"https:\/\/formulazdravlja.com\/en\/wp-json\/wp\/v2\/comments?post=2426"}],"version-history":[{"count":16,"href":"https:\/\/formulazdravlja.com\/en\/wp-json\/wp\/v2\/pages\/2426\/revisions"}],"predecessor-version":[{"id":2750,"href":"https:\/\/formulazdravlja.com\/en\/wp-json\/wp\/v2\/pages\/2426\/revisions\/2750"}],"wp:attachment":[{"href":"https:\/\/formulazdravlja.com\/en\/wp-json\/wp\/v2\/media?parent=2426"}],"curies":[{"name":"wp","href":"https:\/\/api.w.org\/{rel}","templated":true}]}}