{"id":2453,"date":"2024-10-30T17:32:48","date_gmt":"2024-10-30T16:32:48","guid":{"rendered":"https:\/\/formulazdravlja.com\/?page_id=2453"},"modified":"2024-11-21T07:40:41","modified_gmt":"2024-11-21T06:40:41","slug":"secerna-bolest","status":"publish","type":"page","link":"https:\/\/formulazdravlja.com\/en\/secerna-bolest\/","title":{"rendered":"Diabetes mellitus"},"content":{"rendered":"<div data-elementor-type=\"wp-page\" data-elementor-id=\"2453\" class=\"elementor elementor-2453\">\n\t\t\t\t<div class=\"elementor-element elementor-element-21fc403 e-flex e-con-boxed e-con e-parent\" data-id=\"21fc403\" data-element_type=\"container\" data-e-type=\"container\">\n\t\t\t\t\t<div class=\"e-con-inner\">\n\t\t<div class=\"elementor-element elementor-element-3b99d1b e-flex e-con-boxed e-con e-child\" data-id=\"3b99d1b\" data-element_type=\"container\" data-e-type=\"container\" data-settings=\"{&quot;background_background&quot;:&quot;classic&quot;}\">\n\t\t\t\t\t<div class=\"e-con-inner\">\n\t\t<div class=\"elementor-element elementor-element-808fb92 e-con-full e-flex e-con e-child\" data-id=\"808fb92\" data-element_type=\"container\" data-e-type=\"container\">\n\t\t\t\t<div class=\"elementor-element elementor-element-69e14f5 elementor-invisible elementor-widget elementor-widget-heading\" data-id=\"69e14f5\" data-element_type=\"widget\" data-e-type=\"widget\" data-settings=\"{&quot;_animation&quot;:&quot;zoomIn&quot;}\" data-widget_type=\"heading.default\">\n\t\t\t\t<div class=\"elementor-widget-container\">\n\t\t\t\t\t<h2 class=\"elementor-heading-title elementor-size-default\">Diabetes mellitus<\/h2>\t\t\t\t<\/div>\n\t\t\t\t<\/div>\n\t\t\t\t<div class=\"elementor-element elementor-element-4932ff3 elementor-widget__width-initial elementor-widget elementor-widget-text-editor\" data-id=\"4932ff3\" data-element_type=\"widget\" data-e-type=\"widget\" data-widget_type=\"text-editor.default\">\n\t\t\t\t<div class=\"elementor-widget-container\">\n\t\t\t\t\t\t\t\t\t<p>Diabetes mellitus is a very common disease nowadays. It is a disease which is characeterized by an increased blood sugar level. That is a fact that every patient knows well. However, in addition to that, diabetes mellitus is a disease which involves many other changes that take place within the human body destroying it slowly.<\/p>\t\t\t\t\t\t\t\t<\/div>\n\t\t\t\t<\/div>\n\t\t\t\t<\/div>\n\t\t<div class=\"elementor-element elementor-element-ee88ee0 e-con-full e-flex e-con e-child\" data-id=\"ee88ee0\" data-element_type=\"container\" data-e-type=\"container\">\n\t\t\t\t<div class=\"elementor-element elementor-element-876b21e elementor-widget elementor-widget-image\" data-id=\"876b21e\" data-element_type=\"widget\" data-e-type=\"widget\" data-widget_type=\"image.default\">\n\t\t\t\t<div class=\"elementor-widget-container\">\n\t\t\t\t\t\t\t\t\t\t\t\t\t\t\t<img fetchpriority=\"high\" decoding=\"async\" width=\"500\" height=\"355\" src=\"https:\/\/formulazdravlja.com\/wp-content\/uploads\/2024\/10\/diabetes.jpg\" class=\"attachment-large size-large wp-image-2273\" alt=\"\" srcset=\"https:\/\/formulazdravlja.com\/wp-content\/uploads\/2024\/10\/diabetes.jpg 500w, https:\/\/formulazdravlja.com\/wp-content\/uploads\/2024\/10\/diabetes-300x213.jpg 300w\" sizes=\"(max-width: 500px) 100vw, 500px\" \/>\t\t\t\t\t\t\t\t\t\t\t\t\t\t\t<\/div>\n\t\t\t\t<\/div>\n\t\t\t\t<\/div>\n\t\t\t\t\t<\/div>\n\t\t\t\t<\/div>\n\t\t\t\t\t<\/div>\n\t\t\t\t<\/div>\n\t\t<div class=\"elementor-element elementor-element-27a9fdd e-flex e-con-boxed e-con e-parent\" data-id=\"27a9fdd\" data-element_type=\"container\" data-e-type=\"container\">\n\t\t\t\t\t<div class=\"e-con-inner\">\n\t\t\t\t<div class=\"elementor-element elementor-element-82b6b47 elementor-widget elementor-widget-text-editor\" data-id=\"82b6b47\" data-element_type=\"widget\" data-e-type=\"widget\" data-widget_type=\"text-editor.default\">\n\t\t\t\t<div class=\"elementor-widget-container\">\n\t\t\t\t\t\t\t\t\t<p>Diabetes may cause changes in blood vessels. Changes in the small blood vessels of:<br \/>\u2013 eyes \u2013 poses a risk of blindness,<br \/>\u2013 kidneys - leads to impaired renal function (nephropathy)<br \/>\u2013 nervous system - leads to neuropathy (damaged nerve fibers that are poorly nourished; as a result, the patient feels pain or numbness in a particular region (usually the leg),<br \/>\u2013 penis - cause of erectile function decline (this is often the first sign of micro-circulation damage!).<\/p><p>Changes in the large blood vessels of:<br \/>\u2013 the brain \u2013 an increased risk of stroke and memory loss, focus and attention disorders,<br \/>\u2013 the heart \u2013 an increased risk of a coronary heart disease and an acute heart attack,<br \/>\u2013 the extremities (especially the legs) \u2013 an increased risk of gangrene with the risk of amputation.<\/p><p>Sometimes diabetes is detected after the patient has sought help of a doctor because he or she has experienced certain symptoms. The most common symptoms are:<br \/>\u2013 dry mouth,<br \/>\u2013 increased urination frequency (both during the day and night),<br \/>\u2013 increased thirst,<br \/>\u2013 slower wound healing,<br \/>\u2013 increased frequency of infections of the urogenital region\u2026<\/p><p>However, diabetes is sometimes detected during regular systematic examinations of people who do not have any of the mentioned complaints.<\/p><p>In some cases, the onset of diabetes is preceded by a condition called insulin resistance. What is it?<\/p><p>Insulin is a hormone that regulates the metabolism of macronutrients (carbohydrates, fats, proteins), but also minerals. When a person eats food rich in carbohydrates, insulin jump is expected in the blood. The task of insulin is to insert sugar (glucose) molecules into the liver and muscle cells. In these cells, glucose will be either used for the production of energy for work (muscles) or will be stored, either in the form of glycogen - in the liver and muscle cells, or in the form of fat - in fat cells. In order to do this, insulin acts on receptors on the surface of these cells. Through this action, it opens up certain \"channels\" through which sugar molecules enter the target cells. If these receptors are no longer as sensitive to the action of insulin as they should be, there is an increase in the concentration of insulin in the blood for better stimulation of existing receptors. And this condition is called insulin resistance. Insulin rises in the blood, blocks the breakdown of fats, proteins and carbohydrates. Because of this, people who have insulin resistance often have increased body weight and body fat. High levels of insulin also stimulate the formation of atherosclerotic plaques in the blood vessels and thicken the blood vessel wall, promote the oxidation of bad LDL-cholesterol, stimulates nutrient loss by urine, increase blood pressure and triglycerides, but also increase the risk of blood clotting.<\/p><p>Because of all the aforementioned:<br \/>\u2013 persons diagnosed with diabetes are 2 to 4 times more likely to die of a heart attack or stroke in comparison to those who are free of diabetes;<br \/>\u2013 more than 2\/3 of persons suffering from diabetes have an increased blood pressure;<br \/>\u2013 more than 1\/3 of patients with diabetes suffer from a diabetic eye disease; these conditions include diabetic retinopathy, diabetic macular edema, cataracts and glaucoma. Over time, diabetes can cause damage to your eyes, which may result in poor vision or even blindness;<br \/>\u2013 kidney disease is much more frequent in patients diagnosed with diabetes;<br \/>\u2013 diabetes in pregnant women who are not supervised or treated by healthcare professionals may cause defects in newborns;<br \/>\u2013 more than 1\/3 of diabetic patients suffer from heavy forms of teeth decay;<br \/>\u2013 diabetic patients are twice as likely to develop depression in relation to those who are diabetes-free.<\/p><p>The current treatment of patients with diabetes involves the use of oral antidiabetics (for type 2 diabetes mellitus) or the administration of insulin (for for 1 diabetes mellitus). Unfortunately, very little attention is paid to nutrition, which means that people taking blood sugar medications continue to have poor eating habits. This primarily involves the consumption of \u201cfast\u201d sugars - e.g. white flour, puff pastry, frequent meals and snacks (which constantly raise blood sugar levels and therefore insulin levels), excessive fruit intake (too rich in sugars !!!) etc\u2026<\/p><p>During the use of<a href=\"https:\/\/formulazdravlja.com\/en\/prokol-formula-zdravlja\/\"> The HEALTH FORMULA protocol<\/a>, great attention is paid to nutrition. Practically, in people with impaired sugar metabolism, carbohydrate intake should be reduced. That is one of the basic prerequisites that will improve blood sugar regulation. Complex carbohydrates that gradually but not rapidly and significantly induce the raise of blood sugar levels are recommended. Additional help in blood sugar regulation is provided through personalized treatment with supplements that speed up the regulation of overall metabolism (including sugar metabolism), as well as with supplements that increase insulin receptor sensitivity.<\/p><p>Adherence to the instructions given in The HEALTH FORMULA protocol results in a fall of the value of morning sugar, average blood sugar over the last 3 months (HbA1c), as well as a daily glycemic profile (blood sugar value before each meal, 2 hours after each meal, at midnight and 3AM).<\/p><p>In addition to the improvement of blood sugar regulation, you will also improve your quality of life by improving your overall health and increasing your energy!<\/p>\t\t\t\t\t\t\t\t<\/div>\n\t\t\t\t<\/div>\n\t\t\t\t\t<\/div>\n\t\t\t\t<\/div>\n\t\t<div class=\"elementor-element elementor-element-1f49342b e-flex e-con-boxed e-con e-parent\" data-id=\"1f49342b\" data-element_type=\"container\" data-e-type=\"container\" data-settings=\"{&quot;background_background&quot;:&quot;classic&quot;}\">\n\t\t\t\t\t<div class=\"e-con-inner\">\n\t\t<div class=\"elementor-element elementor-element-61f9b866 e-flex e-con-boxed e-con e-child\" data-id=\"61f9b866\" data-element_type=\"container\" data-e-type=\"container\" data-settings=\"{&quot;background_background&quot;:&quot;classic&quot;}\">\n\t\t\t\t\t<div class=\"e-con-inner\">\n\t\t<div class=\"elementor-element elementor-element-2260795 e-con-full e-flex e-con e-child\" data-id=\"2260795\" data-element_type=\"container\" data-e-type=\"container\">\n\t\t\t\t<div class=\"elementor-element elementor-element-63dd71a2 elementor-widget elementor-widget-heading\" data-id=\"63dd71a2\" data-element_type=\"widget\" data-e-type=\"widget\" data-widget_type=\"heading.default\">\n\t\t\t\t<div class=\"elementor-widget-container\">\n\t\t\t\t\t<h2 class=\"elementor-heading-title elementor-size-default\">Schedule a consultation\n<\/h2>\t\t\t\t<\/div>\n\t\t\t\t<\/div>\n\t\t\t\t<div class=\"elementor-element elementor-element-70751663 elementor-widget elementor-widget-text-editor\" data-id=\"70751663\" data-element_type=\"widget\" data-e-type=\"widget\" data-widget_type=\"text-editor.default\">\n\t\t\t\t<div class=\"elementor-widget-container\">\n\t\t\t\t\t\t\t\t\t<p>It's time to apply The HEALTH FORMULA\u00ae protocol!!!<\/p>\t\t\t\t\t\t\t\t<\/div>\n\t\t\t\t<\/div>\n\t\t<div class=\"elementor-element elementor-element-20d72a2f e-con-full e-flex e-con e-child\" data-id=\"20d72a2f\" data-element_type=\"container\" data-e-type=\"container\">\n\t\t\t\t<div class=\"elementor-element elementor-element-1d0011fd elementor-widget elementor-widget-counter\" data-id=\"1d0011fd\" data-element_type=\"widget\" data-e-type=\"widget\" data-widget_type=\"counter.default\">\n\t\t\t\t<div class=\"elementor-widget-container\">\n\t\t\t\t\t\t\t<div class=\"elementor-counter\">\n\t\t\t<div class=\"elementor-counter-title\">Satisfied clients<\/div>\t\t\t<div class=\"elementor-counter-number-wrapper\">\n\t\t\t\t<span class=\"elementor-counter-number-prefix\"><\/span>\n\t\t\t\t<span class=\"elementor-counter-number\" data-duration=\"2000\" data-to-value=\"2500\" data-from-value=\"0\" data-delimiter=\",\">0<\/span>\n\t\t\t\t<span class=\"elementor-counter-number-suffix\">+<\/span>\n\t\t\t<\/div>\n\t\t<\/div>\n\t\t\t\t\t\t<\/div>\n\t\t\t\t<\/div>\n\t\t\t\t<div class=\"elementor-element elementor-element-18b2cd3 elementor-widget elementor-widget-counter\" data-id=\"18b2cd3\" data-element_type=\"widget\" data-e-type=\"widget\" data-widget_type=\"counter.default\">\n\t\t\t\t<div class=\"elementor-widget-container\">\n\t\t\t\t\t\t\t<div class=\"elementor-counter\">\n\t\t\t<div class=\"elementor-counter-title\">Years of experience<\/div>\t\t\t<div class=\"elementor-counter-number-wrapper\">\n\t\t\t\t<span class=\"elementor-counter-number-prefix\"><\/span>\n\t\t\t\t<span class=\"elementor-counter-number\" data-duration=\"2000\" data-to-value=\"30\" data-from-value=\"0\" data-delimiter=\",\">0<\/span>\n\t\t\t\t<span class=\"elementor-counter-number-suffix\">+<\/span>\n\t\t\t<\/div>\n\t\t<\/div>\n\t\t\t\t\t\t<\/div>\n\t\t\t\t<\/div>\n\t\t\t\t<div class=\"elementor-element elementor-element-1c811bab elementor-widget elementor-widget-counter\" data-id=\"1c811bab\" data-element_type=\"widget\" data-e-type=\"widget\" data-widget_type=\"counter.default\">\n\t\t\t\t<div class=\"elementor-widget-container\">\n\t\t\t\t\t\t\t<div class=\"elementor-counter\">\n\t\t\t<div class=\"elementor-counter-title\">Papers and publications<\/div>\t\t\t<div class=\"elementor-counter-number-wrapper\">\n\t\t\t\t<span class=\"elementor-counter-number-prefix\"><\/span>\n\t\t\t\t<span class=\"elementor-counter-number\" data-duration=\"2000\" data-to-value=\"320\" data-from-value=\"0\" data-delimiter=\",\">0<\/span>\n\t\t\t\t<span class=\"elementor-counter-number-suffix\">+<\/span>\n\t\t\t<\/div>\n\t\t<\/div>\n\t\t\t\t\t\t<\/div>\n\t\t\t\t<\/div>\n\t\t\t\t<\/div>\n\t\t\t\t<div class=\"elementor-element elementor-element-131c5a9a elementor-widget elementor-widget-button\" data-id=\"131c5a9a\" data-element_type=\"widget\" data-e-type=\"widget\" data-widget_type=\"button.default\">\n\t\t\t\t<div class=\"elementor-widget-container\">\n\t\t\t\t\t\t\t\t\t<div class=\"elementor-button-wrapper\">\n\t\t\t\t\t<a class=\"elementor-button elementor-button-link elementor-size-sm\" href=\"https:\/\/formulazdravlja.com\/en\/kontakt\/\">\n\t\t\t\t\t\t<span class=\"elementor-button-content-wrapper\">\n\t\t\t\t\t\t<span class=\"elementor-button-icon\">\n\t\t\t\t<svg xmlns=\"http:\/\/www.w3.org\/2000\/svg\" viewbox=\"0 0 24 24\"><path fill-rule=\"evenodd\" d=\"M24 0v22.78h-2.87V4.9L2.03 24 0 21.97l19.1-19.1H1.26V0H24Z\"><\/path><\/svg>\t\t\t<\/span>\n\t\t\t\t\t\t\t\t\t<span class=\"elementor-button-text\">Send us a message<\/span>\n\t\t\t\t\t<\/span>\n\t\t\t\t\t<\/a>\n\t\t\t\t<\/div>\n\t\t\t\t\t\t\t\t<\/div>\n\t\t\t\t<\/div>\n\t\t\t\t<\/div>\n\t\t\t\t<div class=\"elementor-element elementor-element-6637681d elementor-widget__width-initial elementor-widget elementor-widget-image\" data-id=\"6637681d\" data-element_type=\"widget\" data-e-type=\"widget\" data-widget_type=\"image.default\">\n\t\t\t\t<div class=\"elementor-widget-container\">\n\t\t\t\t\t\t\t\t\t\t\t\t\t\t\t<img decoding=\"async\" width=\"544\" height=\"288\" src=\"https:\/\/formulazdravlja.com\/wp-content\/uploads\/2024\/10\/jabuka.png\" class=\"attachment-full size-full wp-image-1753\" alt=\"\" srcset=\"https:\/\/formulazdravlja.com\/wp-content\/uploads\/2024\/10\/jabuka.png 544w, https:\/\/formulazdravlja.com\/wp-content\/uploads\/2024\/10\/jabuka-300x159.png 300w\" sizes=\"(max-width: 544px) 100vw, 544px\" \/>\t\t\t\t\t\t\t\t\t\t\t\t\t\t\t<\/div>\n\t\t\t\t<\/div>\n\t\t\t\t\t<\/div>\n\t\t\t\t<\/div>\n\t\t\t\t\t<\/div>\n\t\t\t\t<\/div>\n\t\t\t\t<\/div>","protected":false},"excerpt":{"rendered":"<p>\u0160e\u0107erna bolest \u0160e\u0107erna bolest (kako se u narodu jo\u0161 naziva diabetes mellitus), danas je veoma rasprostranjeno oboljenje. To je bolest kod koje postoji neregulisan nivo \u0161e\u0107era u krvi koji se prvi i o\u010ditava u rezultatima laboratorijskih analiza. Me\u0111utim, osim ovoga, dijabetes karakteri\u0161e i veliki broj drugih promena koje se de\u0161avaju unutar tela i koje sistemski [&hellip;]<\/p>\n","protected":false},"author":1,"featured_media":0,"parent":0,"menu_order":0,"comment_status":"closed","ping_status":"closed","template":"","meta":{"footnotes":""},"class_list":["post-2453","page","type-page","status-publish","hentry"],"blocksy_meta":{"has_hero_section":"disabled","vertical_spacing_source":"custom","content_area_spacing":"none","styles_descriptor":{"styles":{"desktop":"","tablet":"","mobile":""},"google_fonts":[],"version":6}},"_links":{"self":[{"href":"https:\/\/formulazdravlja.com\/en\/wp-json\/wp\/v2\/pages\/2453","targetHints":{"allow":["GET"]}}],"collection":[{"href":"https:\/\/formulazdravlja.com\/en\/wp-json\/wp\/v2\/pages"}],"about":[{"href":"https:\/\/formulazdravlja.com\/en\/wp-json\/wp\/v2\/types\/page"}],"author":[{"embeddable":true,"href":"https:\/\/formulazdravlja.com\/en\/wp-json\/wp\/v2\/users\/1"}],"replies":[{"embeddable":true,"href":"https:\/\/formulazdravlja.com\/en\/wp-json\/wp\/v2\/comments?post=2453"}],"version-history":[{"count":10,"href":"https:\/\/formulazdravlja.com\/en\/wp-json\/wp\/v2\/pages\/2453\/revisions"}],"predecessor-version":[{"id":2760,"href":"https:\/\/formulazdravlja.com\/en\/wp-json\/wp\/v2\/pages\/2453\/revisions\/2760"}],"wp:attachment":[{"href":"https:\/\/formulazdravlja.com\/en\/wp-json\/wp\/v2\/media?parent=2453"}],"curies":[{"name":"wp","href":"https:\/\/api.w.org\/{rel}","templated":true}]}}