{"id":2459,"date":"2024-10-30T17:36:33","date_gmt":"2024-10-30T16:36:33","guid":{"rendered":"https:\/\/formulazdravlja.com\/?page_id=2459"},"modified":"2024-11-21T07:48:46","modified_gmt":"2024-11-21T06:48:46","slug":"hipofunkcija-stitaste-zlezde","status":"publish","type":"page","link":"https:\/\/formulazdravlja.com\/en\/hipofunkcija-stitaste-zlezde\/","title":{"rendered":"An Underactive Thyroid Gland"},"content":{"rendered":"<div data-elementor-type=\"wp-page\" data-elementor-id=\"2459\" class=\"elementor elementor-2459\">\n\t\t\t\t<div class=\"elementor-element elementor-element-21fc403 e-flex e-con-boxed e-con e-parent\" data-id=\"21fc403\" data-element_type=\"container\" data-e-type=\"container\">\n\t\t\t\t\t<div class=\"e-con-inner\">\n\t\t<div class=\"elementor-element elementor-element-3b99d1b e-flex e-con-boxed e-con e-child\" data-id=\"3b99d1b\" data-element_type=\"container\" data-e-type=\"container\" data-settings=\"{&quot;background_background&quot;:&quot;classic&quot;}\">\n\t\t\t\t\t<div class=\"e-con-inner\">\n\t\t<div class=\"elementor-element elementor-element-808fb92 e-con-full e-flex e-con e-child\" data-id=\"808fb92\" data-element_type=\"container\" data-e-type=\"container\">\n\t\t\t\t<div class=\"elementor-element elementor-element-69e14f5 elementor-invisible elementor-widget elementor-widget-heading\" data-id=\"69e14f5\" data-element_type=\"widget\" data-e-type=\"widget\" data-settings=\"{&quot;_animation&quot;:&quot;zoomIn&quot;}\" data-widget_type=\"heading.default\">\n\t\t\t\t<div class=\"elementor-widget-container\">\n\t\t\t\t\t<h2 class=\"elementor-heading-title elementor-size-default\">An Underactive Thyroid Gland<\/h2>\t\t\t\t<\/div>\n\t\t\t\t<\/div>\n\t\t\t\t<div class=\"elementor-element elementor-element-4932ff3 elementor-widget__width-initial elementor-widget elementor-widget-text-editor\" data-id=\"4932ff3\" data-element_type=\"widget\" data-e-type=\"widget\" data-widget_type=\"text-editor.default\">\n\t\t\t\t<div class=\"elementor-widget-container\">\n\t\t\t\t\t\t\t\t\t<p>A large number of people have problems with the functioning of the thyroid gland and are looking for a solution to this problem. The most common reason why you are reading this text is that you believe that you have problems that can be related to the reduced function of the thyroid gland, but the results of your laboratory tests are \"fine\". <\/p>\t\t\t\t\t\t\t\t<\/div>\n\t\t\t\t<\/div>\n\t\t\t\t<\/div>\n\t\t<div class=\"elementor-element elementor-element-ee88ee0 e-con-full e-flex e-con e-child\" data-id=\"ee88ee0\" data-element_type=\"container\" data-e-type=\"container\">\n\t\t\t\t<div class=\"elementor-element elementor-element-876b21e elementor-widget elementor-widget-image\" data-id=\"876b21e\" data-element_type=\"widget\" data-e-type=\"widget\" data-widget_type=\"image.default\">\n\t\t\t\t<div class=\"elementor-widget-container\">\n\t\t\t\t\t\t\t\t\t\t\t\t\t\t\t<img fetchpriority=\"high\" decoding=\"async\" width=\"525\" height=\"373\" src=\"https:\/\/formulazdravlja.com\/wp-content\/uploads\/2024\/10\/tiroida.png\" class=\"attachment-large size-large wp-image-2278\" alt=\"\" srcset=\"https:\/\/formulazdravlja.com\/wp-content\/uploads\/2024\/10\/tiroida.png 525w, https:\/\/formulazdravlja.com\/wp-content\/uploads\/2024\/10\/tiroida-300x213.png 300w\" sizes=\"(max-width: 525px) 100vw, 525px\" \/>\t\t\t\t\t\t\t\t\t\t\t\t\t\t\t<\/div>\n\t\t\t\t<\/div>\n\t\t\t\t<\/div>\n\t\t\t\t\t<\/div>\n\t\t\t\t<\/div>\n\t\t\t\t\t<\/div>\n\t\t\t\t<\/div>\n\t\t<div class=\"elementor-element elementor-element-27a9fdd e-flex e-con-boxed e-con e-parent\" data-id=\"27a9fdd\" data-element_type=\"container\" data-e-type=\"container\">\n\t\t\t\t\t<div class=\"e-con-inner\">\n\t\t\t\t<div class=\"elementor-element elementor-element-82b6b47 elementor-widget elementor-widget-text-editor\" data-id=\"82b6b47\" data-element_type=\"widget\" data-e-type=\"widget\" data-widget_type=\"text-editor.default\">\n\t\t\t\t<div class=\"elementor-widget-container\">\n\t\t\t\t\t\t\t\t\t<p>The official position is that there is no need to \"treat\" anything in those analyses, because the values \u200b\u200bare \"within the normal range\", so you don't even have a diagnosis of the disease... You can read more about whether to treat a person or \"treat laboratory analyzes and diagnosis\" in <a href=\"https:\/\/formulazdravlja.com\/en\/knjiga-formula-zdravlja\/\">The HEALTH FORMULA book<\/a>.<\/p>\t\t\t\t\t\t\t\t<\/div>\n\t\t\t\t<\/div>\n\t\t\t\t<div class=\"elementor-element elementor-element-44e3330 elementor-widget elementor-widget-text-editor\" data-id=\"44e3330\" data-element_type=\"widget\" data-e-type=\"widget\" data-widget_type=\"text-editor.default\">\n\t\t\t\t<div class=\"elementor-widget-container\">\n\t\t\t\t\t\t\t\t\t<p>The thyroid gland is a small endocrine gland that is situated in the front part of the neck. The thyroid creates and secretes two hormones into blood stream\u2013 thyroxine (T4) and triiodothyronine (T3).<\/p><p>T4 is not an active thyroid hormone i.e. it does not bind to cells in the human body and does not regulate metabolic activities in them. T3 is an active form of thyroid hormones which means that it binds to specific receptors on the cell surface and induces response. Transformation of T4 into T3 is mainly performed in the liver, as well as in guts thanks to good bacteria.<\/p><p>The regulation of T4 secretion is under the activity of a hormone secreted hypophysis (situated in brain), which is called the thyroid stimulating hormone \u2013 TSH. Once the level of T4 in blood drops down, the hypophysis starts to influence the thyroid gland by increasing the TSH level. If the T4 level in blood enables proper a body function, the hypophysis stops forcing the thyroid for further hormone production by lowering TSH secretion in the blood stream.<\/p><p>T3 regulates function of:<br \/>\u2013 the immune system, <br \/>\u2013 brain and other parts of the nervous system,<br \/>\u2013 endocrine glands,<br \/>\u2013 intestines,<br \/>\u2013 liver and bile,<br \/>\u2013 sex hormones...<\/p><p>T3 also regulates:<br \/>\u2013 fat anabolism process,<br \/>\u2013 insulin secretion,<br \/>\u2013 metabolism of sugars and fats,<br \/>\u2013 gastric acid secretion,<br \/>\u2013 metabolism in bones, etc.<\/p><p>Around 90% of people with an underactive thyroid gland suffer from a condition known as Hashimoto's thyroiditis. That condition is caused by the autoimmune reaction of the body \u2013 the body creates antibodies the action of which is oriented towards thyroid gland cells. Thus, they cause damage which is represented by structural changes and the lower production of thyroid hormones. Normally, antibodies attack bacteria and viruses in order to defend body from invaders.<\/p><p>The symptoms related to Hashimoto's thyroiditis are:<br \/>\u2013 increase of body weight,<br \/>\u2013 depression,<br \/>\u2013 physical and mental tiredness,<br \/>\u2013 panic attacks,<br \/>\u2013 irritability,<br \/>\u2013 anxiety,<br \/>\u2013 headaches<br \/>\u2013 memory loss, <br \/>\u2013 vision troubles,<br \/>\u2013 insomnia,<br \/>\u2013 cold and heat intolerance,<br \/>\u2013 tingling in arms and legs,<br \/>\u2013 muscle weakness,<br \/>\u2013 leg cramps,<br \/>\u2013 joint stiffness,<br \/>\u2013 leg edema,<br \/>\u2013 abnormal heart rhythms,<br \/>\u2013 increased level of blood fats,<br \/>\u2013 constipation,<br \/>\u2013 cycle disturbances,<br \/>\u2013 inability to concieve,<br \/>\u2013  hair loss,<br \/>\u2013 indigestion and bloating...<\/p><p>The causes of reduced thyroid gland function, apart from the mentioned Hashimoto's thyroiditis, can also be found in:<br \/>\u2013 intestines (leaky gut syndrome),<br \/>\u2013 altered function of the adrenal gland,<br \/>\u2013 inflammation,<br \/>\u2013 infection,<br \/>\u2013 hormonal imbalance,<br \/>\u2013 vitamin deficiency,<br \/>\u2013 the presence of substances that destroy the endocrine system (endocrine disrupting substances; the mechanism by which they destroy the human endocrine system is described in the HEALTH FORMULA book;<br \/>\u2013 heavy metal and fluoride intoxication (intake of small doses over a long period of time through air, food, water, pesticides...),<br \/>\u2013 food intolerance...<\/p><p>During diagnostics, values \u200b\u200bof only three parameters - TSH, T4 and T3 - are often used in practice. These analyzes should be completed with other relevant parameters that indicate the state of the thyroid gland, namely:<br \/>1. fT4 (free thyroxine - the one that is not bound to proteins in the blood),<br \/>2. fT3 (free triiodothyronine - the one that is not bound to blood proteins and, in fact, is the most significant and metabolically active hormone of the thyroid gland),<br \/>3. reverse T3 (rT3; it is inactive, but binds to the same receptors on the cells to which T3 binds; thereby preventing active fT3 from binding and exerting its function. Practically, it is not enough to know whether T3 is in normal limits, but what is the ratio of T3 and rT3 or the ratio of fT3 and rT3),<br \/>4. antibodies to tyrosine peroxidase and thyroglobulin (anti-TPO and anti-TB AT \u2013 in the diagnosis of Hashimoto's thyroiditis),<br \/>5. TSH antibodies (when diagnosed with Graves' disease) and thyroglobulin level.<\/p><p>From all of the above, it can be seen that the functionality of the thyroid gland is conditioned by a large number of factors that interact with each other.<\/p><p><a href=\"https:\/\/formulazdravlja.com\/en\/prokol-formula-zdravlja\/\">The HEALTH FORMULA Protocol<\/a> in relation to the improvement of the thyroid function, consists of the following:<br \/>\u2013 diet change (e.g. changing of habits related to body load with sugars, gluten, use of coconut oil, fibres etc.), <br \/>\u2013 personally tailored use of supplements (e.g. selenium, B-group vitamins, adaptogenic herbs, amino-acids, omega-3 fatty acids etc.),<br \/>\u2013 adequate water intake (essential for normal metabolism) etc.<\/p><p>It is clear that the causes of hypofunction of the thyroid gland are numerous and varied. Therefore, the logical conclusion is that there is no \"magic wand\" that would restore all these disturbed elements to normal overnight. There are only a greater number of techniques, procedures and activities that need to be applied.<\/p><p>A person with an underactive thyroid may experience the first results of The HEALTH FORMULA protocol in 2-3 weeks after commencing the treatment (increase of mental and physical strength), while in the 2-3 months after that period, they will feel an overall health improvement, a better quality of life, as well as the normalization (or at least improvement) of all the impaired biochemical parameters.<\/p>\t\t\t\t\t\t\t\t<\/div>\n\t\t\t\t<\/div>\n\t\t\t\t\t<\/div>\n\t\t\t\t<\/div>\n\t\t<div class=\"elementor-element elementor-element-1f49342b e-flex e-con-boxed e-con e-parent\" data-id=\"1f49342b\" data-element_type=\"container\" data-e-type=\"container\" data-settings=\"{&quot;background_background&quot;:&quot;classic&quot;}\">\n\t\t\t\t\t<div class=\"e-con-inner\">\n\t\t<div class=\"elementor-element elementor-element-61f9b866 e-flex e-con-boxed e-con e-child\" data-id=\"61f9b866\" data-element_type=\"container\" data-e-type=\"container\" data-settings=\"{&quot;background_background&quot;:&quot;classic&quot;}\">\n\t\t\t\t\t<div class=\"e-con-inner\">\n\t\t<div class=\"elementor-element elementor-element-2260795 e-con-full e-flex e-con e-child\" data-id=\"2260795\" data-element_type=\"container\" data-e-type=\"container\">\n\t\t\t\t<div class=\"elementor-element elementor-element-63dd71a2 elementor-widget elementor-widget-heading\" data-id=\"63dd71a2\" data-element_type=\"widget\" data-e-type=\"widget\" data-widget_type=\"heading.default\">\n\t\t\t\t<div class=\"elementor-widget-container\">\n\t\t\t\t\t<h2 class=\"elementor-heading-title elementor-size-default\">Schedule a consultation\n<\/h2>\t\t\t\t<\/div>\n\t\t\t\t<\/div>\n\t\t\t\t<div class=\"elementor-element elementor-element-70751663 elementor-widget elementor-widget-text-editor\" data-id=\"70751663\" data-element_type=\"widget\" data-e-type=\"widget\" data-widget_type=\"text-editor.default\">\n\t\t\t\t<div class=\"elementor-widget-container\">\n\t\t\t\t\t\t\t\t\t<p>It's time to apply The HEALTH FORMULA\u00ae protocol!!!<\/p>\t\t\t\t\t\t\t\t<\/div>\n\t\t\t\t<\/div>\n\t\t<div class=\"elementor-element elementor-element-20d72a2f e-con-full e-flex e-con e-child\" data-id=\"20d72a2f\" data-element_type=\"container\" data-e-type=\"container\">\n\t\t\t\t<div class=\"elementor-element elementor-element-1d0011fd elementor-widget elementor-widget-counter\" data-id=\"1d0011fd\" data-element_type=\"widget\" data-e-type=\"widget\" data-widget_type=\"counter.default\">\n\t\t\t\t<div class=\"elementor-widget-container\">\n\t\t\t\t\t\t\t<div class=\"elementor-counter\">\n\t\t\t<div class=\"elementor-counter-title\">Satisfied clients<\/div>\t\t\t<div class=\"elementor-counter-number-wrapper\">\n\t\t\t\t<span class=\"elementor-counter-number-prefix\"><\/span>\n\t\t\t\t<span class=\"elementor-counter-number\" data-duration=\"2000\" data-to-value=\"2500\" data-from-value=\"0\" data-delimiter=\",\">0<\/span>\n\t\t\t\t<span class=\"elementor-counter-number-suffix\">+<\/span>\n\t\t\t<\/div>\n\t\t<\/div>\n\t\t\t\t\t\t<\/div>\n\t\t\t\t<\/div>\n\t\t\t\t<div class=\"elementor-element elementor-element-18b2cd3 elementor-widget elementor-widget-counter\" data-id=\"18b2cd3\" data-element_type=\"widget\" data-e-type=\"widget\" data-widget_type=\"counter.default\">\n\t\t\t\t<div class=\"elementor-widget-container\">\n\t\t\t\t\t\t\t<div class=\"elementor-counter\">\n\t\t\t<div class=\"elementor-counter-title\">Years of experience<\/div>\t\t\t<div class=\"elementor-counter-number-wrapper\">\n\t\t\t\t<span class=\"elementor-counter-number-prefix\"><\/span>\n\t\t\t\t<span class=\"elementor-counter-number\" data-duration=\"2000\" data-to-value=\"30\" data-from-value=\"0\" data-delimiter=\",\">0<\/span>\n\t\t\t\t<span class=\"elementor-counter-number-suffix\">+<\/span>\n\t\t\t<\/div>\n\t\t<\/div>\n\t\t\t\t\t\t<\/div>\n\t\t\t\t<\/div>\n\t\t\t\t<div class=\"elementor-element elementor-element-1c811bab elementor-widget elementor-widget-counter\" data-id=\"1c811bab\" data-element_type=\"widget\" data-e-type=\"widget\" data-widget_type=\"counter.default\">\n\t\t\t\t<div class=\"elementor-widget-container\">\n\t\t\t\t\t\t\t<div class=\"elementor-counter\">\n\t\t\t<div class=\"elementor-counter-title\">Papers and publications<\/div>\t\t\t<div class=\"elementor-counter-number-wrapper\">\n\t\t\t\t<span class=\"elementor-counter-number-prefix\"><\/span>\n\t\t\t\t<span class=\"elementor-counter-number\" data-duration=\"2000\" data-to-value=\"320\" data-from-value=\"0\" data-delimiter=\",\">0<\/span>\n\t\t\t\t<span class=\"elementor-counter-number-suffix\">+<\/span>\n\t\t\t<\/div>\n\t\t<\/div>\n\t\t\t\t\t\t<\/div>\n\t\t\t\t<\/div>\n\t\t\t\t<\/div>\n\t\t\t\t<div class=\"elementor-element elementor-element-131c5a9a elementor-widget elementor-widget-button\" data-id=\"131c5a9a\" data-element_type=\"widget\" data-e-type=\"widget\" data-widget_type=\"button.default\">\n\t\t\t\t<div class=\"elementor-widget-container\">\n\t\t\t\t\t\t\t\t\t<div class=\"elementor-button-wrapper\">\n\t\t\t\t\t<a class=\"elementor-button elementor-button-link elementor-size-sm\" href=\"https:\/\/formulazdravlja.com\/en\/kontakt\/\">\n\t\t\t\t\t\t<span class=\"elementor-button-content-wrapper\">\n\t\t\t\t\t\t<span class=\"elementor-button-icon\">\n\t\t\t\t<svg xmlns=\"http:\/\/www.w3.org\/2000\/svg\" viewbox=\"0 0 24 24\"><path fill-rule=\"evenodd\" d=\"M24 0v22.78h-2.87V4.9L2.03 24 0 21.97l19.1-19.1H1.26V0H24Z\"><\/path><\/svg>\t\t\t<\/span>\n\t\t\t\t\t\t\t\t\t<span class=\"elementor-button-text\">Send us a message<\/span>\n\t\t\t\t\t<\/span>\n\t\t\t\t\t<\/a>\n\t\t\t\t<\/div>\n\t\t\t\t\t\t\t\t<\/div>\n\t\t\t\t<\/div>\n\t\t\t\t<\/div>\n\t\t\t\t<div class=\"elementor-element elementor-element-6637681d elementor-widget__width-initial elementor-widget elementor-widget-image\" data-id=\"6637681d\" data-element_type=\"widget\" data-e-type=\"widget\" data-widget_type=\"image.default\">\n\t\t\t\t<div class=\"elementor-widget-container\">\n\t\t\t\t\t\t\t\t\t\t\t\t\t\t\t<img decoding=\"async\" width=\"544\" height=\"288\" src=\"https:\/\/formulazdravlja.com\/wp-content\/uploads\/2024\/10\/jabuka.png\" class=\"attachment-full size-full wp-image-1753\" alt=\"\" srcset=\"https:\/\/formulazdravlja.com\/wp-content\/uploads\/2024\/10\/jabuka.png 544w, https:\/\/formulazdravlja.com\/wp-content\/uploads\/2024\/10\/jabuka-300x159.png 300w\" sizes=\"(max-width: 544px) 100vw, 544px\" \/>\t\t\t\t\t\t\t\t\t\t\t\t\t\t\t<\/div>\n\t\t\t\t<\/div>\n\t\t\t\t\t<\/div>\n\t\t\t\t<\/div>\n\t\t\t\t\t<\/div>\n\t\t\t\t<\/div>\n\t\t\t\t<\/div>","protected":false},"excerpt":{"rendered":"<p>Hipofunkcija \u0161titaste \u017elezde Veliki broj ljudi ima probleme sa funkcionisanjem \u0161titaste \u017elezde i u potrazi je za re\u0161enjem ovog problema. Naj\u010de\u0161\u0107i razlog za\u0161to \u010ditate ovaj tekst je taj \u0161to smatrate da imate tegobe koje se mogu dovesti u vezu s umanjenjenom funkcijom \u0161titaste \u017elezde, ali su rezultati va\u0161ih laboratorijskih analiza \u201euredni\u201c. Zvani\u010dan stav je da [&hellip;]<\/p>\n","protected":false},"author":1,"featured_media":0,"parent":0,"menu_order":0,"comment_status":"closed","ping_status":"closed","template":"","meta":{"footnotes":""},"class_list":["post-2459","page","type-page","status-publish","hentry"],"blocksy_meta":{"has_hero_section":"disabled","vertical_spacing_source":"custom","content_area_spacing":"none","styles_descriptor":{"styles":{"desktop":"","tablet":"","mobile":""},"google_fonts":[],"version":6}},"_links":{"self":[{"href":"https:\/\/formulazdravlja.com\/en\/wp-json\/wp\/v2\/pages\/2459","targetHints":{"allow":["GET"]}}],"collection":[{"href":"https:\/\/formulazdravlja.com\/en\/wp-json\/wp\/v2\/pages"}],"about":[{"href":"https:\/\/formulazdravlja.com\/en\/wp-json\/wp\/v2\/types\/page"}],"author":[{"embeddable":true,"href":"https:\/\/formulazdravlja.com\/en\/wp-json\/wp\/v2\/users\/1"}],"replies":[{"embeddable":true,"href":"https:\/\/formulazdravlja.com\/en\/wp-json\/wp\/v2\/comments?post=2459"}],"version-history":[{"count":10,"href":"https:\/\/formulazdravlja.com\/en\/wp-json\/wp\/v2\/pages\/2459\/revisions"}],"predecessor-version":[{"id":2772,"href":"https:\/\/formulazdravlja.com\/en\/wp-json\/wp\/v2\/pages\/2459\/revisions\/2772"}],"wp:attachment":[{"href":"https:\/\/formulazdravlja.com\/en\/wp-json\/wp\/v2\/media?parent=2459"}],"curies":[{"name":"wp","href":"https:\/\/api.w.org\/{rel}","templated":true}]}}