{"id":2717,"date":"2024-11-10T09:46:04","date_gmt":"2024-11-10T08:46:04","guid":{"rendered":"https:\/\/formulazdravlja.com\/?page_id=2717"},"modified":"2025-01-14T11:34:21","modified_gmt":"2025-01-14T10:34:21","slug":"protokol-iedm-francuska","status":"publish","type":"page","link":"https:\/\/formulazdravlja.com\/en\/protokol-iedm-francuska\/","title":{"rendered":"Protokol IEDM"},"content":{"rendered":"<div data-elementor-type=\"wp-page\" data-elementor-id=\"2717\" class=\"elementor elementor-2717\">\n\t\t\t\t<div class=\"elementor-element elementor-element-21fc403 e-flex e-con-boxed e-con e-parent\" data-id=\"21fc403\" data-element_type=\"container\" data-e-type=\"container\">\n\t\t\t\t\t<div class=\"e-con-inner\">\n\t\t<div class=\"elementor-element elementor-element-3b99d1b e-flex e-con-boxed e-con e-child\" data-id=\"3b99d1b\" data-element_type=\"container\" data-e-type=\"container\" data-settings=\"{&quot;background_background&quot;:&quot;classic&quot;}\">\n\t\t\t\t\t<div class=\"e-con-inner\">\n\t\t<div class=\"elementor-element elementor-element-808fb92 e-con-full e-flex e-con e-child\" data-id=\"808fb92\" data-element_type=\"container\" data-e-type=\"container\">\n\t\t\t\t<div class=\"elementor-element elementor-element-69e14f5 elementor-invisible elementor-widget elementor-widget-heading\" data-id=\"69e14f5\" data-element_type=\"widget\" data-e-type=\"widget\" data-settings=\"{&quot;_animation&quot;:&quot;zoomIn&quot;}\" data-widget_type=\"heading.default\">\n\t\t\t\t<div class=\"elementor-widget-container\">\n\t\t\t\t\t<h2 class=\"elementor-heading-title elementor-size-default\">Protocol of European Institute for Dietetics and Micronutrition \u2013 IEDM, Paris, France<\/h2>\t\t\t\t<\/div>\n\t\t\t\t<\/div>\n\t\t\t\t<\/div>\n\t\t<div class=\"elementor-element elementor-element-ee88ee0 e-con-full e-flex e-con e-child\" data-id=\"ee88ee0\" data-element_type=\"container\" data-e-type=\"container\">\n\t\t\t\t<div class=\"elementor-element elementor-element-876b21e elementor-widget elementor-widget-image\" data-id=\"876b21e\" data-element_type=\"widget\" data-e-type=\"widget\" data-widget_type=\"image.default\">\n\t\t\t\t<div class=\"elementor-widget-container\">\n\t\t\t\t\t\t\t\t\t\t\t\t\t\t\t<img decoding=\"async\" width=\"338\" height=\"138\" src=\"https:\/\/formulazdravlja.com\/wp-content\/uploads\/2024\/11\/institut.png\" class=\"attachment-large size-large wp-image-2668\" alt=\"\" srcset=\"https:\/\/formulazdravlja.com\/wp-content\/uploads\/2024\/11\/institut.png 338w, https:\/\/formulazdravlja.com\/wp-content\/uploads\/2024\/11\/institut-300x122.png 300w\" sizes=\"(max-width: 338px) 100vw, 338px\" \/>\t\t\t\t\t\t\t\t\t\t\t\t\t\t\t<\/div>\n\t\t\t\t<\/div>\n\t\t\t\t<\/div>\n\t\t\t\t\t<\/div>\n\t\t\t\t<\/div>\n\t\t\t\t\t<\/div>\n\t\t\t\t<\/div>\n\t\t<div class=\"elementor-element elementor-element-27a9fdd e-flex e-con-boxed e-con e-parent\" data-id=\"27a9fdd\" data-element_type=\"container\" data-e-type=\"container\">\n\t\t\t\t\t<div class=\"e-con-inner\">\n\t\t\t\t<div class=\"elementor-element elementor-element-82b6b47 elementor-widget elementor-widget-text-editor\" data-id=\"82b6b47\" data-element_type=\"widget\" data-e-type=\"widget\" data-widget_type=\"text-editor.default\">\n\t\t\t\t<div class=\"elementor-widget-container\">\n\t\t\t\t\t\t\t\t\t<p>Research on the health effects of the microbiota (intestinal microflora), the use of micronutrients and quality nutrition, are daily in the focus of the professional public around the world. Numerous papers indicate that quality and timely application of dietary supplements (including the previously mentioned microbiota and micronutrients), under supervision of a health professionals, has a significant and beneficial health effect and can, applied with drug therapy, significantly accelerate the recovery process and bring back body to the state of balance (homeostasis).<\/p><p>Prof. dr Du\u0161an Ve\u0161ovi\u0107 has acchieved scientific cooperation with <a href=\"https:\/\/www.iedm.asso.fr\/?lang=en\" target=\"_blank\" rel=\"noopener\">the European Institute for Dietetics and Micronutrition \u2013 IEDM from Paris, France<\/a> In accordance with IEDM protocols, prof. Ve\u0161ovi\u0107 counsels his patients as well as he teaches health care professionals in Serbia how to understand and implement the protocols of IEDM related to nutrition and application of micronutrients in their patients. More about health care workers education, as for all others who are interested in this topic, you may find <a href=\"https:\/\/mikronutricija.rs\/edukacija\/\" target=\"_blank\" rel=\"noopener\">here.<\/a><\/p><p>In order to come to the counseling on nutrition and micronutrients use, you need to fill out two questionnaires online, which you will find at the addresses listed below. One questionnaire refers to your health condition, while the other refers to your nutrition. The results of the questionnaire are linked to each other and nutrition lifestyle habits that lead to health disorders are observed. By correcting them, health problems are reduced and the health condition is improved. On the other hand, the questionnaires also show certain symptoms caused by a deficiency of certain micronutrients and \/ or dysbiosis (disorder of the intestinal microflora), which indicates the need for the use of certain dietary supplements. The questionnaires were created by experts from the European Institute for Dietetics and Micronutrition from Paris, France.<\/p><p>Once you fill out the questionnaires, the computer program instructs you to send the results to your \"email\" address, as well as to the address of the Center \u2013 <a href=\"mailto:prof.vesovic@formulazdravlja.com\">prof.vesovic@formulazdravlja.com<\/a>, after which you schedule a consultation. To schedule an appointment for consultations, please send an inquiry to the \"e-mail\" of the Center \u2013 <a href=\"mailto:prof.vesovic@formulazdravlja.com\">prof.vesovic@formulazdravlja.com<\/a>, so that we can have your contact and arrange an appointment. During the first consultation, the results of the questionnaire are explained to you, the method is explained to you and specific guidelines are given on how to improve your health by adequate nutrition and the use of dietary supplements. The first consultation lasts 45 to 60 minutes; control check-ups take about 30 minutes. There is a possibility of \"online\" consultation, if it suits you better (skype, viber, whatsapp).<br \/>The addresses of the websites where the questionnaires are located are:<\/p><p><a href=\"https:\/\/www.qms-iedm.rs\" target=\"_blank\" rel=\"noopener\">https:\/\/www.qms-iedm.rs<\/a> (questionnaire is related to your health condition)<br \/><a href=\"https:\/\/www.qaf-iedm.rs\" target=\"_blank\" rel=\"noopener\">https:\/\/www.qaf-iedm.rs<\/a> (questionnaire is related to your nutrition habits)<\/p><p>Questionnaires can also be found on the next <a href=\"https:\/\/mikronutricija.rs\/\" target=\"_blank\" rel=\"noopener\">page<\/a>, where you will also find numerous scientific papers which in popular way explain the importance of microbiota modulation and the use of appropriate and quality micronutrients in maintaining health and strengthening the immune system function, which also helps in deseases prevention.<\/p><p>Do not forget to fill in both questionnaires.<\/p><p><b>PLEASE NOTE:<\/b><br \/>When you fill out the questionnaires, in the window that appears at the end, you need to enter your data (name, surname, date of birth, email address), as well as my email address, and press OK. You need to receive the results of the questionnaire to your email address as confirmation that you have successfully completed and sent the results of the questionnaire.<\/p><p>After you complete both questionnaires, please send an e-mail to the Center \u2013 <a href=\"mailto:prof.vesovic@formulazdravlja.com\" target=\"_top\">prof.vesovic@formulazdravlja.com<\/a>, to get in touch and arrange a consultation. Otherwise, we will not be able to get in touch with you<\/p>\t\t\t\t\t\t\t\t<\/div>\n\t\t\t\t<\/div>\n\t\t\t\t\t<\/div>\n\t\t\t\t<\/div>\n\t\t<div class=\"elementor-element elementor-element-1f49342b e-flex e-con-boxed e-con e-parent\" data-id=\"1f49342b\" data-element_type=\"container\" data-e-type=\"container\" data-settings=\"{&quot;background_background&quot;:&quot;classic&quot;}\">\n\t\t\t\t\t<div class=\"e-con-inner\">\n\t\t<div class=\"elementor-element elementor-element-61f9b866 e-flex e-con-boxed e-con e-child\" data-id=\"61f9b866\" data-element_type=\"container\" data-e-type=\"container\" data-settings=\"{&quot;background_background&quot;:&quot;classic&quot;}\">\n\t\t\t\t\t<div class=\"e-con-inner\">\n\t\t<div class=\"elementor-element elementor-element-2260795 e-con-full e-flex e-con e-child\" data-id=\"2260795\" data-element_type=\"container\" data-e-type=\"container\">\n\t\t\t\t<div class=\"elementor-element elementor-element-63dd71a2 elementor-widget elementor-widget-heading\" data-id=\"63dd71a2\" data-element_type=\"widget\" data-e-type=\"widget\" data-widget_type=\"heading.default\">\n\t\t\t\t<div class=\"elementor-widget-container\">\n\t\t\t\t\t<h2 class=\"elementor-heading-title elementor-size-default\">Schedule a consultation\n<\/h2>\t\t\t\t<\/div>\n\t\t\t\t<\/div>\n\t\t\t\t<div class=\"elementor-element elementor-element-70751663 elementor-widget elementor-widget-text-editor\" data-id=\"70751663\" data-element_type=\"widget\" data-e-type=\"widget\" data-widget_type=\"text-editor.default\">\n\t\t\t\t<div class=\"elementor-widget-container\">\n\t\t\t\t\t\t\t\t\t<p>It's time to apply The HEALTH FORMULA\u00ae protocol!!!<\/p>\t\t\t\t\t\t\t\t<\/div>\n\t\t\t\t<\/div>\n\t\t<div class=\"elementor-element elementor-element-20d72a2f e-con-full e-flex e-con e-child\" data-id=\"20d72a2f\" data-element_type=\"container\" data-e-type=\"container\">\n\t\t\t\t<div class=\"elementor-element elementor-element-1d0011fd elementor-widget elementor-widget-counter\" data-id=\"1d0011fd\" data-element_type=\"widget\" data-e-type=\"widget\" data-widget_type=\"counter.default\">\n\t\t\t\t<div class=\"elementor-widget-container\">\n\t\t\t\t\t\t\t<div class=\"elementor-counter\">\n\t\t\t<div class=\"elementor-counter-title\">Satisfied clients<\/div>\t\t\t<div class=\"elementor-counter-number-wrapper\">\n\t\t\t\t<span class=\"elementor-counter-number-prefix\"><\/span>\n\t\t\t\t<span class=\"elementor-counter-number\" data-duration=\"2000\" data-to-value=\"2500\" data-from-value=\"0\" data-delimiter=\",\">0<\/span>\n\t\t\t\t<span class=\"elementor-counter-number-suffix\">+<\/span>\n\t\t\t<\/div>\n\t\t<\/div>\n\t\t\t\t\t\t<\/div>\n\t\t\t\t<\/div>\n\t\t\t\t<div class=\"elementor-element elementor-element-18b2cd3 elementor-widget elementor-widget-counter\" data-id=\"18b2cd3\" data-element_type=\"widget\" data-e-type=\"widget\" data-widget_type=\"counter.default\">\n\t\t\t\t<div class=\"elementor-widget-container\">\n\t\t\t\t\t\t\t<div class=\"elementor-counter\">\n\t\t\t<div class=\"elementor-counter-title\">Years of experience<\/div>\t\t\t<div class=\"elementor-counter-number-wrapper\">\n\t\t\t\t<span class=\"elementor-counter-number-prefix\"><\/span>\n\t\t\t\t<span class=\"elementor-counter-number\" data-duration=\"2000\" data-to-value=\"30\" data-from-value=\"0\" data-delimiter=\",\">0<\/span>\n\t\t\t\t<span class=\"elementor-counter-number-suffix\">+<\/span>\n\t\t\t<\/div>\n\t\t<\/div>\n\t\t\t\t\t\t<\/div>\n\t\t\t\t<\/div>\n\t\t\t\t<div class=\"elementor-element elementor-element-1c811bab elementor-widget elementor-widget-counter\" data-id=\"1c811bab\" data-element_type=\"widget\" data-e-type=\"widget\" data-widget_type=\"counter.default\">\n\t\t\t\t<div class=\"elementor-widget-container\">\n\t\t\t\t\t\t\t<div class=\"elementor-counter\">\n\t\t\t<div class=\"elementor-counter-title\">Papers and publications<\/div>\t\t\t<div class=\"elementor-counter-number-wrapper\">\n\t\t\t\t<span class=\"elementor-counter-number-prefix\"><\/span>\n\t\t\t\t<span class=\"elementor-counter-number\" data-duration=\"2000\" data-to-value=\"320\" data-from-value=\"0\" data-delimiter=\",\">0<\/span>\n\t\t\t\t<span class=\"elementor-counter-number-suffix\">+<\/span>\n\t\t\t<\/div>\n\t\t<\/div>\n\t\t\t\t\t\t<\/div>\n\t\t\t\t<\/div>\n\t\t\t\t<\/div>\n\t\t\t\t<div class=\"elementor-element elementor-element-131c5a9a elementor-widget elementor-widget-button\" data-id=\"131c5a9a\" data-element_type=\"widget\" data-e-type=\"widget\" data-widget_type=\"button.default\">\n\t\t\t\t<div class=\"elementor-widget-container\">\n\t\t\t\t\t\t\t\t\t<div class=\"elementor-button-wrapper\">\n\t\t\t\t\t<a class=\"elementor-button elementor-button-link elementor-size-sm\" href=\"https:\/\/formulazdravlja.com\/en\/kontakt\/\">\n\t\t\t\t\t\t<span class=\"elementor-button-content-wrapper\">\n\t\t\t\t\t\t<span class=\"elementor-button-icon\">\n\t\t\t\t<svg xmlns=\"http:\/\/www.w3.org\/2000\/svg\" viewbox=\"0 0 24 24\"><path fill-rule=\"evenodd\" d=\"M24 0v22.78h-2.87V4.9L2.03 24 0 21.97l19.1-19.1H1.26V0H24Z\"><\/path><\/svg>\t\t\t<\/span>\n\t\t\t\t\t\t\t\t\t<span class=\"elementor-button-text\">Send us a message<\/span>\n\t\t\t\t\t<\/span>\n\t\t\t\t\t<\/a>\n\t\t\t\t<\/div>\n\t\t\t\t\t\t\t\t<\/div>\n\t\t\t\t<\/div>\n\t\t\t\t<\/div>\n\t\t\t\t<div class=\"elementor-element elementor-element-6637681d elementor-widget__width-initial elementor-widget elementor-widget-image\" data-id=\"6637681d\" data-element_type=\"widget\" data-e-type=\"widget\" data-widget_type=\"image.default\">\n\t\t\t\t<div class=\"elementor-widget-container\">\n\t\t\t\t\t\t\t\t\t\t\t\t\t\t\t<img fetchpriority=\"high\" decoding=\"async\" width=\"544\" height=\"288\" src=\"https:\/\/formulazdravlja.com\/wp-content\/uploads\/2024\/10\/jabuka.png\" class=\"attachment-full size-full wp-image-1753\" alt=\"\" srcset=\"https:\/\/formulazdravlja.com\/wp-content\/uploads\/2024\/10\/jabuka.png 544w, https:\/\/formulazdravlja.com\/wp-content\/uploads\/2024\/10\/jabuka-300x159.png 300w\" sizes=\"(max-width: 544px) 100vw, 544px\" \/>\t\t\t\t\t\t\t\t\t\t\t\t\t\t\t<\/div>\n\t\t\t\t<\/div>\n\t\t\t\t\t<\/div>\n\t\t\t\t<\/div>\n\t\t\t\t\t<\/div>\n\t\t\t\t<\/div>\n\t\t\t\t<\/div>","protected":false},"excerpt":{"rendered":"<p>Protokol Evropskog instituta za ishranu i mikronutriciju &#8211; IEDM iz Pariza, Francuska Istra\u017eivanja u vezi zdravstvenih efekata mikrobiote (crevna mikroflora), primene mikronutrijenata i kvalitetne ishrane, su svakodnevno u \u017ei\u017ei stru\u010dne javnosti u celom svetu. Brojni radovi ukazuju da kvalitetna i pravovremena primena dodataka ishrani (me\u0111u kojima se nalaze i prethodno pomenuta mikrobiota i mikronutrijenti), dozirana [&hellip;]<\/p>\n","protected":false},"author":1,"featured_media":0,"parent":0,"menu_order":0,"comment_status":"closed","ping_status":"closed","template":"","meta":{"footnotes":""},"class_list":["post-2717","page","type-page","status-publish","hentry"],"blocksy_meta":{"has_hero_section":"disabled","vertical_spacing_source":"custom","content_area_spacing":"none","styles_descriptor":{"styles":{"desktop":"","tablet":"","mobile":""},"google_fonts":[],"version":6}},"_links":{"self":[{"href":"https:\/\/formulazdravlja.com\/en\/wp-json\/wp\/v2\/pages\/2717","targetHints":{"allow":["GET"]}}],"collection":[{"href":"https:\/\/formulazdravlja.com\/en\/wp-json\/wp\/v2\/pages"}],"about":[{"href":"https:\/\/formulazdravlja.com\/en\/wp-json\/wp\/v2\/types\/page"}],"author":[{"embeddable":true,"href":"https:\/\/formulazdravlja.com\/en\/wp-json\/wp\/v2\/users\/1"}],"replies":[{"embeddable":true,"href":"https:\/\/formulazdravlja.com\/en\/wp-json\/wp\/v2\/comments?post=2717"}],"version-history":[{"count":17,"href":"https:\/\/formulazdravlja.com\/en\/wp-json\/wp\/v2\/pages\/2717\/revisions"}],"predecessor-version":[{"id":2868,"href":"https:\/\/formulazdravlja.com\/en\/wp-json\/wp\/v2\/pages\/2717\/revisions\/2868"}],"wp:attachment":[{"href":"https:\/\/formulazdravlja.com\/en\/wp-json\/wp\/v2\/media?parent=2717"}],"curies":[{"name":"wp","href":"https:\/\/api.w.org\/{rel}","templated":true}]}}