{"id":2063,"date":"2024-10-28T16:59:56","date_gmt":"2024-10-28T15:59:56","guid":{"rendered":"https:\/\/formulazdravlja.com\/?page_id=2063"},"modified":"2026-01-10T09:59:47","modified_gmt":"2026-01-10T08:59:47","slug":"knjiga-formula-zdravlja","status":"publish","type":"page","link":"https:\/\/formulazdravlja.com\/sr\/knjiga-formula-zdravlja\/","title":{"rendered":"Knjiga FORMULA ZDRAVLJA"},"content":{"rendered":"\t\t<div data-elementor-type=\"wp-page\" data-elementor-id=\"2063\" class=\"elementor elementor-2063\">\n\t\t\t\t<div class=\"elementor-element elementor-element-21fc403 e-flex e-con-boxed e-con e-parent\" data-id=\"21fc403\" data-element_type=\"container\" data-e-type=\"container\">\n\t\t\t\t\t<div class=\"e-con-inner\">\n\t\t\t\t<div class=\"elementor-element elementor-element-69e14f5 elementor-invisible elementor-widget elementor-widget-heading\" data-id=\"69e14f5\" data-element_type=\"widget\" data-e-type=\"widget\" data-settings=\"{&quot;_animation&quot;:&quot;zoomIn&quot;}\" data-widget_type=\"heading.default\">\n\t\t\t\t<div class=\"elementor-widget-container\">\n\t\t\t\t\t<h2 class=\"elementor-heading-title elementor-size-default\">Knjiga FORMULA ZDRAVLJA<\/h2>\t\t\t\t<\/div>\n\t\t\t\t<\/div>\n\t\t<div class=\"elementor-element elementor-element-3b99d1b e-flex e-con-boxed e-con e-child\" data-id=\"3b99d1b\" data-element_type=\"container\" data-e-type=\"container\" data-settings=\"{&quot;background_background&quot;:&quot;classic&quot;}\">\n\t\t\t\t\t<div class=\"e-con-inner\">\n\t\t<div class=\"elementor-element elementor-element-ee88ee0 e-con-full e-flex e-con e-child\" data-id=\"ee88ee0\" data-element_type=\"container\" data-e-type=\"container\">\n\t\t\t\t<div class=\"elementor-element elementor-element-876b21e elementor-widget elementor-widget-image\" data-id=\"876b21e\" data-element_type=\"widget\" data-e-type=\"widget\" data-widget_type=\"image.default\">\n\t\t\t\t<div class=\"elementor-widget-container\">\n\t\t\t\t\t\t\t\t\t\t\t\t\t\t\t<img fetchpriority=\"high\" decoding=\"async\" width=\"600\" height=\"400\" src=\"https:\/\/formulazdravlja.com\/wp-content\/uploads\/2024\/10\/knjiga_sajt.jpg\" class=\"attachment-large size-large wp-image-1764\" alt=\"\" srcset=\"https:\/\/formulazdravlja.com\/wp-content\/uploads\/2024\/10\/knjiga_sajt.jpg 600w, https:\/\/formulazdravlja.com\/wp-content\/uploads\/2024\/10\/knjiga_sajt-300x200.jpg 300w\" sizes=\"(max-width: 600px) 100vw, 600px\" \/>\t\t\t\t\t\t\t\t\t\t\t\t\t\t\t<\/div>\n\t\t\t\t<\/div>\n\t\t\t\t<\/div>\n\t\t<div class=\"elementor-element elementor-element-808fb92 e-con-full e-flex e-con e-child\" data-id=\"808fb92\" data-element_type=\"container\" data-e-type=\"container\">\n\t\t\t\t<div class=\"elementor-element elementor-element-0ba7c5c elementor-invisible elementor-widget elementor-widget-heading\" data-id=\"0ba7c5c\" data-element_type=\"widget\" data-e-type=\"widget\" data-settings=\"{&quot;_animation&quot;:&quot;zoomIn&quot;}\" data-widget_type=\"heading.default\">\n\t\t\t\t<div class=\"elementor-widget-container\">\n\t\t\t\t\t<h2 class=\"elementor-heading-title elementor-size-default\">\u017delite li da su\u0161tinski uradite ne\u0161to za svoje zdravlje?<\/h2>\t\t\t\t<\/div>\n\t\t\t\t<\/div>\n\t\t\t\t<div class=\"elementor-element elementor-element-7fca67a elementor-widget__width-initial elementor-widget elementor-widget-text-editor\" data-id=\"7fca67a\" data-element_type=\"widget\" data-e-type=\"widget\" data-widget_type=\"text-editor.default\">\n\t\t\t\t<div class=\"elementor-widget-container\">\n\t\t\t\t\t\t\t\t\t<p>U knjizi FORMULA ZDRAVLJA nema tajni, ne postoji \u201eeliksir mladosti\u201d, ve\u0107 samo formula \u2013 skup brojnih aktivnosti koje \u0107e nam omogu\u0107iti<\/p><ul><li>da budemo zdravi i vitki<\/li><li>da uradimo su\u0161tinski, temeljni <em>anti-age<\/em> tretman svog organizma i<\/li><li>da budemo fizi\u010dki i mentalno aktivni u svim \u017eivotnim dobima.<\/li><\/ul>\t\t\t\t\t\t\t\t<\/div>\n\t\t\t\t<\/div>\n\t\t\t\t<div class=\"elementor-element elementor-element-e44d0f4 elementor-invisible elementor-widget elementor-widget-heading\" data-id=\"e44d0f4\" data-element_type=\"widget\" data-e-type=\"widget\" data-settings=\"{&quot;_animation&quot;:&quot;zoomIn&quot;}\" data-widget_type=\"heading.default\">\n\t\t\t\t<div class=\"elementor-widget-container\">\n\t\t\t\t\t<h2 class=\"elementor-heading-title elementor-size-default\">Ta formula je pred Vama!<\/h2>\t\t\t\t<\/div>\n\t\t\t\t<\/div>\n\t\t\t\t<div class=\"elementor-element elementor-element-bbc76ab elementor-align-center elementor-widget elementor-widget-button\" data-id=\"bbc76ab\" data-element_type=\"widget\" data-e-type=\"widget\" data-widget_type=\"button.default\">\n\t\t\t\t<div class=\"elementor-widget-container\">\n\t\t\t\t\t\t\t\t\t<div class=\"elementor-button-wrapper\">\n\t\t\t\t\t<a class=\"elementor-button elementor-button-link elementor-size-sm\" href=\"https:\/\/formulazdravlja.com\/wp-content\/uploads\/2025\/12\/Uplatnica-knjiga-adresa.jpg\">\n\t\t\t\t\t\t<span class=\"elementor-button-content-wrapper\">\n\t\t\t\t\t\t<span class=\"elementor-button-icon\">\n\t\t\t\t<svg xmlns=\"http:\/\/www.w3.org\/2000\/svg\" viewBox=\"0 0 24 24\"><path fill-rule=\"evenodd\" d=\"M24 0v22.78h-2.87V4.9L2.03 24 0 21.97l19.1-19.1H1.26V0H24Z\"><\/path><\/svg>\t\t\t<\/span>\n\t\t\t\t\t\t\t\t\t<span class=\"elementor-button-text\">Naru\u010dite knjigu<\/span>\n\t\t\t\t\t<\/span>\n\t\t\t\t\t<\/a>\n\t\t\t\t<\/div>\n\t\t\t\t\t\t\t\t<\/div>\n\t\t\t\t<\/div>\n\t\t\t\t<\/div>\n\t\t\t\t\t<\/div>\n\t\t\t\t<\/div>\n\t\t\t\t\t<\/div>\n\t\t\t\t<\/div>\n\t\t<div class=\"elementor-element elementor-element-27a9fdd e-flex e-con-boxed e-con e-parent\" data-id=\"27a9fdd\" data-element_type=\"container\" data-e-type=\"container\">\n\t\t\t\t\t<div class=\"e-con-inner\">\n\t\t\t\t<div class=\"elementor-element elementor-element-82b6b47 elementor-widget elementor-widget-text-editor\" data-id=\"82b6b47\" data-element_type=\"widget\" data-e-type=\"widget\" data-widget_type=\"text-editor.default\">\n\t\t\t\t<div class=\"elementor-widget-container\">\n\t\t\t\t\t\t\t\t\t<div class=\"elementor-element elementor-element-86f4340 e-flex e-con-boxed e-con e-parent e-lazyloaded\" data-id=\"86f4340\" data-element_type=\"container\"><div class=\"e-con-inner\"><div class=\"elementor-element elementor-element-b32eec8 elementor-widget elementor-widget-text-editor\" data-id=\"b32eec8\" data-element_type=\"widget\" data-widget_type=\"text-editor.default\"><div class=\"elementor-widget-container\"><p>Napomena: cena uklju\u010duje i dostavu knjige Post Express-om na teritoriji Republike Srbije.<\/p><\/div><\/div><div class=\"elementor-element elementor-element-b44e9ff elementor-widget elementor-widget-text-editor\" data-id=\"b44e9ff\" data-element_type=\"widget\" data-widget_type=\"text-editor.default\"><div class=\"elementor-widget-container\"><p>Recenzija knjige \u201eFormula zdravlja\u201c autora prof. dr Du\u0161ana Ve\u0161ovi\u0107a (2019)<\/p><p>Kao glavni i odgovorni urednik me\u0111unarodnog \u010dasopisa \u201eNoise and Health\u201c (Wolters Kluwer) svakodnevno \u010ditam i recenziram nau\u010dne radove koji su \u0161irokoj \u010ditala\u010dkoj publici neretko te\u0161ko razumljivi, jer se u njima koristi nau\u010dni jezik sa mno\u0161tvom vrlo specifi\u010dnih izraza. Nasuprot tome, \u010ditaju\u0107i knjigu \u201eFormula zdravlja\u201c, profesora Du\u0161ana Ve\u0161ovi\u0107a, mogao sam da u\u017eivam kao \u201eobi\u010dan\u201c \u010ditaoc, kao da sam uzeo u ruku stare dobre tekstove prof. Milana Jovanovi\u0107a Batuta kojima je podu\u010davao zdravom \u017eivotu srpski narod. Dr Ve\u0161ovi\u0107 je iskusan lekar koji je sasvim ispravno shvatio da se le\u010di \u010dovek, a ne bolest i da se integrativnim pristupom posti\u017eu mnogo bolji rezultati u iskorenjivanju, a ne samo suzbijanju bolesti. Jasnim stilom i jezikom razumljivim svakom \u010doveku, dr Ve\u0161ovi\u0107 podu\u010dava o zna\u010daju pravilne ishrane, fizi\u010dke aktivnosti, hidrataciji, dijetetskim suplementima, elekromagnetnom polju, relaksaciji i prirodnom starenju. Najja\u010da strana ove knjige je upravo integrativna medicina kojom se dr Ve\u0161ovi\u0107 posve\u0107eno bavi i objavljuje nau\u010dne radove. Sla\u017eem se sa dr Ve\u0161ovi\u0107evim stavom da integrativnoj medicini pripada budu\u0107nost, jer ona uzima sve dobro iz medicine zasnovane na dokazima, ali i tradicionalne i alternativne medicine, a sve u korist \u010doveka. Srpski narod ka\u017ee \u201eKo sam sebe \u010duva, i Bog ga \u010duva!\u201c.<\/p><p>Objavljivanjem ove knjige kao kompilacije ispravnih i nau\u010dno zasnovanih saveta o zdravom \u017eivotu, dr Ve\u0161ovi\u0107 obavlja misiju lekara i humaniste kojom poma\u017ee \u010ditaocu upravo da \u201esam sebe sa\u010duva!\u201c. Toplo preporu\u010dujem!<\/p><\/div><\/div><\/div><\/div>\t\t\t\t\t\t\t\t<\/div>\n\t\t\t\t<\/div>\n\t\t\t\t\t<\/div>\n\t\t\t\t<\/div>\n\t\t<div class=\"elementor-element elementor-element-269c5aa e-flex e-con-boxed e-con e-parent\" data-id=\"269c5aa\" data-element_type=\"container\" data-e-type=\"container\">\n\t\t\t\t\t<div class=\"e-con-inner\">\n\t\t\t\t<div class=\"elementor-element elementor-element-c33f8ec elementor-widget elementor-widget-image\" data-id=\"c33f8ec\" data-element_type=\"widget\" data-e-type=\"widget\" data-widget_type=\"image.default\">\n\t\t\t\t<div class=\"elementor-widget-container\">\n\t\t\t\t\t\t\t\t\t\t\t\t\t\t\t<img decoding=\"async\" width=\"150\" height=\"52\" src=\"https:\/\/formulazdravlja.com\/wp-content\/uploads\/2024\/10\/potpis.png\" class=\"attachment-large size-large wp-image-2068\" alt=\"\" \/>\t\t\t\t\t\t\t\t\t\t\t\t\t\t\t<\/div>\n\t\t\t\t<\/div>\n\t\t\t\t<div class=\"elementor-element elementor-element-9b505b6 elementor-widget elementor-widget-text-editor\" data-id=\"9b505b6\" data-element_type=\"widget\" data-e-type=\"widget\" data-widget_type=\"text-editor.default\">\n\t\t\t\t<div class=\"elementor-widget-container\">\n\t\t\t\t\t\t\t\t\t<p>Prof. dr Goran Belojevi\u0107 Specijalista higijene<br \/>Editor-in-Chief<br \/>Noise and Health<br \/>A Quarterly International Intrerdisciplinary Scientific Journal<br \/>Wolters Kluwer<\/p>\t\t\t\t\t\t\t\t<\/div>\n\t\t\t\t<\/div>\n\t\t\t\t\t<\/div>\n\t\t\t\t<\/div>\n\t\t<div class=\"elementor-element elementor-element-1f49342b e-flex e-con-boxed e-con e-parent\" data-id=\"1f49342b\" data-element_type=\"container\" data-e-type=\"container\" data-settings=\"{&quot;background_background&quot;:&quot;classic&quot;}\">\n\t\t\t\t\t<div class=\"e-con-inner\">\n\t\t<div class=\"elementor-element elementor-element-61f9b866 e-flex e-con-boxed e-con e-child\" data-id=\"61f9b866\" data-element_type=\"container\" data-e-type=\"container\" data-settings=\"{&quot;background_background&quot;:&quot;classic&quot;}\">\n\t\t\t\t\t<div class=\"e-con-inner\">\n\t\t<div class=\"elementor-element elementor-element-2260795 e-con-full e-flex e-con e-child\" data-id=\"2260795\" data-element_type=\"container\" data-e-type=\"container\">\n\t\t\t\t<div class=\"elementor-element elementor-element-63dd71a2 elementor-widget elementor-widget-heading\" data-id=\"63dd71a2\" data-element_type=\"widget\" data-e-type=\"widget\" data-widget_type=\"heading.default\">\n\t\t\t\t<div class=\"elementor-widget-container\">\n\t\t\t\t\t<h2 class=\"elementor-heading-title elementor-size-default\">Zaka\u017eite konsultaciju\n<\/h2>\t\t\t\t<\/div>\n\t\t\t\t<\/div>\n\t\t\t\t<div class=\"elementor-element elementor-element-70751663 elementor-widget elementor-widget-text-editor\" data-id=\"70751663\" data-element_type=\"widget\" data-e-type=\"widget\" data-widget_type=\"text-editor.default\">\n\t\t\t\t<div class=\"elementor-widget-container\">\n\t\t\t\t\t\t\t\t\t<p>Vreme je za primenu protokola FORMULA ZDRAVLJA!<\/p>\t\t\t\t\t\t\t\t<\/div>\n\t\t\t\t<\/div>\n\t\t<div class=\"elementor-element elementor-element-20d72a2f e-con-full e-flex e-con e-child\" data-id=\"20d72a2f\" data-element_type=\"container\" data-e-type=\"container\">\n\t\t\t\t<div class=\"elementor-element elementor-element-1d0011fd elementor-widget elementor-widget-counter\" data-id=\"1d0011fd\" data-element_type=\"widget\" data-e-type=\"widget\" data-widget_type=\"counter.default\">\n\t\t\t\t<div class=\"elementor-widget-container\">\n\t\t\t\t\t\t\t<div class=\"elementor-counter\">\n\t\t\t<div class=\"elementor-counter-title\">Zadovoljnih klijenata<\/div>\t\t\t<div class=\"elementor-counter-number-wrapper\">\n\t\t\t\t<span class=\"elementor-counter-number-prefix\"><\/span>\n\t\t\t\t<span class=\"elementor-counter-number\" data-duration=\"2000\" data-to-value=\"2500\" data-from-value=\"0\" data-delimiter=\",\">0<\/span>\n\t\t\t\t<span class=\"elementor-counter-number-suffix\">+<\/span>\n\t\t\t<\/div>\n\t\t<\/div>\n\t\t\t\t\t\t<\/div>\n\t\t\t\t<\/div>\n\t\t\t\t<div class=\"elementor-element elementor-element-18b2cd3 elementor-widget elementor-widget-counter\" data-id=\"18b2cd3\" data-element_type=\"widget\" data-e-type=\"widget\" data-widget_type=\"counter.default\">\n\t\t\t\t<div class=\"elementor-widget-container\">\n\t\t\t\t\t\t\t<div class=\"elementor-counter\">\n\t\t\t<div class=\"elementor-counter-title\">Godina iskustva<\/div>\t\t\t<div class=\"elementor-counter-number-wrapper\">\n\t\t\t\t<span class=\"elementor-counter-number-prefix\"><\/span>\n\t\t\t\t<span class=\"elementor-counter-number\" data-duration=\"2000\" data-to-value=\"30\" data-from-value=\"0\" data-delimiter=\",\">0<\/span>\n\t\t\t\t<span class=\"elementor-counter-number-suffix\">+<\/span>\n\t\t\t<\/div>\n\t\t<\/div>\n\t\t\t\t\t\t<\/div>\n\t\t\t\t<\/div>\n\t\t\t\t<div class=\"elementor-element elementor-element-1c811bab elementor-widget elementor-widget-counter\" data-id=\"1c811bab\" data-element_type=\"widget\" data-e-type=\"widget\" data-widget_type=\"counter.default\">\n\t\t\t\t<div class=\"elementor-widget-container\">\n\t\t\t\t\t\t\t<div class=\"elementor-counter\">\n\t\t\t<div class=\"elementor-counter-title\">Radova i publikacija<\/div>\t\t\t<div class=\"elementor-counter-number-wrapper\">\n\t\t\t\t<span class=\"elementor-counter-number-prefix\"><\/span>\n\t\t\t\t<span class=\"elementor-counter-number\" data-duration=\"2000\" data-to-value=\"320\" data-from-value=\"0\" data-delimiter=\",\">0<\/span>\n\t\t\t\t<span class=\"elementor-counter-number-suffix\">+<\/span>\n\t\t\t<\/div>\n\t\t<\/div>\n\t\t\t\t\t\t<\/div>\n\t\t\t\t<\/div>\n\t\t\t\t<\/div>\n\t\t\t\t<div class=\"elementor-element elementor-element-131c5a9a elementor-widget elementor-widget-button\" data-id=\"131c5a9a\" data-element_type=\"widget\" data-e-type=\"widget\" data-widget_type=\"button.default\">\n\t\t\t\t<div class=\"elementor-widget-container\">\n\t\t\t\t\t\t\t\t\t<div class=\"elementor-button-wrapper\">\n\t\t\t\t\t<a class=\"elementor-button elementor-button-link elementor-size-sm\" href=\"https:\/\/formulazdravlja.com\/kontakt\/\">\n\t\t\t\t\t\t<span class=\"elementor-button-content-wrapper\">\n\t\t\t\t\t\t<span class=\"elementor-button-icon\">\n\t\t\t\t<svg xmlns=\"http:\/\/www.w3.org\/2000\/svg\" viewBox=\"0 0 24 24\"><path fill-rule=\"evenodd\" d=\"M24 0v22.78h-2.87V4.9L2.03 24 0 21.97l19.1-19.1H1.26V0H24Z\"><\/path><\/svg>\t\t\t<\/span>\n\t\t\t\t\t\t\t\t\t<span class=\"elementor-button-text\">Po\u0161aljite poruku<\/span>\n\t\t\t\t\t<\/span>\n\t\t\t\t\t<\/a>\n\t\t\t\t<\/div>\n\t\t\t\t\t\t\t\t<\/div>\n\t\t\t\t<\/div>\n\t\t\t\t<\/div>\n\t\t\t\t<div class=\"elementor-element elementor-element-6637681d elementor-widget__width-initial elementor-widget elementor-widget-image\" data-id=\"6637681d\" data-element_type=\"widget\" data-e-type=\"widget\" data-widget_type=\"image.default\">\n\t\t\t\t<div class=\"elementor-widget-container\">\n\t\t\t\t\t\t\t\t\t\t\t\t\t\t\t<img decoding=\"async\" width=\"544\" height=\"288\" src=\"https:\/\/formulazdravlja.com\/wp-content\/uploads\/2024\/10\/jabuka.png\" class=\"attachment-full size-full wp-image-1753\" alt=\"\" srcset=\"https:\/\/formulazdravlja.com\/wp-content\/uploads\/2024\/10\/jabuka.png 544w, https:\/\/formulazdravlja.com\/wp-content\/uploads\/2024\/10\/jabuka-300x159.png 300w\" sizes=\"(max-width: 544px) 100vw, 544px\" \/>\t\t\t\t\t\t\t\t\t\t\t\t\t\t\t<\/div>\n\t\t\t\t<\/div>\n\t\t\t\t\t<\/div>\n\t\t\t\t<\/div>\n\t\t\t\t\t<\/div>\n\t\t\t\t<\/div>\n\t\t\t\t<\/div>\n\t\t","protected":false},"excerpt":{"rendered":"<p>Knjiga FORMULA ZDRAVLJA \u017delite li da su\u0161tinski uradite ne\u0161to za svoje zdravlje? U knjizi FORMULA ZDRAVLJA nema tajni, ne postoji \u201eeliksir mladosti\u201d, ve\u0107 samo formula \u2013 skup brojnih aktivnosti koje \u0107e nam omogu\u0107iti da budemo zdravi i vitki da uradimo su\u0161tinski, temeljni anti-age tretman svog organizma i da budemo fizi\u010dki i mentalno aktivni u svim [&hellip;]<\/p>\n","protected":false},"author":1,"featured_media":0,"parent":0,"menu_order":0,"comment_status":"closed","ping_status":"closed","template":"","meta":{"footnotes":""},"class_list":["post-2063","page","type-page","status-publish","hentry"],"blocksy_meta":{"has_hero_section":"disabled","vertical_spacing_source":"custom","content_area_spacing":"none","styles_descriptor":{"styles":{"desktop":"","tablet":"","mobile":""},"google_fonts":[],"version":6}},"_links":{"self":[{"href":"https:\/\/formulazdravlja.com\/sr\/wp-json\/wp\/v2\/pages\/2063","targetHints":{"allow":["GET"]}}],"collection":[{"href":"https:\/\/formulazdravlja.com\/sr\/wp-json\/wp\/v2\/pages"}],"about":[{"href":"https:\/\/formulazdravlja.com\/sr\/wp-json\/wp\/v2\/types\/page"}],"author":[{"embeddable":true,"href":"https:\/\/formulazdravlja.com\/sr\/wp-json\/wp\/v2\/users\/1"}],"replies":[{"embeddable":true,"href":"https:\/\/formulazdravlja.com\/sr\/wp-json\/wp\/v2\/comments?post=2063"}],"version-history":[{"count":25,"href":"https:\/\/formulazdravlja.com\/sr\/wp-json\/wp\/v2\/pages\/2063\/revisions"}],"predecessor-version":[{"id":3365,"href":"https:\/\/formulazdravlja.com\/sr\/wp-json\/wp\/v2\/pages\/2063\/revisions\/3365"}],"wp:attachment":[{"href":"https:\/\/formulazdravlja.com\/sr\/wp-json\/wp\/v2\/media?parent=2063"}],"curies":[{"name":"wp","href":"https:\/\/api.w.org\/{rel}","templated":true}]}}