{"id":2413,"date":"2024-10-30T11:54:08","date_gmt":"2024-10-30T10:54:08","guid":{"rendered":"https:\/\/formulazdravlja.com\/?page_id=2413"},"modified":"2024-10-30T17:26:21","modified_gmt":"2024-10-30T16:26:21","slug":"post-covid-sindrom","status":"publish","type":"page","link":"https:\/\/formulazdravlja.com\/sr\/post-covid-sindrom\/","title":{"rendered":"Post-COVID sindrom"},"content":{"rendered":"\t\t<div data-elementor-type=\"wp-page\" data-elementor-id=\"2413\" class=\"elementor elementor-2413\">\n\t\t\t\t<div class=\"elementor-element elementor-element-21fc403 e-flex e-con-boxed e-con e-parent\" data-id=\"21fc403\" data-element_type=\"container\" data-e-type=\"container\">\n\t\t\t\t\t<div class=\"e-con-inner\">\n\t\t<div class=\"elementor-element elementor-element-3b99d1b e-flex e-con-boxed e-con e-child\" data-id=\"3b99d1b\" data-element_type=\"container\" data-e-type=\"container\" data-settings=\"{&quot;background_background&quot;:&quot;classic&quot;}\">\n\t\t\t\t\t<div class=\"e-con-inner\">\n\t\t<div class=\"elementor-element elementor-element-808fb92 e-con-full e-flex e-con e-child\" data-id=\"808fb92\" data-element_type=\"container\" data-e-type=\"container\">\n\t\t\t\t<div class=\"elementor-element elementor-element-69e14f5 elementor-invisible elementor-widget elementor-widget-heading\" data-id=\"69e14f5\" data-element_type=\"widget\" data-e-type=\"widget\" data-settings=\"{&quot;_animation&quot;:&quot;zoomIn&quot;}\" data-widget_type=\"heading.default\">\n\t\t\t\t<div class=\"elementor-widget-container\">\n\t\t\t\t\t<h2 class=\"elementor-heading-title elementor-size-default\">Post-COVID sindrom<\/h2>\t\t\t\t<\/div>\n\t\t\t\t<\/div>\n\t\t\t\t<div class=\"elementor-element elementor-element-4932ff3 elementor-widget__width-initial elementor-widget elementor-widget-text-editor\" data-id=\"4932ff3\" data-element_type=\"widget\" data-e-type=\"widget\" data-widget_type=\"text-editor.default\">\n\t\t\t\t<div class=\"elementor-widget-container\">\n\t\t\t\t\t\t\t\t\t<p>Sa otpo\u010dinjanjem pandemije izazvane virusom SARS-CoV-2, istra\u017eiva\u010di i lekari u praksi, zapo\u010dinju da analiziraju i pi\u0161u o zdravstvenim efektima ovog virusa.<\/p><p>Do danas su relativno dobro poznati mehanizmi kojim ovaj virus ispoljava afinitet ka plu\u0107nom tkivu, kao i zdravstvene posledice njegovog delovanja na ovaj organ. <\/p>\t\t\t\t\t\t\t\t<\/div>\n\t\t\t\t<\/div>\n\t\t\t\t<\/div>\n\t\t<div class=\"elementor-element elementor-element-ee88ee0 e-con-full e-flex e-con e-child\" data-id=\"ee88ee0\" data-element_type=\"container\" data-e-type=\"container\">\n\t\t\t\t<div class=\"elementor-element elementor-element-876b21e elementor-widget elementor-widget-image\" data-id=\"876b21e\" data-element_type=\"widget\" data-e-type=\"widget\" data-widget_type=\"image.default\">\n\t\t\t\t<div class=\"elementor-widget-container\">\n\t\t\t\t\t\t\t\t\t\t\t\t\t\t\t<img fetchpriority=\"high\" decoding=\"async\" width=\"433\" height=\"307\" src=\"https:\/\/formulazdravlja.com\/wp-content\/uploads\/2024\/10\/covid.jpg\" class=\"attachment-large size-large wp-image-2262\" alt=\"\" srcset=\"https:\/\/formulazdravlja.com\/wp-content\/uploads\/2024\/10\/covid.jpg 433w, https:\/\/formulazdravlja.com\/wp-content\/uploads\/2024\/10\/covid-300x213.jpg 300w\" sizes=\"(max-width: 433px) 100vw, 433px\" \/>\t\t\t\t\t\t\t\t\t\t\t\t\t\t\t<\/div>\n\t\t\t\t<\/div>\n\t\t\t\t<\/div>\n\t\t\t\t\t<\/div>\n\t\t\t\t<\/div>\n\t\t\t\t\t<\/div>\n\t\t\t\t<\/div>\n\t\t<div class=\"elementor-element elementor-element-27a9fdd e-flex e-con-boxed e-con e-parent\" data-id=\"27a9fdd\" data-element_type=\"container\" data-e-type=\"container\">\n\t\t\t\t\t<div class=\"e-con-inner\">\n\t\t\t\t<div class=\"elementor-element elementor-element-44e3330 elementor-widget elementor-widget-text-editor\" data-id=\"44e3330\" data-element_type=\"widget\" data-e-type=\"widget\" data-widget_type=\"text-editor.default\">\n\t\t\t\t<div class=\"elementor-widget-container\">\n\t\t\t\t\t\t\t\t\t<p>Isto tako, uo\u010deni su i opisani efekti virusa na ostale organske sisteme &#8211; kardiovaskularni sistem, bubrege, kao i delovanje na organizam u celini.<\/p>\t\t\t\t\t\t\t\t<\/div>\n\t\t\t\t<\/div>\n\t\t\t\t<div class=\"elementor-element elementor-element-67f73dc elementor-widget elementor-widget-text-editor\" data-id=\"67f73dc\" data-element_type=\"widget\" data-e-type=\"widget\" data-widget_type=\"text-editor.default\">\n\t\t\t\t<div class=\"elementor-widget-container\">\n\t\t\t\t\t\t\t\t\t<p>Nau\u010dnici \u0161irom sveta su, uporedo sa izu\u010davanjem mehanizma delovanja virusa na organizam, zapo\u010deli rad i na studijama pra\u0107enja bolesnika koji su nakon oporavka od COVID-19 napu\u0161tali bolnice. Najve\u0107i broj njih se vratio normalnom \u017eivotu bez zdravstvenih tegoba. Me\u0111utim, uo\u010deno je, da je znatan broj \u201eizle\u010denih\u201c pacijenata i dalje imao zna\u010dajan broj tegoba, koje su se ispoljavale i trajale nekoliko nedelja, pa \u010dak i nekoliko meseci nakon prele\u017eane akutne bolesti.<\/p><p>Tako\u0111e, uo\u010deno je da je kod osoba koje nisu bile hospitalizovane (zbog lak\u0161e klini\u010dke slike tj. respiratornih tegoba umerenog inteziteta), dolazilo do pojave dugotrajnih tegoba nakon zavr\u0161enog le\u010denja.<\/p><p>Stru\u010dnjaci iz Centra za kontrolu bolesti (CKB) iz Atlante (D\u017eord\u017eija, SAD), ukazuju da su najizra\u017eenije i naju\u010destalije tegobe sa kojima se susre\u0107u pacijenti koji su prele\u017eali akutnu SARS-CoV-2 infekciju, slede\u0107e:<br \/>&#8211; ose\u0107aj umora (fizi\u010dkog i mentalnog),<br \/>&#8211; nedostatak vazduha i kratak dah,<br \/>&#8211; ka\u0161alj,<br \/>&#8211; bol u zglobovima,<br \/>&#8211; bol u mi\u0161i\u0107ima.<\/p><p>Ne\u0161to re\u0111a u\u010destalost nakon prele\u017eane akutne SARS-CoV-2 infekcije karakteri\u0161e slede\u0107e tegobe:<br \/>&#8211; problem sa \u010dulom ukusa i mirisa,<br \/>&#8211; poreme\u0107aj sna,<br \/>&#8211; problemi s koncentracijom i memorijom,<br \/>&#8211; te\u0161ko\u0107a dono\u0161enja odluka i razmi\u0161ljanja,<br \/>&#8211; promena raspolo\u017eenja,<br \/>&#8211; depresivna reakcija,<br \/>&#8211; glavobolja,<br \/>&#8211; povremena, nisko povi\u0161ena telesna temperatura,<br \/>&#8211; ubrzan i \u010dujan rad srca (palpitacije),<br \/>&#8211; bubre\u017ene komplikacije,<br \/>&#8211; ko\u017ene komplikacije (naj\u010de\u0161\u0107e crvenilo i gubitak dlake).<\/p><p>Trenutno \u0161irom sveta ima na desetine pacijenata koji ose\u0107aju neku ili ve\u0107i broj gore navedenih tegoba. U SAD ih lekari nazivaju post-COVID \u201edugopruga\u0161ima\u201c ili \u201eteglja\u010dima\u201c, dok u Velikoj Britaniji stru\u010dnjaci navode da oni pate od \u201edugotrajnog COVID-a\u201c. Istra\u017eivanja su pokazala da oko 50 do 80% ispitanika nakon prele\u017eane COVID-19 infekcije, mo\u017ee imati neku od gore navedenih tegoba, \u010dak tri meseca posle akutne faze bolesti, bez obzira \u0161to su kod njih testovi na SARS-SoV-2 negativni. Ovi pacijenti se mogu naj\u010de\u0161\u0107e kategorisati u dve grupe:<br \/>&#8211; pacijenti koji su prele\u017eali akutnu SARS-CoV-2 infekciju i bili otpu\u0161teni iz bolnice sa manifestnim o\u0161te\u0107enjem nekog od organa ili vi\u0161e organa (plu\u0107a, srce, bubrezi, krvni sudovi, mozak\u2026) i<br \/>&#8211; pacijenti koji ose\u0107aju dugotrajne post-COVID tegobe, ali nemaju ni jedno, savremenim dijagnosti\u010dkim metodama uo\u010deno o\u0161te\u0107enje tkiva i\/ili organa. Za pacijente ove grupe, postoji i osnovana sumnja da mogu u perspektivi razviti stanje koje se naziva mijalgijski encefalomijelitis\/sindrom hroni\u010dnog umora (ME\/SHU). Nema ta\u010dnog odgovora za mehanizam nastanka ovog stanja, ali se smatra da ono mo\u017ee biti uzrokovano permanentim upalnim procesom u mozgu, umanjenjem protoka krvi kroz mozak, autoimunim odgovorom&#8230;<\/p><p>Za sada ne postoji mogu\u0107nost da se \u201epredvidi\u201c ko \u0107e razviti post-COVID sindrom, ali neka istra\u017eivanja ukazuju da bi to bile osobe koje su starosti preko 50 godina koje imaju dve ili tri hroni\u010dne bolesti ili osobe koje su imale izrazitiju klini\u010dku sliku infekcije SARS-CoV-2.<br \/>Autori stru\u010dnih \u010dlanaka i dalje upozoravaju da je, dok ne za\u017eivi intenzivnija vakcinacija \u0161irom sveta, najbolje sprovoditi preventivne mere kao \u0161to su no\u0161enje maski, dr\u017eati rastojanje od 2m sa sagovornikom, u\u010destalo prati ruke i izbegavati gu\u017evu, pogotovu u neprovetrenim prostorijama.<\/p><p>Nakon godinu dana le\u010denja osoba koje imaju akutnu infekciju SARS-CoV-2 stekao sam odre\u0111eno iskustvo. Klini\u010dka slika je varirala od blage upalne reakcije usled prisustva virusa u telu do obostrane upale plu\u0107a koja je zahtevala urgentnu hospitalizaciju. Ovaj virus sam pacijentima \u010desto opisivao kao \u201evirus-kameleon\u201c, jer je klini\u010dka slika koju je izazivao bila potpuno raznolika; npr., karakterisali su je bolovi u mi\u0161i\u0107ima (naj\u010de\u0161\u0107e slabinski deo, noge, nekad i rameni pojas), proliv, gu\u0161obolja, izrazita malaksalost, povi\u0161ena telesna temperatura, ka\u0161alj, gubitak \u010dula mirisa i ukusa (gotovo kod svih SARS-CoV-2 pozitivnih pacijenata), bol iza o\u010dnih jabu\u010dica\u2026 Neko je imao poneku od ovih tegoba, a neko je imao sve navedene. Rendgengrafija plu\u0107a i srca \u010desto je bila uredna, a skener grudnog ko\u0161a otkrivao promene po tipu \u201emle\u010dnog stakla\u201c, koje su karakteristi\u010dne za SARS-CoV-2 infekciju. Slu\u0161alicama \u010dujan normalan disajni \u0161um nad plu\u0107ima, a skener ukazuje na obostranu upalu. C-reaktivni protein neznatno povi\u0161en, a skenerom se uo\u010dava obostrani upalni proces u plu\u0107ima koji zahteva hospitalno le\u010denje. Ovo su bile samo neke situacije iz prakse koje su, po na\u0161im dosada\u0161njim klini\u010dkim iskustvima, bile nespojive\u2026 Tegobe su kod nekih pacijenata pro\u0161le za nekoliko dana, dok su se drugi le\u010dili nedeljama terapijom koja je uklju\u010divala antibiotike, antipiretike, kortikosteroide, infuzione rastvore (u skladu sa zvani\u010dnim protokolima) uz dodavanje mikrobiote i mikronutrijenta.<\/p><p>S druge strane, kao lekar koji je orijentisan integrativnom pristupu le\u010denja pacijenata, imam iskustva i s post-COVID sindromom. Najve\u0107im delom mi se obra\u0107aju pacijenti koji su se posle \u201eozdravljenja\u201c (svi laboratorijski parametri su bili urednih vrednosti), ose\u0107ali umorno, malaksalo, bezvoljno, imali ubrzani sr\u010dani rad, ote\u017eano disanje pra\u0107eno bolom u grudnom ko\u0161u\u2026 Ubrzo nakon po\u010detka primene integrativnog pristupa le\u010denja koji je podrazumevao korekciju \u017eivotnih navika kroz, npr. adaptiranu ishranu i intenzivnu primenu mikrobiote i mikronutrijenata (opisanu u <a href=\"https:\/\/formulazdravlja.com\/knjiga-formula-zdravlja\/\">knjizi FORMULA ZDRAVLJA<\/a>), pacijenti su osetili zna\u010dajno umanjenje ili potpuni prestanak tegoba, kao i pobolj\u0161anje ukupnog zdravstvenog stanja.<\/p><p>Obzirom da je post-COVID-19 sindrom u fokusu stru\u010dne javnosti svuda u svetu i da izaziva veliku pa\u017enju i samih pacijenta koji se sre\u0107u s njim, u saradnji sa <a href=\"https:\/\/www.iedm.asso.fr\/?lang=en\" target=\"blank\">Evropskim Institutom za Dijetetiku i Mikronutriciju<\/a> sa sedi\u0161tem u Parizu, organizovali smo \u201ewebinar\u201c na kome smo preneli aktuelne stavove po pitanju tretmana ovog sindroma. U narednom periodu, \u201ewebinarima\u201c i radionicama \u0107u zdravstvenim radnicima prenositi svoja iskustva u polju tretiranja pacijenata s post-COVID-19 sindromom, ali i iskustva i preporu\u010dene protokole kolega iz EU.<\/p><p>Literatura:<br \/>COVID-19 Scientific Advisory Group Rapid Evidence Report. November 23, 2020\u00a9 2020, Alberta Health Services, COVID-19 Scientific Advisory GroupKey Research Questions:1.<br \/><a href=\"https:\/\/www.cdc.gov\/coronavirus\/2019-ncov\/long-term-effects.html\" target=\"blank\">https:\/\/www.cdc.gov\/coronavirus\/2019-ncov\/long-term-effects.html<\/a><br \/><a href=\"https:\/\/www.health.harvard.edu\/blog\/the-tragedy-of-the-post-covid-long-haulers-2020101521173\" target=\"blank\">https:\/\/www.health.harvard.edu\/blog\/the-tragedy-of-the-post-covid-long-haulers-2020101521173<\/a><br \/><a href=\"https:\/\/www.iedm.asso.fr\/?lang=en\" target=\"blank\">https:\/\/www.iedm.asso.fr\/?lang=en<\/a><\/p>\t\t\t\t\t\t\t\t<\/div>\n\t\t\t\t<\/div>\n\t\t\t\t\t<\/div>\n\t\t\t\t<\/div>\n\t\t<div class=\"elementor-element elementor-element-1f49342b e-flex e-con-boxed e-con e-parent\" data-id=\"1f49342b\" data-element_type=\"container\" data-e-type=\"container\" data-settings=\"{&quot;background_background&quot;:&quot;classic&quot;}\">\n\t\t\t\t\t<div class=\"e-con-inner\">\n\t\t<div class=\"elementor-element elementor-element-61f9b866 e-flex e-con-boxed e-con e-child\" data-id=\"61f9b866\" data-element_type=\"container\" data-e-type=\"container\" data-settings=\"{&quot;background_background&quot;:&quot;classic&quot;}\">\n\t\t\t\t\t<div class=\"e-con-inner\">\n\t\t<div class=\"elementor-element elementor-element-2260795 e-con-full e-flex e-con e-child\" data-id=\"2260795\" data-element_type=\"container\" data-e-type=\"container\">\n\t\t\t\t<div class=\"elementor-element elementor-element-63dd71a2 elementor-widget elementor-widget-heading\" data-id=\"63dd71a2\" data-element_type=\"widget\" data-e-type=\"widget\" data-widget_type=\"heading.default\">\n\t\t\t\t<div class=\"elementor-widget-container\">\n\t\t\t\t\t<h2 class=\"elementor-heading-title elementor-size-default\">Zaka\u017eite konsultaciju\n<\/h2>\t\t\t\t<\/div>\n\t\t\t\t<\/div>\n\t\t\t\t<div class=\"elementor-element elementor-element-70751663 elementor-widget elementor-widget-text-editor\" data-id=\"70751663\" data-element_type=\"widget\" data-e-type=\"widget\" data-widget_type=\"text-editor.default\">\n\t\t\t\t<div class=\"elementor-widget-container\">\n\t\t\t\t\t\t\t\t\t<p>Vreme je za primenu protokola FORMULA ZDRAVLJA!<\/p>\t\t\t\t\t\t\t\t<\/div>\n\t\t\t\t<\/div>\n\t\t<div class=\"elementor-element elementor-element-20d72a2f e-con-full e-flex e-con e-child\" data-id=\"20d72a2f\" data-element_type=\"container\" data-e-type=\"container\">\n\t\t\t\t<div class=\"elementor-element elementor-element-1d0011fd elementor-widget elementor-widget-counter\" data-id=\"1d0011fd\" data-element_type=\"widget\" data-e-type=\"widget\" data-widget_type=\"counter.default\">\n\t\t\t\t<div class=\"elementor-widget-container\">\n\t\t\t\t\t\t\t<div class=\"elementor-counter\">\n\t\t\t<div class=\"elementor-counter-title\">Zadovoljnih klijenata<\/div>\t\t\t<div class=\"elementor-counter-number-wrapper\">\n\t\t\t\t<span class=\"elementor-counter-number-prefix\"><\/span>\n\t\t\t\t<span class=\"elementor-counter-number\" data-duration=\"2000\" data-to-value=\"2500\" data-from-value=\"0\" data-delimiter=\",\">0<\/span>\n\t\t\t\t<span class=\"elementor-counter-number-suffix\">+<\/span>\n\t\t\t<\/div>\n\t\t<\/div>\n\t\t\t\t\t\t<\/div>\n\t\t\t\t<\/div>\n\t\t\t\t<div class=\"elementor-element elementor-element-18b2cd3 elementor-widget elementor-widget-counter\" data-id=\"18b2cd3\" data-element_type=\"widget\" data-e-type=\"widget\" data-widget_type=\"counter.default\">\n\t\t\t\t<div class=\"elementor-widget-container\">\n\t\t\t\t\t\t\t<div class=\"elementor-counter\">\n\t\t\t<div class=\"elementor-counter-title\">Godina iskustva<\/div>\t\t\t<div class=\"elementor-counter-number-wrapper\">\n\t\t\t\t<span class=\"elementor-counter-number-prefix\"><\/span>\n\t\t\t\t<span class=\"elementor-counter-number\" data-duration=\"2000\" data-to-value=\"30\" data-from-value=\"0\" data-delimiter=\",\">0<\/span>\n\t\t\t\t<span class=\"elementor-counter-number-suffix\">+<\/span>\n\t\t\t<\/div>\n\t\t<\/div>\n\t\t\t\t\t\t<\/div>\n\t\t\t\t<\/div>\n\t\t\t\t<div class=\"elementor-element elementor-element-1c811bab elementor-widget elementor-widget-counter\" data-id=\"1c811bab\" data-element_type=\"widget\" data-e-type=\"widget\" data-widget_type=\"counter.default\">\n\t\t\t\t<div class=\"elementor-widget-container\">\n\t\t\t\t\t\t\t<div class=\"elementor-counter\">\n\t\t\t<div class=\"elementor-counter-title\">Radova i publikacija<\/div>\t\t\t<div class=\"elementor-counter-number-wrapper\">\n\t\t\t\t<span class=\"elementor-counter-number-prefix\"><\/span>\n\t\t\t\t<span class=\"elementor-counter-number\" data-duration=\"2000\" data-to-value=\"320\" data-from-value=\"0\" data-delimiter=\",\">0<\/span>\n\t\t\t\t<span class=\"elementor-counter-number-suffix\">+<\/span>\n\t\t\t<\/div>\n\t\t<\/div>\n\t\t\t\t\t\t<\/div>\n\t\t\t\t<\/div>\n\t\t\t\t<\/div>\n\t\t\t\t<div class=\"elementor-element elementor-element-131c5a9a elementor-widget elementor-widget-button\" data-id=\"131c5a9a\" data-element_type=\"widget\" data-e-type=\"widget\" data-widget_type=\"button.default\">\n\t\t\t\t<div class=\"elementor-widget-container\">\n\t\t\t\t\t\t\t\t\t<div class=\"elementor-button-wrapper\">\n\t\t\t\t\t<a class=\"elementor-button elementor-button-link elementor-size-sm\" href=\"https:\/\/formulazdravlja.com\/kontakt\/\">\n\t\t\t\t\t\t<span class=\"elementor-button-content-wrapper\">\n\t\t\t\t\t\t<span class=\"elementor-button-icon\">\n\t\t\t\t<svg xmlns=\"http:\/\/www.w3.org\/2000\/svg\" viewBox=\"0 0 24 24\"><path fill-rule=\"evenodd\" d=\"M24 0v22.78h-2.87V4.9L2.03 24 0 21.97l19.1-19.1H1.26V0H24Z\"><\/path><\/svg>\t\t\t<\/span>\n\t\t\t\t\t\t\t\t\t<span class=\"elementor-button-text\">Po\u0161aljite poruku<\/span>\n\t\t\t\t\t<\/span>\n\t\t\t\t\t<\/a>\n\t\t\t\t<\/div>\n\t\t\t\t\t\t\t\t<\/div>\n\t\t\t\t<\/div>\n\t\t\t\t<\/div>\n\t\t\t\t<div class=\"elementor-element elementor-element-6637681d elementor-widget__width-initial elementor-widget elementor-widget-image\" data-id=\"6637681d\" data-element_type=\"widget\" data-e-type=\"widget\" data-widget_type=\"image.default\">\n\t\t\t\t<div class=\"elementor-widget-container\">\n\t\t\t\t\t\t\t\t\t\t\t\t\t\t\t<img decoding=\"async\" width=\"544\" height=\"288\" src=\"https:\/\/formulazdravlja.com\/wp-content\/uploads\/2024\/10\/jabuka.png\" class=\"attachment-full size-full wp-image-1753\" alt=\"\" srcset=\"https:\/\/formulazdravlja.com\/wp-content\/uploads\/2024\/10\/jabuka.png 544w, https:\/\/formulazdravlja.com\/wp-content\/uploads\/2024\/10\/jabuka-300x159.png 300w\" sizes=\"(max-width: 544px) 100vw, 544px\" \/>\t\t\t\t\t\t\t\t\t\t\t\t\t\t\t<\/div>\n\t\t\t\t<\/div>\n\t\t\t\t\t<\/div>\n\t\t\t\t<\/div>\n\t\t\t\t\t<\/div>\n\t\t\t\t<\/div>\n\t\t\t\t<\/div>\n\t\t","protected":false},"excerpt":{"rendered":"<p>Post-COVID sindrom Sa otpo\u010dinjanjem pandemije izazvane virusom SARS-CoV-2, istra\u017eiva\u010di i lekari u praksi, zapo\u010dinju da analiziraju i pi\u0161u o zdravstvenim efektima ovog virusa. Do danas su relativno dobro poznati mehanizmi kojim ovaj virus ispoljava afinitet ka plu\u0107nom tkivu, kao i zdravstvene posledice njegovog delovanja na ovaj organ. Isto tako, uo\u010deni su i opisani efekti virusa [&hellip;]<\/p>\n","protected":false},"author":1,"featured_media":0,"parent":0,"menu_order":0,"comment_status":"closed","ping_status":"closed","template":"","meta":{"footnotes":""},"class_list":["post-2413","page","type-page","status-publish","hentry"],"blocksy_meta":{"has_hero_section":"disabled","vertical_spacing_source":"custom","content_area_spacing":"none","styles_descriptor":{"styles":{"desktop":"","tablet":"","mobile":""},"google_fonts":[],"version":6}},"_links":{"self":[{"href":"https:\/\/formulazdravlja.com\/sr\/wp-json\/wp\/v2\/pages\/2413","targetHints":{"allow":["GET"]}}],"collection":[{"href":"https:\/\/formulazdravlja.com\/sr\/wp-json\/wp\/v2\/pages"}],"about":[{"href":"https:\/\/formulazdravlja.com\/sr\/wp-json\/wp\/v2\/types\/page"}],"author":[{"embeddable":true,"href":"https:\/\/formulazdravlja.com\/sr\/wp-json\/wp\/v2\/users\/1"}],"replies":[{"embeddable":true,"href":"https:\/\/formulazdravlja.com\/sr\/wp-json\/wp\/v2\/comments?post=2413"}],"version-history":[{"count":13,"href":"https:\/\/formulazdravlja.com\/sr\/wp-json\/wp\/v2\/pages\/2413\/revisions"}],"predecessor-version":[{"id":2443,"href":"https:\/\/formulazdravlja.com\/sr\/wp-json\/wp\/v2\/pages\/2413\/revisions\/2443"}],"wp:attachment":[{"href":"https:\/\/formulazdravlja.com\/sr\/wp-json\/wp\/v2\/media?parent=2413"}],"curies":[{"name":"wp","href":"https:\/\/api.w.org\/{rel}","templated":true}]}}