{"id":2447,"date":"2024-10-30T17:29:20","date_gmt":"2024-10-30T16:29:20","guid":{"rendered":"https:\/\/formulazdravlja.com\/?page_id=2447"},"modified":"2024-11-21T07:41:12","modified_gmt":"2024-11-21T06:41:12","slug":"poremecaj-varenja","status":"publish","type":"page","link":"https:\/\/formulazdravlja.com\/sr\/poremecaj-varenja\/","title":{"rendered":"Poreme\u0107aj varenja"},"content":{"rendered":"\t\t<div data-elementor-type=\"wp-page\" data-elementor-id=\"2447\" class=\"elementor elementor-2447\">\n\t\t\t\t<div class=\"elementor-element elementor-element-21fc403 e-flex e-con-boxed e-con e-parent\" data-id=\"21fc403\" data-element_type=\"container\" data-e-type=\"container\">\n\t\t\t\t\t<div class=\"e-con-inner\">\n\t\t<div class=\"elementor-element elementor-element-3b99d1b e-flex e-con-boxed e-con e-child\" data-id=\"3b99d1b\" data-element_type=\"container\" data-e-type=\"container\" data-settings=\"{&quot;background_background&quot;:&quot;classic&quot;}\">\n\t\t\t\t\t<div class=\"e-con-inner\">\n\t\t<div class=\"elementor-element elementor-element-808fb92 e-con-full e-flex e-con e-child\" data-id=\"808fb92\" data-element_type=\"container\" data-e-type=\"container\">\n\t\t\t\t<div class=\"elementor-element elementor-element-69e14f5 elementor-invisible elementor-widget elementor-widget-heading\" data-id=\"69e14f5\" data-element_type=\"widget\" data-e-type=\"widget\" data-settings=\"{&quot;_animation&quot;:&quot;zoomIn&quot;}\" data-widget_type=\"heading.default\">\n\t\t\t\t<div class=\"elementor-widget-container\">\n\t\t\t\t\t<h2 class=\"elementor-heading-title elementor-size-default\">Poreme\u0107aj varenja<\/h2>\t\t\t\t<\/div>\n\t\t\t\t<\/div>\n\t\t\t\t<div class=\"elementor-element elementor-element-4932ff3 elementor-widget__width-initial elementor-widget elementor-widget-text-editor\" data-id=\"4932ff3\" data-element_type=\"widget\" data-e-type=\"widget\" data-widget_type=\"text-editor.default\">\n\t\t\t\t<div class=\"elementor-widget-container\">\n\t\t\t\t\t\t\t\t\t<p>Da li imate:<br \/>&#8211; \u017egaravicu,<br \/>&#8211; bol u predelu \u017eeluca,<br \/>&#8211; nadutost stomaka,<br \/>&#8211; problem s pra\u017enjenjem creva ili vam je<br \/>&#8211; predeo \u017eeluca tvrd bez obzira \u0161to se niste prejeli ili<br \/>&#8211; patite od proliva ili zatvora?<\/p>\t\t\t\t\t\t\t\t<\/div>\n\t\t\t\t<\/div>\n\t\t\t\t<\/div>\n\t\t<div class=\"elementor-element elementor-element-ee88ee0 e-con-full e-flex e-con e-child\" data-id=\"ee88ee0\" data-element_type=\"container\" data-e-type=\"container\">\n\t\t\t\t<div class=\"elementor-element elementor-element-876b21e elementor-widget elementor-widget-image\" data-id=\"876b21e\" data-element_type=\"widget\" data-e-type=\"widget\" data-widget_type=\"image.default\">\n\t\t\t\t<div class=\"elementor-widget-container\">\n\t\t\t\t\t\t\t\t\t\t\t\t\t\t\t<img fetchpriority=\"high\" decoding=\"async\" width=\"471\" height=\"334\" src=\"https:\/\/formulazdravlja.com\/wp-content\/uploads\/2024\/10\/varenje.jpg\" class=\"attachment-large size-large wp-image-2268\" alt=\"\" srcset=\"https:\/\/formulazdravlja.com\/wp-content\/uploads\/2024\/10\/varenje.jpg 471w, https:\/\/formulazdravlja.com\/wp-content\/uploads\/2024\/10\/varenje-300x213.jpg 300w\" sizes=\"(max-width: 471px) 100vw, 471px\" \/>\t\t\t\t\t\t\t\t\t\t\t\t\t\t\t<\/div>\n\t\t\t\t<\/div>\n\t\t\t\t<\/div>\n\t\t\t\t\t<\/div>\n\t\t\t\t<\/div>\n\t\t\t\t\t<\/div>\n\t\t\t\t<\/div>\n\t\t<div class=\"elementor-element elementor-element-27a9fdd e-flex e-con-boxed e-con e-parent\" data-id=\"27a9fdd\" data-element_type=\"container\" data-e-type=\"container\">\n\t\t\t\t\t<div class=\"e-con-inner\">\n\t\t\t\t<div class=\"elementor-element elementor-element-82b6b47 elementor-widget elementor-widget-text-editor\" data-id=\"82b6b47\" data-element_type=\"widget\" data-e-type=\"widget\" data-widget_type=\"text-editor.default\">\n\t\t\t\t<div class=\"elementor-widget-container\">\n\t\t\t\t\t\t\t\t\t<p>Ovo su samo neke tegobe koje nastaju usled poreme\u0107ene funkcije digestivnog trakta (sistem organa za varenje hrane), koje mu\u010de veliki broj ljudi. Probavne smetnje su jedna od najneugodnijih bolesti.<\/p><p>Tokom klini\u010dkog ispitivanja, \u010desto se dogodi da su svi laboratorijski nalazi, pa i gastroskopija, \u201euredni\u201c. Mo\u017eda osoba bude dodatno testirana i na celijakiju ili Chron-ovu bolest. I ovi testovi mogu biti negativni. Na kraju ispitivanja, \u010desto se sve svede na dijagnozu sindroma \u201erazdra\u017eljivih creva\u201c (engl: irritabile bowel syndrome). Obja\u0161njenje za ovakvu situaciju iz prakse da su svi analizirani parametri uredni a osoba se ose\u0107a lo\u0161e, mo\u017eete na\u0107i u <a href=\"https:\/\/formulazdravlja.com\/knjiga-formula-zdravlja\/\">knjizi FORMULA ZDRAVLJA<\/a>.<\/p><p>Klasi\u010dna terapija se naj\u010de\u0161\u0107e zasniva na savetu da uzimate ve\u0107u koli\u010dinu hrane s vlaknima, a simptome da \u201egu\u0161ite\u201c uzimanjem lekova protiv gasova, protiv bolova i spazama, za lak\u0161e pra\u017enjenje, protiv \u017egaravice itd.<\/p><p>Ovakva terapija lekovima, \u0107e umanjivati simptome onoliko dugo koliko ih pijete. Kada prestanete, tegobe se naj\u010de\u0161\u0107e vrate, jer su i dalje prisutni uzro\u010dnici problema! A ba\u0161 ti uzro\u010dnici dovode do poreme\u0107enog varenja hrane koji je naru\u0161en, najpre, u \u017eelucu, a potom i u tankom crevu. Nedovoljno dobro svarena hrana iz \u017eeluca dolazi u tanko crevo i umesto da tamo budu apsorbovane hranljive materije, ova polusvarena hrana truli, stvara gasove i izaziva zapaljenske procese na zidu tankog i, nadalje, debelog creva.<\/p><p><b>Uzroci poreme\u0107aja varenja hrane su brojni i raznoliki.<\/b><br \/>S jedne strane, mogu\u0107e je da postoji problem poreme\u0107aja crevne flore, porast kolonije gljivica (crevna kandidijaza), netolerancija na histamin (neke namirnice obiluju histaminom), intolerancija na gluten, fruktozu, laktozu itd., bakterijska infekcija i intoksikacija organizma bakterijskim toksinima, prisustvo parazita, poreme\u0107aj funkcije \u0161titaste \u017elezde, autoimuna oboljenja\u2026<\/p><p>S druge strane, i poreme\u0107aj funkcije digestivnog sistema mo\u017ee biti uzrok ili doprineti pojavi drugih bolesti i stanja, kao \u0161to su depresija, anksioznost, nefokusirane misli, upalni procesi u zglobovima, ko\u017ene promene (ekcemi), hormonalni disbalans, \u0161e\u0107erna bolest, neuropatija, bolest \u0161titaste \u017elezde uklju\u010duju\u0107i i (Ha\u0161imoto tiroiditis), autoimuna oboljenja, astma, alergije&#8230;<\/p><p>Obzirom da su uzroci poreme\u0107aja ravnote\u017ee u digestivnom sistemu brojni i raznoliki, i tretman ovog zdravstvenog stanja zahteva jedan kompleksan pristup. <a href=\"https:\/\/formulazdravlja.com\/prokol-formula-zdravlja\/\">Protokol FORMULA ZDRAVLJA <\/a>otklanja prethodno opisane tegobe vezane za digestivni sistem.<\/p><p>Protokol obuhvata:<br \/>&#8211; detoksikaciju organizma (uklju\u010duju\u0107i i digestivni sistem),<br \/>&#8211; eliminaciju namirnica s najve\u0107im alergogenim potencijalom iz ishrane,<br \/>&#8211; pobolj\u0161avanje varenja dodavanjem odre\u0111enih enzima (kroz dodatke ishrani),<br \/>&#8211; uravnote\u017eavanje hormonalnog disbalansa,<br \/>&#8211; eliminaciju mogu\u0107e infekcije (naj\u010de\u0161\u0107e je u pitanju Helicobacter pylori, parazitarna ili gljivi\u010dna infekcija) i upalnog procesa u crevima,<br \/>&#8211; uspostavljanje normalne crevne flore,<br \/>&#8211; korekciju mogu\u0107e deficijencije vitamina\/minerala\/oligoelemenata personalizovanim pristupom u suplementaciji i uspostavljanje integriteta crevnih barijera.<\/p><p>Efekti primene protokla se prime\u0107uju ve\u0107 nakon dve do tri nedelje, a za dva do tri meseca, stanje u digestivnom traktu je vra\u0107eno u stanje ravnote\u017ee \u0161to osoba ose\u0107a kao potpuno odsustvo svih prethodno pobrojanih tegoba.<\/p>\t\t\t\t\t\t\t\t<\/div>\n\t\t\t\t<\/div>\n\t\t\t\t\t<\/div>\n\t\t\t\t<\/div>\n\t\t<div class=\"elementor-element elementor-element-1f49342b e-flex e-con-boxed e-con e-parent\" data-id=\"1f49342b\" data-element_type=\"container\" data-e-type=\"container\" data-settings=\"{&quot;background_background&quot;:&quot;classic&quot;}\">\n\t\t\t\t\t<div class=\"e-con-inner\">\n\t\t<div class=\"elementor-element elementor-element-61f9b866 e-flex e-con-boxed e-con e-child\" data-id=\"61f9b866\" data-element_type=\"container\" data-e-type=\"container\" data-settings=\"{&quot;background_background&quot;:&quot;classic&quot;}\">\n\t\t\t\t\t<div class=\"e-con-inner\">\n\t\t<div class=\"elementor-element elementor-element-2260795 e-con-full e-flex e-con e-child\" data-id=\"2260795\" data-element_type=\"container\" data-e-type=\"container\">\n\t\t\t\t<div class=\"elementor-element elementor-element-63dd71a2 elementor-widget elementor-widget-heading\" data-id=\"63dd71a2\" data-element_type=\"widget\" data-e-type=\"widget\" data-widget_type=\"heading.default\">\n\t\t\t\t<div class=\"elementor-widget-container\">\n\t\t\t\t\t<h2 class=\"elementor-heading-title elementor-size-default\">Zaka\u017eite konsultaciju\n<\/h2>\t\t\t\t<\/div>\n\t\t\t\t<\/div>\n\t\t\t\t<div class=\"elementor-element elementor-element-70751663 elementor-widget elementor-widget-text-editor\" data-id=\"70751663\" data-element_type=\"widget\" data-e-type=\"widget\" data-widget_type=\"text-editor.default\">\n\t\t\t\t<div class=\"elementor-widget-container\">\n\t\t\t\t\t\t\t\t\t<p>Vreme je za primenu protokola FORMULA ZDRAVLJA!<\/p>\t\t\t\t\t\t\t\t<\/div>\n\t\t\t\t<\/div>\n\t\t<div class=\"elementor-element elementor-element-20d72a2f e-con-full e-flex e-con e-child\" data-id=\"20d72a2f\" data-element_type=\"container\" data-e-type=\"container\">\n\t\t\t\t<div class=\"elementor-element elementor-element-1d0011fd elementor-widget elementor-widget-counter\" data-id=\"1d0011fd\" data-element_type=\"widget\" data-e-type=\"widget\" data-widget_type=\"counter.default\">\n\t\t\t\t<div class=\"elementor-widget-container\">\n\t\t\t\t\t\t\t<div class=\"elementor-counter\">\n\t\t\t<div class=\"elementor-counter-title\">Zadovoljnih klijenata<\/div>\t\t\t<div class=\"elementor-counter-number-wrapper\">\n\t\t\t\t<span class=\"elementor-counter-number-prefix\"><\/span>\n\t\t\t\t<span class=\"elementor-counter-number\" data-duration=\"2000\" data-to-value=\"2500\" data-from-value=\"0\" data-delimiter=\",\">0<\/span>\n\t\t\t\t<span class=\"elementor-counter-number-suffix\">+<\/span>\n\t\t\t<\/div>\n\t\t<\/div>\n\t\t\t\t\t\t<\/div>\n\t\t\t\t<\/div>\n\t\t\t\t<div class=\"elementor-element elementor-element-18b2cd3 elementor-widget elementor-widget-counter\" data-id=\"18b2cd3\" data-element_type=\"widget\" data-e-type=\"widget\" data-widget_type=\"counter.default\">\n\t\t\t\t<div class=\"elementor-widget-container\">\n\t\t\t\t\t\t\t<div class=\"elementor-counter\">\n\t\t\t<div class=\"elementor-counter-title\">Godina iskustva<\/div>\t\t\t<div class=\"elementor-counter-number-wrapper\">\n\t\t\t\t<span class=\"elementor-counter-number-prefix\"><\/span>\n\t\t\t\t<span class=\"elementor-counter-number\" data-duration=\"2000\" data-to-value=\"30\" data-from-value=\"0\" data-delimiter=\",\">0<\/span>\n\t\t\t\t<span class=\"elementor-counter-number-suffix\">+<\/span>\n\t\t\t<\/div>\n\t\t<\/div>\n\t\t\t\t\t\t<\/div>\n\t\t\t\t<\/div>\n\t\t\t\t<div class=\"elementor-element elementor-element-1c811bab elementor-widget elementor-widget-counter\" data-id=\"1c811bab\" data-element_type=\"widget\" data-e-type=\"widget\" data-widget_type=\"counter.default\">\n\t\t\t\t<div class=\"elementor-widget-container\">\n\t\t\t\t\t\t\t<div class=\"elementor-counter\">\n\t\t\t<div class=\"elementor-counter-title\">Radova i publikacija<\/div>\t\t\t<div class=\"elementor-counter-number-wrapper\">\n\t\t\t\t<span class=\"elementor-counter-number-prefix\"><\/span>\n\t\t\t\t<span class=\"elementor-counter-number\" data-duration=\"2000\" data-to-value=\"320\" data-from-value=\"0\" data-delimiter=\",\">0<\/span>\n\t\t\t\t<span class=\"elementor-counter-number-suffix\">+<\/span>\n\t\t\t<\/div>\n\t\t<\/div>\n\t\t\t\t\t\t<\/div>\n\t\t\t\t<\/div>\n\t\t\t\t<\/div>\n\t\t\t\t<div class=\"elementor-element elementor-element-131c5a9a elementor-widget elementor-widget-button\" data-id=\"131c5a9a\" data-element_type=\"widget\" data-e-type=\"widget\" data-widget_type=\"button.default\">\n\t\t\t\t<div class=\"elementor-widget-container\">\n\t\t\t\t\t\t\t\t\t<div class=\"elementor-button-wrapper\">\n\t\t\t\t\t<a class=\"elementor-button elementor-button-link elementor-size-sm\" href=\"https:\/\/formulazdravlja.com\/kontakt\/\">\n\t\t\t\t\t\t<span class=\"elementor-button-content-wrapper\">\n\t\t\t\t\t\t<span class=\"elementor-button-icon\">\n\t\t\t\t<svg xmlns=\"http:\/\/www.w3.org\/2000\/svg\" viewBox=\"0 0 24 24\"><path fill-rule=\"evenodd\" d=\"M24 0v22.78h-2.87V4.9L2.03 24 0 21.97l19.1-19.1H1.26V0H24Z\"><\/path><\/svg>\t\t\t<\/span>\n\t\t\t\t\t\t\t\t\t<span class=\"elementor-button-text\">Po\u0161aljite poruku<\/span>\n\t\t\t\t\t<\/span>\n\t\t\t\t\t<\/a>\n\t\t\t\t<\/div>\n\t\t\t\t\t\t\t\t<\/div>\n\t\t\t\t<\/div>\n\t\t\t\t<\/div>\n\t\t\t\t<div class=\"elementor-element elementor-element-6637681d elementor-widget__width-initial elementor-widget elementor-widget-image\" data-id=\"6637681d\" data-element_type=\"widget\" data-e-type=\"widget\" data-widget_type=\"image.default\">\n\t\t\t\t<div class=\"elementor-widget-container\">\n\t\t\t\t\t\t\t\t\t\t\t\t\t\t\t<img decoding=\"async\" width=\"544\" height=\"288\" src=\"https:\/\/formulazdravlja.com\/wp-content\/uploads\/2024\/10\/jabuka.png\" class=\"attachment-full size-full wp-image-1753\" alt=\"\" srcset=\"https:\/\/formulazdravlja.com\/wp-content\/uploads\/2024\/10\/jabuka.png 544w, https:\/\/formulazdravlja.com\/wp-content\/uploads\/2024\/10\/jabuka-300x159.png 300w\" sizes=\"(max-width: 544px) 100vw, 544px\" \/>\t\t\t\t\t\t\t\t\t\t\t\t\t\t\t<\/div>\n\t\t\t\t<\/div>\n\t\t\t\t\t<\/div>\n\t\t\t\t<\/div>\n\t\t\t\t\t<\/div>\n\t\t\t\t<\/div>\n\t\t\t\t<\/div>\n\t\t","protected":false},"excerpt":{"rendered":"<p>Poreme\u0107aj varenja Da li imate:&#8211; \u017egaravicu,&#8211; bol u predelu \u017eeluca,&#8211; nadutost stomaka,&#8211; problem s pra\u017enjenjem creva ili vam je&#8211; predeo \u017eeluca tvrd bez obzira \u0161to se niste prejeli ili&#8211; patite od proliva ili zatvora? Ovo su samo neke tegobe koje nastaju usled poreme\u0107ene funkcije digestivnog trakta (sistem organa za varenje hrane), koje mu\u010de veliki broj [&hellip;]<\/p>\n","protected":false},"author":1,"featured_media":0,"parent":0,"menu_order":0,"comment_status":"closed","ping_status":"closed","template":"","meta":{"footnotes":""},"class_list":["post-2447","page","type-page","status-publish","hentry"],"blocksy_meta":{"has_hero_section":"disabled","vertical_spacing_source":"custom","content_area_spacing":"none","styles_descriptor":{"styles":{"desktop":"","tablet":"","mobile":""},"google_fonts":[],"version":6}},"_links":{"self":[{"href":"https:\/\/formulazdravlja.com\/sr\/wp-json\/wp\/v2\/pages\/2447","targetHints":{"allow":["GET"]}}],"collection":[{"href":"https:\/\/formulazdravlja.com\/sr\/wp-json\/wp\/v2\/pages"}],"about":[{"href":"https:\/\/formulazdravlja.com\/sr\/wp-json\/wp\/v2\/types\/page"}],"author":[{"embeddable":true,"href":"https:\/\/formulazdravlja.com\/sr\/wp-json\/wp\/v2\/users\/1"}],"replies":[{"embeddable":true,"href":"https:\/\/formulazdravlja.com\/sr\/wp-json\/wp\/v2\/comments?post=2447"}],"version-history":[{"count":10,"href":"https:\/\/formulazdravlja.com\/sr\/wp-json\/wp\/v2\/pages\/2447\/revisions"}],"predecessor-version":[{"id":2763,"href":"https:\/\/formulazdravlja.com\/sr\/wp-json\/wp\/v2\/pages\/2447\/revisions\/2763"}],"wp:attachment":[{"href":"https:\/\/formulazdravlja.com\/sr\/wp-json\/wp\/v2\/media?parent=2447"}],"curies":[{"name":"wp","href":"https:\/\/api.w.org\/{rel}","templated":true}]}}