{"id":2453,"date":"2024-10-30T17:32:48","date_gmt":"2024-10-30T16:32:48","guid":{"rendered":"https:\/\/formulazdravlja.com\/?page_id=2453"},"modified":"2024-11-21T07:40:41","modified_gmt":"2024-11-21T06:40:41","slug":"secerna-bolest","status":"publish","type":"page","link":"https:\/\/formulazdravlja.com\/sr\/secerna-bolest\/","title":{"rendered":"\u0160e\u0107erna bolest"},"content":{"rendered":"\t\t<div data-elementor-type=\"wp-page\" data-elementor-id=\"2453\" class=\"elementor elementor-2453\">\n\t\t\t\t<div class=\"elementor-element elementor-element-21fc403 e-flex e-con-boxed e-con e-parent\" data-id=\"21fc403\" data-element_type=\"container\" data-e-type=\"container\">\n\t\t\t\t\t<div class=\"e-con-inner\">\n\t\t<div class=\"elementor-element elementor-element-3b99d1b e-flex e-con-boxed e-con e-child\" data-id=\"3b99d1b\" data-element_type=\"container\" data-e-type=\"container\" data-settings=\"{&quot;background_background&quot;:&quot;classic&quot;}\">\n\t\t\t\t\t<div class=\"e-con-inner\">\n\t\t<div class=\"elementor-element elementor-element-808fb92 e-con-full e-flex e-con e-child\" data-id=\"808fb92\" data-element_type=\"container\" data-e-type=\"container\">\n\t\t\t\t<div class=\"elementor-element elementor-element-69e14f5 elementor-invisible elementor-widget elementor-widget-heading\" data-id=\"69e14f5\" data-element_type=\"widget\" data-e-type=\"widget\" data-settings=\"{&quot;_animation&quot;:&quot;zoomIn&quot;}\" data-widget_type=\"heading.default\">\n\t\t\t\t<div class=\"elementor-widget-container\">\n\t\t\t\t\t<h2 class=\"elementor-heading-title elementor-size-default\">\u0160e\u0107erna bolest<\/h2>\t\t\t\t<\/div>\n\t\t\t\t<\/div>\n\t\t\t\t<div class=\"elementor-element elementor-element-4932ff3 elementor-widget__width-initial elementor-widget elementor-widget-text-editor\" data-id=\"4932ff3\" data-element_type=\"widget\" data-e-type=\"widget\" data-widget_type=\"text-editor.default\">\n\t\t\t\t<div class=\"elementor-widget-container\">\n\t\t\t\t\t\t\t\t\t<p>\u0160e\u0107erna bolest (kako se u narodu jo\u0161 naziva diabetes mellitus), danas je veoma rasprostranjeno oboljenje. To je bolest kod koje postoji neregulisan nivo \u0161e\u0107era u krvi koji se prvi i o\u010ditava u rezultatima laboratorijskih analiza. Me\u0111utim, osim ovoga, dijabetes karakteri\u0161e i veliki broj drugih promena koje se de\u0161avaju unutar tela i koje sistemski razaraju organizam.<\/p>\t\t\t\t\t\t\t\t<\/div>\n\t\t\t\t<\/div>\n\t\t\t\t<\/div>\n\t\t<div class=\"elementor-element elementor-element-ee88ee0 e-con-full e-flex e-con e-child\" data-id=\"ee88ee0\" data-element_type=\"container\" data-e-type=\"container\">\n\t\t\t\t<div class=\"elementor-element elementor-element-876b21e elementor-widget elementor-widget-image\" data-id=\"876b21e\" data-element_type=\"widget\" data-e-type=\"widget\" data-widget_type=\"image.default\">\n\t\t\t\t<div class=\"elementor-widget-container\">\n\t\t\t\t\t\t\t\t\t\t\t\t\t\t\t<img fetchpriority=\"high\" decoding=\"async\" width=\"500\" height=\"355\" src=\"https:\/\/formulazdravlja.com\/wp-content\/uploads\/2024\/10\/diabetes.jpg\" class=\"attachment-large size-large wp-image-2273\" alt=\"\" srcset=\"https:\/\/formulazdravlja.com\/wp-content\/uploads\/2024\/10\/diabetes.jpg 500w, https:\/\/formulazdravlja.com\/wp-content\/uploads\/2024\/10\/diabetes-300x213.jpg 300w\" sizes=\"(max-width: 500px) 100vw, 500px\" \/>\t\t\t\t\t\t\t\t\t\t\t\t\t\t\t<\/div>\n\t\t\t\t<\/div>\n\t\t\t\t<\/div>\n\t\t\t\t\t<\/div>\n\t\t\t\t<\/div>\n\t\t\t\t\t<\/div>\n\t\t\t\t<\/div>\n\t\t<div class=\"elementor-element elementor-element-27a9fdd e-flex e-con-boxed e-con e-parent\" data-id=\"27a9fdd\" data-element_type=\"container\" data-e-type=\"container\">\n\t\t\t\t\t<div class=\"e-con-inner\">\n\t\t\t\t<div class=\"elementor-element elementor-element-82b6b47 elementor-widget elementor-widget-text-editor\" data-id=\"82b6b47\" data-element_type=\"widget\" data-e-type=\"widget\" data-widget_type=\"text-editor.default\">\n\t\t\t\t<div class=\"elementor-widget-container\">\n\t\t\t\t\t\t\t\t\t<p>Na primer, promene na malim krvnim sudovima:<br \/>&#8211; oka &#8211; predstavljaju rizik za nastanak slepila,<br \/>&#8211; bubrega &#8211; dovode do o\u0161te\u0107enja bubre\u017ene funkcije (nefropatija)<br \/>&#8211; nervnog sistema \u2013 dovode do neuropatije (o\u0161te\u0107ena su nervna vlakna koja su lo\u0161e ishranjena; usled ovoga, pacijent ose\u0107a bol ili utrnulost odre\u0111ene regije (naj\u010de\u0161\u0107e nogu),<br \/>&#8211; penisa \u2013 uzrok pada erektilne funkcije (ovo je \u010desto prvi znak nastalog o\u0161te\u0107enja mikrocirkulacije!).<\/p><p>promene na velikim krvnim sudovima:<br \/>&#8211; mozga &#8211; pove\u0107avaju rizik od mo\u017edanog udara i poreme\u0107aja memorije, fokusa i pa\u017enje,<br \/>&#8211; srca &#8211; pove\u0107avaju rizik od koronarne sr\u010dane bolesti i akutnog infarkta (sr\u010danog udara), dok<br \/>&#8211; ekstremiteta (naro\u010dito nogu) &#8211; pove\u0107avaju rizik od nastanka gangrene s rizikom za amputaciju.<\/p><p>Nekada se dijabetes otkrije nakon \u0161to pacijent potra\u017ei pomo\u0107 lekara, jer je osetio odre\u0111ene simptome. Naj\u010de\u0161\u0107i su to:<br \/>&#8211; suvo\u0107a usta,<br \/>&#8211; \u010de\u0161\u0107e mokrenje (i danju i no\u0107u),<br \/>&#8211; izrazitije \u017ee\u0111anje,<br \/>&#8211; sporije zarastanje rana,<br \/>&#8211; u\u010destalije infekcije urogenitalne regije\u2026<\/p><p>Me\u0111utim, nekada se dijabetes otkrije i na redovnim sistematskim pregledima osoba koje nemaju ni jedan od pomenutih tegoba.<\/p><p>U nekim slu\u010dajevima, pojavi dijabetesa prethodi stanje ozna\u010deno kao insulinska rezistencija. O \u010demu se radi?<\/p><p>Insulin je hormon koji reguli\u0161e metabolizam makronutrijenata (ugljeni hidrati, masti, bela\u010devine), ali i minerala. Kada osoba pojede namirnice bogate ugljenim hidratima, one dovode do skoka insulina u krvi. Zadatak insulina je da ubaci molekule \u0161e\u0107era (glukoze) u jetrine i mi\u0161i\u0107ne \u0107elije. U ovim \u0107elijama \u0107e se glukoza iskoristiti za rad (mi\u0161i\u0107i) ili \u0107e se uskladi\u0161titi (u formi glikogena \u2013 jetrine i mi\u0161i\u0107ne \u0107elije ili masti \u2013 masne \u0107elije). Da bi to uradio, insulin deluje na receptore na povr\u0161ini ovih \u0107elija \u010dime otvara odre\u0111ene \u201ekanale\u201c kroz koje molekuli \u0161e\u0107era ulaze u ciljne \u0107elije. Ukoliko ti receptori vi\u0161e nisu osetljivi na dejstvo insulina kako bi trebalo da budu, dolazi do pove\u0107anja koncentracije insulina u krvi u cilju ja\u010de stimulacije postoje\u0107ih receptora. I to stanje je ozna\u010deno kao insulinska rezistencija. Porast insulina u krvi dovodi do blokiranja procesa razgradnje masti, belan\u010devina i ugljenih hidrata. Zbog toga osobe koje imaju insulinsku rezistenciju \u010desto imaju i pove\u0107anu koli\u010dinu masti u telu i telesnu masu. Visok nivo insulina stimuli\u0161e i stvaranje aterosklerotskog plaka u krvnim sudovima i zadebljanje zida krvnih sudova, pospe\u0161uje oskidaciju lo\u0161eg LDL holesterola, stimuli\u0161e gubitak hranljivih nutrijenata urinom, pove\u0107ava krvni pritisak i trigliceride, ali pove\u0107ava rizik od zgru\u0161avanja krvi.<\/p><p>Zbog svega navedenog:<br \/>&#8211; kod osoba sa dijabetesom postoji 2 do 4 puta ve\u0107i rizik od smrti usled sr\u010dane bolesti ili mo\u017edanog udara, nego kod onih koje nemaju ovu bolest,<br \/>&#8211; vi\u0161e od 2\/3 osoba koje boluju od dijabetesa ima i povi\u0161eni krvni pritisak,<br \/>&#8211; oko 1\/3 dijabeti\u010dara pati od dijabeti\u010dke retinopatije &#8211; bolesti mre\u017enja\u010de u oku, \u0161to mo\u017ee da ugrozi i vid i izazove slepilo,<br \/>&#8211; kod dijabeti\u010dara je i zna\u010dajno u\u010destalija bolest bubrega,<br \/>&#8211; nekontrolisani dijabetes kod trudnica tokom trudno\u0107e mo\u017ee uve\u0107ati verovatno\u0107u ra\u0111anja dece s uro\u0111enim manama, velikih beba i sl.<br \/>&#8211; oko 1\/3 dijabeti\u010dara pati od te\u0161ke paradontopatije,<br \/>&#8211; osobe koji boluju od dijabetesa imaju dva puta ve\u0107i rizik da obole od depresije, nego oni koji nemaju \u0161e\u0107ernu bolest\u2026<\/p><p>Savremeno le\u010denje obolelih od dijabetesa podrazumeva, naj\u010de\u0161\u0107e, primenu oralnih antidijabetika (kod tip 2 diabetes mellitus) ili primenu insulina (kod tip 1 diabetes mellitus). Na\u017ealost, jako malo pa\u017enje se posve\u0107uje ishrani, pa osobe koje piju lekove za sni\u017eavanje vrednosti \u0161e\u0107era u krvi i dalje imaju lo\u0161e navike u ishrani. Ovo podrazumeva prvenstveno konzumiranje \u201ebrzih\u201c \u0161e\u0107era &#8211; belog bra\u0161na, lisnatog testa, imaju u\u010destale obroke (koji stalno podi\u017eu nivo \u0161e\u0107era u krvi, pa time i nivo insulina), imaju i prekomerni unos vo\u0107a (prebogato \u0161e\u0107erima!!!) itd.<\/p><p>Tokom primene<a href=\"https:\/\/formulazdravlja.com\/prokol-formula-zdravlja\/\"> protokola FORMULA ZDRAVLJA<\/a>, velika pa\u017enja se posve\u0107uje upravo ishrani. Osobama sa poreme\u0107enim metabolizmom \u0161e\u0107era je neophodno zameniti brze \u0161e\u0107ere sporim, tj. uvesti namirnice koje su napravljene od mlevenog celog zrna \u017eitarica koji obiluje vlaknima. Ove namirnice ne podi\u017eu vrednost \u0161e\u0107era u krvi ni brzo, a ni zna\u010dajno! S druge strane, neophodno je ograni\u010diti i unos vo\u0107a koje je, zapravo, riznica brzih \u0161e\u0107era! Ovo je jedan od osnovnih preduslova koji \u0107e pobolj\u0161ati regulisanje vrednosti \u0161e\u0107era u krvi. Tako\u0111e, personalizacijom terapije, preporu\u010duju se i suplementi koji pospe\u0161uju regulisanje celokupnog metabolizma, uklju\u010duju\u0107i i metabolizam \u0161e\u0107era, kao i pove\u0107anje osetljivosti insulinskih receptora na sam insulin.<\/p><p>Pridr\u017eavanje uputstava iz protokola FORMULA ZDRAVLJA dovodi do pada vrednosti jutarnjeg \u0161e\u0107era, prose\u010dne vrednosti \u0161e\u0107era u krvi za poslednja 3 meseca (HbA1c), kao i dnevnog glikemijskog profila (vrednost \u0161e\u0107era u krvi pre svakog obroka, 2 sata posle svakog obroka, u pono\u0107 i u 3h ujutru).<\/p><p>Pored pospe\u0161ivanja regulacije vrednosti \u0161e\u0107era u krvi i umanjenja rizika za nastanak svih te\u0161kih komplikacija dijabetesa, osoba \u0107e unaprediti i kvalitet \u017eivota pobolj\u0161anjem op\u0161teg zdravstvenog stanja, kao i pove\u0107anjem \u017eivotne, mentalne i fizi\u010dke energije!<\/p>\t\t\t\t\t\t\t\t<\/div>\n\t\t\t\t<\/div>\n\t\t\t\t\t<\/div>\n\t\t\t\t<\/div>\n\t\t<div class=\"elementor-element elementor-element-1f49342b e-flex e-con-boxed e-con e-parent\" data-id=\"1f49342b\" data-element_type=\"container\" data-e-type=\"container\" data-settings=\"{&quot;background_background&quot;:&quot;classic&quot;}\">\n\t\t\t\t\t<div class=\"e-con-inner\">\n\t\t<div class=\"elementor-element elementor-element-61f9b866 e-flex e-con-boxed e-con e-child\" data-id=\"61f9b866\" data-element_type=\"container\" data-e-type=\"container\" data-settings=\"{&quot;background_background&quot;:&quot;classic&quot;}\">\n\t\t\t\t\t<div class=\"e-con-inner\">\n\t\t<div class=\"elementor-element elementor-element-2260795 e-con-full e-flex e-con e-child\" data-id=\"2260795\" data-element_type=\"container\" data-e-type=\"container\">\n\t\t\t\t<div class=\"elementor-element elementor-element-63dd71a2 elementor-widget elementor-widget-heading\" data-id=\"63dd71a2\" data-element_type=\"widget\" data-e-type=\"widget\" data-widget_type=\"heading.default\">\n\t\t\t\t<div class=\"elementor-widget-container\">\n\t\t\t\t\t<h2 class=\"elementor-heading-title elementor-size-default\">Zaka\u017eite konsultaciju\n<\/h2>\t\t\t\t<\/div>\n\t\t\t\t<\/div>\n\t\t\t\t<div class=\"elementor-element elementor-element-70751663 elementor-widget elementor-widget-text-editor\" data-id=\"70751663\" data-element_type=\"widget\" data-e-type=\"widget\" data-widget_type=\"text-editor.default\">\n\t\t\t\t<div class=\"elementor-widget-container\">\n\t\t\t\t\t\t\t\t\t<p>Vreme je za primenu protokola FORMULA ZDRAVLJA!<\/p>\t\t\t\t\t\t\t\t<\/div>\n\t\t\t\t<\/div>\n\t\t<div class=\"elementor-element elementor-element-20d72a2f e-con-full e-flex e-con e-child\" data-id=\"20d72a2f\" data-element_type=\"container\" data-e-type=\"container\">\n\t\t\t\t<div class=\"elementor-element elementor-element-1d0011fd elementor-widget elementor-widget-counter\" data-id=\"1d0011fd\" data-element_type=\"widget\" data-e-type=\"widget\" data-widget_type=\"counter.default\">\n\t\t\t\t<div class=\"elementor-widget-container\">\n\t\t\t\t\t\t\t<div class=\"elementor-counter\">\n\t\t\t<div class=\"elementor-counter-title\">Zadovoljnih klijenata<\/div>\t\t\t<div class=\"elementor-counter-number-wrapper\">\n\t\t\t\t<span class=\"elementor-counter-number-prefix\"><\/span>\n\t\t\t\t<span class=\"elementor-counter-number\" data-duration=\"2000\" data-to-value=\"2500\" data-from-value=\"0\" data-delimiter=\",\">0<\/span>\n\t\t\t\t<span class=\"elementor-counter-number-suffix\">+<\/span>\n\t\t\t<\/div>\n\t\t<\/div>\n\t\t\t\t\t\t<\/div>\n\t\t\t\t<\/div>\n\t\t\t\t<div class=\"elementor-element elementor-element-18b2cd3 elementor-widget elementor-widget-counter\" data-id=\"18b2cd3\" data-element_type=\"widget\" data-e-type=\"widget\" data-widget_type=\"counter.default\">\n\t\t\t\t<div class=\"elementor-widget-container\">\n\t\t\t\t\t\t\t<div class=\"elementor-counter\">\n\t\t\t<div class=\"elementor-counter-title\">Godina iskustva<\/div>\t\t\t<div class=\"elementor-counter-number-wrapper\">\n\t\t\t\t<span class=\"elementor-counter-number-prefix\"><\/span>\n\t\t\t\t<span class=\"elementor-counter-number\" data-duration=\"2000\" data-to-value=\"30\" data-from-value=\"0\" data-delimiter=\",\">0<\/span>\n\t\t\t\t<span class=\"elementor-counter-number-suffix\">+<\/span>\n\t\t\t<\/div>\n\t\t<\/div>\n\t\t\t\t\t\t<\/div>\n\t\t\t\t<\/div>\n\t\t\t\t<div class=\"elementor-element elementor-element-1c811bab elementor-widget elementor-widget-counter\" data-id=\"1c811bab\" data-element_type=\"widget\" data-e-type=\"widget\" data-widget_type=\"counter.default\">\n\t\t\t\t<div class=\"elementor-widget-container\">\n\t\t\t\t\t\t\t<div class=\"elementor-counter\">\n\t\t\t<div class=\"elementor-counter-title\">Radova i publikacija<\/div>\t\t\t<div class=\"elementor-counter-number-wrapper\">\n\t\t\t\t<span class=\"elementor-counter-number-prefix\"><\/span>\n\t\t\t\t<span class=\"elementor-counter-number\" data-duration=\"2000\" data-to-value=\"320\" data-from-value=\"0\" data-delimiter=\",\">0<\/span>\n\t\t\t\t<span class=\"elementor-counter-number-suffix\">+<\/span>\n\t\t\t<\/div>\n\t\t<\/div>\n\t\t\t\t\t\t<\/div>\n\t\t\t\t<\/div>\n\t\t\t\t<\/div>\n\t\t\t\t<div class=\"elementor-element elementor-element-131c5a9a elementor-widget elementor-widget-button\" data-id=\"131c5a9a\" data-element_type=\"widget\" data-e-type=\"widget\" data-widget_type=\"button.default\">\n\t\t\t\t<div class=\"elementor-widget-container\">\n\t\t\t\t\t\t\t\t\t<div class=\"elementor-button-wrapper\">\n\t\t\t\t\t<a class=\"elementor-button elementor-button-link elementor-size-sm\" href=\"https:\/\/formulazdravlja.com\/kontakt\/\">\n\t\t\t\t\t\t<span class=\"elementor-button-content-wrapper\">\n\t\t\t\t\t\t<span class=\"elementor-button-icon\">\n\t\t\t\t<svg xmlns=\"http:\/\/www.w3.org\/2000\/svg\" viewBox=\"0 0 24 24\"><path fill-rule=\"evenodd\" d=\"M24 0v22.78h-2.87V4.9L2.03 24 0 21.97l19.1-19.1H1.26V0H24Z\"><\/path><\/svg>\t\t\t<\/span>\n\t\t\t\t\t\t\t\t\t<span class=\"elementor-button-text\">Po\u0161aljite poruku<\/span>\n\t\t\t\t\t<\/span>\n\t\t\t\t\t<\/a>\n\t\t\t\t<\/div>\n\t\t\t\t\t\t\t\t<\/div>\n\t\t\t\t<\/div>\n\t\t\t\t<\/div>\n\t\t\t\t<div class=\"elementor-element elementor-element-6637681d elementor-widget__width-initial elementor-widget elementor-widget-image\" data-id=\"6637681d\" data-element_type=\"widget\" data-e-type=\"widget\" data-widget_type=\"image.default\">\n\t\t\t\t<div class=\"elementor-widget-container\">\n\t\t\t\t\t\t\t\t\t\t\t\t\t\t\t<img decoding=\"async\" width=\"544\" height=\"288\" src=\"https:\/\/formulazdravlja.com\/wp-content\/uploads\/2024\/10\/jabuka.png\" class=\"attachment-full size-full wp-image-1753\" alt=\"\" srcset=\"https:\/\/formulazdravlja.com\/wp-content\/uploads\/2024\/10\/jabuka.png 544w, https:\/\/formulazdravlja.com\/wp-content\/uploads\/2024\/10\/jabuka-300x159.png 300w\" sizes=\"(max-width: 544px) 100vw, 544px\" \/>\t\t\t\t\t\t\t\t\t\t\t\t\t\t\t<\/div>\n\t\t\t\t<\/div>\n\t\t\t\t\t<\/div>\n\t\t\t\t<\/div>\n\t\t\t\t\t<\/div>\n\t\t\t\t<\/div>\n\t\t\t\t<\/div>\n\t\t","protected":false},"excerpt":{"rendered":"<p>\u0160e\u0107erna bolest \u0160e\u0107erna bolest (kako se u narodu jo\u0161 naziva diabetes mellitus), danas je veoma rasprostranjeno oboljenje. To je bolest kod koje postoji neregulisan nivo \u0161e\u0107era u krvi koji se prvi i o\u010ditava u rezultatima laboratorijskih analiza. Me\u0111utim, osim ovoga, dijabetes karakteri\u0161e i veliki broj drugih promena koje se de\u0161avaju unutar tela i koje sistemski [&hellip;]<\/p>\n","protected":false},"author":1,"featured_media":0,"parent":0,"menu_order":0,"comment_status":"closed","ping_status":"closed","template":"","meta":{"footnotes":""},"class_list":["post-2453","page","type-page","status-publish","hentry"],"blocksy_meta":{"has_hero_section":"disabled","vertical_spacing_source":"custom","content_area_spacing":"none","styles_descriptor":{"styles":{"desktop":"","tablet":"","mobile":""},"google_fonts":[],"version":6}},"_links":{"self":[{"href":"https:\/\/formulazdravlja.com\/sr\/wp-json\/wp\/v2\/pages\/2453","targetHints":{"allow":["GET"]}}],"collection":[{"href":"https:\/\/formulazdravlja.com\/sr\/wp-json\/wp\/v2\/pages"}],"about":[{"href":"https:\/\/formulazdravlja.com\/sr\/wp-json\/wp\/v2\/types\/page"}],"author":[{"embeddable":true,"href":"https:\/\/formulazdravlja.com\/sr\/wp-json\/wp\/v2\/users\/1"}],"replies":[{"embeddable":true,"href":"https:\/\/formulazdravlja.com\/sr\/wp-json\/wp\/v2\/comments?post=2453"}],"version-history":[{"count":10,"href":"https:\/\/formulazdravlja.com\/sr\/wp-json\/wp\/v2\/pages\/2453\/revisions"}],"predecessor-version":[{"id":2760,"href":"https:\/\/formulazdravlja.com\/sr\/wp-json\/wp\/v2\/pages\/2453\/revisions\/2760"}],"wp:attachment":[{"href":"https:\/\/formulazdravlja.com\/sr\/wp-json\/wp\/v2\/media?parent=2453"}],"curies":[{"name":"wp","href":"https:\/\/api.w.org\/{rel}","templated":true}]}}