{"id":2459,"date":"2024-10-30T17:36:33","date_gmt":"2024-10-30T16:36:33","guid":{"rendered":"https:\/\/formulazdravlja.com\/?page_id=2459"},"modified":"2024-11-21T07:48:46","modified_gmt":"2024-11-21T06:48:46","slug":"hipofunkcija-stitaste-zlezde","status":"publish","type":"page","link":"https:\/\/formulazdravlja.com\/sr\/hipofunkcija-stitaste-zlezde\/","title":{"rendered":"Hipofunkcija \u0161titaste \u017elezde"},"content":{"rendered":"\t\t<div data-elementor-type=\"wp-page\" data-elementor-id=\"2459\" class=\"elementor elementor-2459\">\n\t\t\t\t<div class=\"elementor-element elementor-element-21fc403 e-flex e-con-boxed e-con e-parent\" data-id=\"21fc403\" data-element_type=\"container\" data-e-type=\"container\">\n\t\t\t\t\t<div class=\"e-con-inner\">\n\t\t<div class=\"elementor-element elementor-element-3b99d1b e-flex e-con-boxed e-con e-child\" data-id=\"3b99d1b\" data-element_type=\"container\" data-e-type=\"container\" data-settings=\"{&quot;background_background&quot;:&quot;classic&quot;}\">\n\t\t\t\t\t<div class=\"e-con-inner\">\n\t\t<div class=\"elementor-element elementor-element-808fb92 e-con-full e-flex e-con e-child\" data-id=\"808fb92\" data-element_type=\"container\" data-e-type=\"container\">\n\t\t\t\t<div class=\"elementor-element elementor-element-69e14f5 elementor-invisible elementor-widget elementor-widget-heading\" data-id=\"69e14f5\" data-element_type=\"widget\" data-e-type=\"widget\" data-settings=\"{&quot;_animation&quot;:&quot;zoomIn&quot;}\" data-widget_type=\"heading.default\">\n\t\t\t\t<div class=\"elementor-widget-container\">\n\t\t\t\t\t<h2 class=\"elementor-heading-title elementor-size-default\">Hipofunkcija \u0161titaste \u017elezde<\/h2>\t\t\t\t<\/div>\n\t\t\t\t<\/div>\n\t\t\t\t<div class=\"elementor-element elementor-element-4932ff3 elementor-widget__width-initial elementor-widget elementor-widget-text-editor\" data-id=\"4932ff3\" data-element_type=\"widget\" data-e-type=\"widget\" data-widget_type=\"text-editor.default\">\n\t\t\t\t<div class=\"elementor-widget-container\">\n\t\t\t\t\t\t\t\t\t<p>Veliki broj ljudi ima probleme sa funkcionisanjem \u0161titaste \u017elezde i u potrazi je za re\u0161enjem ovog problema. Naj\u010de\u0161\u0107i razlog za\u0161to \u010ditate ovaj tekst je taj \u0161to smatrate da imate tegobe koje se mogu dovesti u vezu s umanjenjenom funkcijom \u0161titaste \u017elezde, ali su rezultati va\u0161ih laboratorijskih analiza \u201euredni\u201c. <\/p>\t\t\t\t\t\t\t\t<\/div>\n\t\t\t\t<\/div>\n\t\t\t\t<\/div>\n\t\t<div class=\"elementor-element elementor-element-ee88ee0 e-con-full e-flex e-con e-child\" data-id=\"ee88ee0\" data-element_type=\"container\" data-e-type=\"container\">\n\t\t\t\t<div class=\"elementor-element elementor-element-876b21e elementor-widget elementor-widget-image\" data-id=\"876b21e\" data-element_type=\"widget\" data-e-type=\"widget\" data-widget_type=\"image.default\">\n\t\t\t\t<div class=\"elementor-widget-container\">\n\t\t\t\t\t\t\t\t\t\t\t\t\t\t\t<img fetchpriority=\"high\" decoding=\"async\" width=\"525\" height=\"373\" src=\"https:\/\/formulazdravlja.com\/wp-content\/uploads\/2024\/10\/tiroida.png\" class=\"attachment-large size-large wp-image-2278\" alt=\"\" srcset=\"https:\/\/formulazdravlja.com\/wp-content\/uploads\/2024\/10\/tiroida.png 525w, https:\/\/formulazdravlja.com\/wp-content\/uploads\/2024\/10\/tiroida-300x213.png 300w\" sizes=\"(max-width: 525px) 100vw, 525px\" \/>\t\t\t\t\t\t\t\t\t\t\t\t\t\t\t<\/div>\n\t\t\t\t<\/div>\n\t\t\t\t<\/div>\n\t\t\t\t\t<\/div>\n\t\t\t\t<\/div>\n\t\t\t\t\t<\/div>\n\t\t\t\t<\/div>\n\t\t<div class=\"elementor-element elementor-element-27a9fdd e-flex e-con-boxed e-con e-parent\" data-id=\"27a9fdd\" data-element_type=\"container\" data-e-type=\"container\">\n\t\t\t\t\t<div class=\"e-con-inner\">\n\t\t\t\t<div class=\"elementor-element elementor-element-82b6b47 elementor-widget elementor-widget-text-editor\" data-id=\"82b6b47\" data-element_type=\"widget\" data-e-type=\"widget\" data-widget_type=\"text-editor.default\">\n\t\t\t\t<div class=\"elementor-widget-container\">\n\t\t\t\t\t\t\t\t\t<p>Zvani\u010dan stav je da nema potrebe da se \u201ele\u010di\u201c bilo \u0161ta u tim analizama, jer su vrednosti \u201cu granicama normale\u201d, pa time nemate ni dijagnozu bolesti\u2026 Vi\u0161e o tome da li treba le\u010diti osobu ili \u201ele\u010diti laboratorijske analize i dijagnozu\u201c mo\u017eete pro\u010ditati u <a href=\"https:\/\/formulazdravlja.com\/knjiga-formula-zdravlja\/\">knjizi FORMULA ZDRAVLJA<\/a>.<\/p>\t\t\t\t\t\t\t\t<\/div>\n\t\t\t\t<\/div>\n\t\t\t\t<div class=\"elementor-element elementor-element-44e3330 elementor-widget elementor-widget-text-editor\" data-id=\"44e3330\" data-element_type=\"widget\" data-e-type=\"widget\" data-widget_type=\"text-editor.default\">\n\t\t\t\t<div class=\"elementor-widget-container\">\n\t\t\t\t\t\t\t\t\t<p>\u0160titasta \u017elezda je mala endokrina \u017elezda koja je sme\u0161tena u donjem delu prednje strane vrata. Ima oblik \u0161tita te se zato tako i naziva. Ona stvara i lu\u010di u krv dva hormona &#8211; tetrajodtironin tj. tiroksin (T4) i trijodtironin (T3).<\/p><p>Hormon tiroksin (T4) nije aktivan hormon \u0161titaste \u017elezde tj. nema mogu\u0107nost da se vezuje za \u0107elije i da izazove metaboli\u010dke promene u njima. Hormon trijoditronin (T3) je aktivna forma hormona \u0161titaste \u017elezde. On se vezuje za \u0107elije i izaziva metaboli\u010dke promene i odgovore u njima. T4 se pretvara u T3 dominantno u jetri, kao i u na\u0161em digestivnom sistemu zahvaljuju\u0107i dobrim bakterijama. Obzirom na ovu \u010dinjenicu, sva stanja\/oboljenja koja zahvataju ova dva organa zna\u010dajno uti\u010du i na stepen pretvaranja neaktivnog T4 u aktivni T3. U ta stanja\/oboljenja spadaju prisustvo otrova u jetri (te je zato neophodna i detoksikacija, koja se vr\u0161i tokom I faze protokola FORMULA ZDRAVLJA!), insulinska rezistencija, poreme\u0107aj crevne flore, poreme\u0107aj varenja, poreme\u0107ena vrednost kortizola u krvi itd.<\/p><p>Regulisanje stvaranja T4 u \u0161titastoj \u017elezdi je pod kontrolom hormona koji lu\u010di hipofiza (sme\u0161tena u mozgu) i koji se zove tireostimuliraju\u0107i hormon (TSH). Ukoliko vrednost T4 u telu padne, pove\u0107a se stimulacija \u0161titaste \u017elezde tako \u0161to hipofiza pove\u0107a stvaranje i sekreciju TSH u krv. Ukoliko je koli\u010dina T4 u krvi dovoljna, onda se smanjuje stimulacija \u0161titaste \u017elezde tako \u0161to vrednost TSH u krvi opada.<\/p><p>Hormon T3 reguli\u0161e funkciju:<br \/>&#8211; imunog sistema, <br \/>&#8211; mozga i ostalih delova nervnog sistema,<br \/>&#8211; drugih endokrinih \u017elezdi,<br \/>&#8211; gastrointestinalnog sistema,<br \/>&#8211; jetre i \u017eu\u010dne kese,<br \/>&#8211; seksualnih hormona\u2026<\/p><p>T3, tako\u0111e, reguli\u0161e i:<br \/>&#8211; proces razgradnje masti,<br \/>&#8211; sekreciju insulina,<br \/>&#8211; metabolizam \u0161e\u0107era i masno\u0107a (holesterol i trigliceridi),<br \/>&#8211; adekvatnu sekreciju \u017eelu\u010dane kiseline,<br \/>&#8211; metabolizam u kostima itd.<\/p><p>Oko 90% osoba koje imaju umanjenu funkciju \u0161titaste \u017elezde, zapravo imaju oboljenje koje se naziva Ha\u0161imoto tiroiditis. To je oboljenje koje u svom korenu ima autoimunu reakciju \u2013 telo stvara antitela koja uni\u0161tavaju \u0107elije sopstvene \u0161titaste \u017elezde uz stalno prisutan upalni proces.<\/p><p>Simptomi Ha\u0161imoto tiroiditisa su:<br \/>&#8211; porast telesne mase,<br \/>&#8211; depresija,<br \/>&#8211; stalni ose\u0107aj mentalnog i fizi\u010dkog umora,<br \/>&#8211; napadi panike,<br \/>&#8211; iritabilnost,<br \/>&#8211; anksioznost,<br \/>&#8211; migrenozni napadi,<br \/>&#8211; pad memorije i fokusa, <br \/>&#8211; problem s vidom,<br \/>&#8211; nesanica,<br \/>&#8211; osetljivost na hladno\u0107u i toplotu,<br \/>&#8211; ose\u0107aj mravinjanja u rukama\/nogama,<br \/>&#8211; slabost mi\u0161i\u0107a,<br \/>&#8211; gr\u010devi u nogama,<br \/>&#8211; uko\u010denost zglobova,<br \/>&#8211; oticanje nogu,<br \/>&#8211; poreme\u0107aj sr\u010dane frekvencije,<br \/>&#8211; povi\u0161enje masno\u0107a u krvi,<br \/>&#8211; zatvor,<br \/>&#8211; poreme\u0107aj menstruacionog ciklusa,<br \/>&#8211; nemogu\u0107nost za\u010de\u0107a,<br \/>&#8211; gubitak kose,<br \/>&#8211; lo\u0161e varenje hrane i nadimanje&#8230;<\/p><p>Uzroci umanjene funkcije \u0161titaste \u017elezde, osim navedenog Ha\u0161imoto tiroiditisa, mogu le\u017eati i u:<br \/>&#8211; crevima (sindrom \u201epropusnog creva\u201c, engl. leaky gut syndrome),<br \/>&#8211; izmenjenoj funkciji nadbubre\u017ene \u017elezde,<br \/>&#8211; upalnom procesu,<br \/>&#8211; infekciji,<br \/>&#8211; hormonalnom disbalansu,<br \/>&#8211; deficitu razli\u010ditih vitamina;<br \/>&#8211; prisustvu supstanci koje uni\u0161tavaju endokrini sistem (engl. endocrine disrupting substances; mehanizam kojim oni uni\u0161tavaju endokrini sistem \u010doveka je opisan u knjizi FORMULA ZDRAVLJA;<br \/>&#8211; intoksikaciji te\u0161kim metalima i fluorida (unos malih doza kroz du\u017ei vremenski period vazduhom, hranom, vodom, pesticidima&#8230;),<br \/>&#8211; intoleranciji na hranu\u2026<\/p><p>Prilikom dijagnostike, u praksi se \u010desto koriste vrednosti samo tri parametra \u2013 TSH, T4 i T3. Trebalo bi ove analize upotpuniti i ostalim relevantnim parametrima koji ukazuju na stanje \u0161titaste \u017elezde, a to su:<br \/>1. fT4 (slobodan tiroksin \u2013 onaj koji nije vezan za proteine u krvi),<br \/>2. fT3 (slobodan trijodtironin \u2013 onaj koji nije vezan za proteine krvi i, zapravo, najzna\u010dajniji i metaboli\u010dki je najaktivniji hormon \u0161titaste \u017elezde),<br \/>3. 3. reverzni T3 (rT3; on je neaktivan, ali se vezuje za iste receptore na \u0107elijama za koje se vezuje i T3; time spre\u010dava da se aktivni fT3 ve\u017ee i ispolji svoju funkciju. Prakti\u010dno, nije dovoljno znati da li je T3 u granicama normale, ve\u0107 koji je odnos T3 i rT3 ili odnos fT3 i rT3),<br \/>4. antitela na tirozin peroksidazu i tireoglobulin (anti-TPO i anti TB AT \u2013 kod dijagnostike Ha\u0161imoto tiroiditisa),<br \/>5. TSH antitela (kod dijagnoze Graves-ove bolesti) i nivo tireglobulina.<\/p><p>Iz svega navedenog se uo\u010dava da je funkcionalnost \u0161titaste \u017elezde uslovljena velikim brojem faktora koji me\u0111usobno interaguju.<\/p><p><a href=\"https:\/\/formulazdravlja.com\/prokol-formula-zdravlja\/\">Protokol FORMULA ZDRAVLJA<\/a> u cilju pobolj\u0161avanja funkcije \u0161titaste \u017elezde, podrazumeva slede\u0107e:<br \/>&#8211; promenu ishrane (npr., umanjenje unosa \u0161e\u0107era koji podsti\u010de upalne procese u telu \u010dime se usporava pretvaranje T4 u T3, eliminaciju ili umanjenje hrane koja sadr\u017ei gluten (ovo nije zvani\u010dan stav tretmana umanjene funkcije, ali praksa ukazuje da se osobe koje imaju umanjenu funkciju \u0161titaste \u017elezde, bolje ose\u0107aju kada pre\u0111u na ishranu bez glutena), pove\u0107anje unosa ribe (naro\u010dito plave, zbog omega-3 masnih kiselina bogatih EPA i DHA neophodnih za sintezu hormona \u0161titaste \u017elezde), pove\u0107anje unosa kokosovog ulja (zbog kaprili\u010dne i lauri\u010dne kiseline neophodnih za zdrav metabolizam i borbu protiv umora), pove\u0107anje unosa \u010dija semena i lanenog semena (bogati izvori alfa-lipoi\u010dne kiseline, neophodne za normalan hormonalni balans), pove\u0107anje unosa dijetnih vlakana (30 do 40g dnevno; osobe koje imaju hipotiroidizam, naj\u010de\u0161\u0107e pate i od zatvora, pa im vlakna poma\u017eu u re\u0161avanju ovog problema), izbegavanje unosa tzv. goitrogene hrane (hrana koja podsti\u010de razvoj strume \u2013 gu\u0161avosti) kao \u0161to su brokoli, karfiol, kupus, kelj, soja\u2026 <br \/>&#8211; personalizovana primena dodataka ishrani (npr., selena, neophodnog za pretvaranje neaktivnog T4 u aktivni T3), vitamina B grupe i druge individualno odre\u0111ene vitamine i minerale, primenu biljaka sa adaptogenim dejstvom (npr., a\u0161vaganda, \u017een\u0161en, rodiola&#8230;) jer umanjuju vrednost kortizola u krvi \u0161to pozitivno uti\u010de na funkciju \u0161titaste \u017elezde, primena prirodnih izvora pribiotika &#8211; kefir, kombuha, kiseli kupus, raso, tur\u0161ija, ali i probiotskih preparata, kao i aminokiselina (npr., L-prolin i L-glicin&#8230;) u cilju pobolj\u0161anja zdravlje sluzoko\u017ee creva,<br \/>&#8211; dovoljan unos vode (neophodna za normalan metabolizam) itd.<\/p><p>Jasno je da su uzroci nastanka hipofunkcije \u0161titaste \u017elezde brojni i raznoliki. Samim tim, logi\u010dan zaklju\u010dak je da ne postoji \u201e\u010darobni \u0161tapi\u0107\u201c koji bi sve ove poreme\u0107ene elemente vratio u normalu preko no\u0107i. Postoji samo ve\u0107i broj tehnika, postupaka i aktivnosti koje treba primeniti.<\/p><p>Prvi rezultati tretmana protokolom FORMULA ZDRAVLJA se mogu osetiti ve\u0107 za 2 nedelje (pove\u0107anje mentalne i fizi\u010dke snage). U periodu od dva do tri meseca dolazi i do eliminacije gore navedenih simptoma umanjene funkcije \u0161titaste \u017elezde, unapre\u0111enja celokupnog zdravstvenog stanja, kvaliteta \u017eivota, kao i pobolj\u0161anja ili potpune normalizacije svih poreme\u0107enih biohemijskih parametara.<\/p>\t\t\t\t\t\t\t\t<\/div>\n\t\t\t\t<\/div>\n\t\t\t\t\t<\/div>\n\t\t\t\t<\/div>\n\t\t<div class=\"elementor-element elementor-element-1f49342b e-flex e-con-boxed e-con e-parent\" data-id=\"1f49342b\" data-element_type=\"container\" data-e-type=\"container\" data-settings=\"{&quot;background_background&quot;:&quot;classic&quot;}\">\n\t\t\t\t\t<div class=\"e-con-inner\">\n\t\t<div class=\"elementor-element elementor-element-61f9b866 e-flex e-con-boxed e-con e-child\" data-id=\"61f9b866\" data-element_type=\"container\" data-e-type=\"container\" data-settings=\"{&quot;background_background&quot;:&quot;classic&quot;}\">\n\t\t\t\t\t<div class=\"e-con-inner\">\n\t\t<div class=\"elementor-element elementor-element-2260795 e-con-full e-flex e-con e-child\" data-id=\"2260795\" data-element_type=\"container\" data-e-type=\"container\">\n\t\t\t\t<div class=\"elementor-element elementor-element-63dd71a2 elementor-widget elementor-widget-heading\" data-id=\"63dd71a2\" data-element_type=\"widget\" data-e-type=\"widget\" data-widget_type=\"heading.default\">\n\t\t\t\t<div class=\"elementor-widget-container\">\n\t\t\t\t\t<h2 class=\"elementor-heading-title elementor-size-default\">Zaka\u017eite konsultaciju\n<\/h2>\t\t\t\t<\/div>\n\t\t\t\t<\/div>\n\t\t\t\t<div class=\"elementor-element elementor-element-70751663 elementor-widget elementor-widget-text-editor\" data-id=\"70751663\" data-element_type=\"widget\" data-e-type=\"widget\" data-widget_type=\"text-editor.default\">\n\t\t\t\t<div class=\"elementor-widget-container\">\n\t\t\t\t\t\t\t\t\t<p>Vreme je za primenu protokola FORMULA ZDRAVLJA!<\/p>\t\t\t\t\t\t\t\t<\/div>\n\t\t\t\t<\/div>\n\t\t<div class=\"elementor-element elementor-element-20d72a2f e-con-full e-flex e-con e-child\" data-id=\"20d72a2f\" data-element_type=\"container\" data-e-type=\"container\">\n\t\t\t\t<div class=\"elementor-element elementor-element-1d0011fd elementor-widget elementor-widget-counter\" data-id=\"1d0011fd\" data-element_type=\"widget\" data-e-type=\"widget\" data-widget_type=\"counter.default\">\n\t\t\t\t<div class=\"elementor-widget-container\">\n\t\t\t\t\t\t\t<div class=\"elementor-counter\">\n\t\t\t<div class=\"elementor-counter-title\">Zadovoljnih klijenata<\/div>\t\t\t<div class=\"elementor-counter-number-wrapper\">\n\t\t\t\t<span class=\"elementor-counter-number-prefix\"><\/span>\n\t\t\t\t<span class=\"elementor-counter-number\" data-duration=\"2000\" data-to-value=\"2500\" data-from-value=\"0\" data-delimiter=\",\">0<\/span>\n\t\t\t\t<span class=\"elementor-counter-number-suffix\">+<\/span>\n\t\t\t<\/div>\n\t\t<\/div>\n\t\t\t\t\t\t<\/div>\n\t\t\t\t<\/div>\n\t\t\t\t<div class=\"elementor-element elementor-element-18b2cd3 elementor-widget elementor-widget-counter\" data-id=\"18b2cd3\" data-element_type=\"widget\" data-e-type=\"widget\" data-widget_type=\"counter.default\">\n\t\t\t\t<div class=\"elementor-widget-container\">\n\t\t\t\t\t\t\t<div class=\"elementor-counter\">\n\t\t\t<div class=\"elementor-counter-title\">Godina iskustva<\/div>\t\t\t<div class=\"elementor-counter-number-wrapper\">\n\t\t\t\t<span class=\"elementor-counter-number-prefix\"><\/span>\n\t\t\t\t<span class=\"elementor-counter-number\" data-duration=\"2000\" data-to-value=\"30\" data-from-value=\"0\" data-delimiter=\",\">0<\/span>\n\t\t\t\t<span class=\"elementor-counter-number-suffix\">+<\/span>\n\t\t\t<\/div>\n\t\t<\/div>\n\t\t\t\t\t\t<\/div>\n\t\t\t\t<\/div>\n\t\t\t\t<div class=\"elementor-element elementor-element-1c811bab elementor-widget elementor-widget-counter\" data-id=\"1c811bab\" data-element_type=\"widget\" data-e-type=\"widget\" data-widget_type=\"counter.default\">\n\t\t\t\t<div class=\"elementor-widget-container\">\n\t\t\t\t\t\t\t<div class=\"elementor-counter\">\n\t\t\t<div class=\"elementor-counter-title\">Radova i publikacija<\/div>\t\t\t<div class=\"elementor-counter-number-wrapper\">\n\t\t\t\t<span class=\"elementor-counter-number-prefix\"><\/span>\n\t\t\t\t<span class=\"elementor-counter-number\" data-duration=\"2000\" data-to-value=\"320\" data-from-value=\"0\" data-delimiter=\",\">0<\/span>\n\t\t\t\t<span class=\"elementor-counter-number-suffix\">+<\/span>\n\t\t\t<\/div>\n\t\t<\/div>\n\t\t\t\t\t\t<\/div>\n\t\t\t\t<\/div>\n\t\t\t\t<\/div>\n\t\t\t\t<div class=\"elementor-element elementor-element-131c5a9a elementor-widget elementor-widget-button\" data-id=\"131c5a9a\" data-element_type=\"widget\" data-e-type=\"widget\" data-widget_type=\"button.default\">\n\t\t\t\t<div class=\"elementor-widget-container\">\n\t\t\t\t\t\t\t\t\t<div class=\"elementor-button-wrapper\">\n\t\t\t\t\t<a class=\"elementor-button elementor-button-link elementor-size-sm\" href=\"https:\/\/formulazdravlja.com\/kontakt\/\">\n\t\t\t\t\t\t<span class=\"elementor-button-content-wrapper\">\n\t\t\t\t\t\t<span class=\"elementor-button-icon\">\n\t\t\t\t<svg xmlns=\"http:\/\/www.w3.org\/2000\/svg\" viewBox=\"0 0 24 24\"><path fill-rule=\"evenodd\" d=\"M24 0v22.78h-2.87V4.9L2.03 24 0 21.97l19.1-19.1H1.26V0H24Z\"><\/path><\/svg>\t\t\t<\/span>\n\t\t\t\t\t\t\t\t\t<span class=\"elementor-button-text\">Po\u0161aljite poruku<\/span>\n\t\t\t\t\t<\/span>\n\t\t\t\t\t<\/a>\n\t\t\t\t<\/div>\n\t\t\t\t\t\t\t\t<\/div>\n\t\t\t\t<\/div>\n\t\t\t\t<\/div>\n\t\t\t\t<div class=\"elementor-element elementor-element-6637681d elementor-widget__width-initial elementor-widget elementor-widget-image\" data-id=\"6637681d\" data-element_type=\"widget\" data-e-type=\"widget\" data-widget_type=\"image.default\">\n\t\t\t\t<div class=\"elementor-widget-container\">\n\t\t\t\t\t\t\t\t\t\t\t\t\t\t\t<img decoding=\"async\" width=\"544\" height=\"288\" src=\"https:\/\/formulazdravlja.com\/wp-content\/uploads\/2024\/10\/jabuka.png\" class=\"attachment-full size-full wp-image-1753\" alt=\"\" srcset=\"https:\/\/formulazdravlja.com\/wp-content\/uploads\/2024\/10\/jabuka.png 544w, https:\/\/formulazdravlja.com\/wp-content\/uploads\/2024\/10\/jabuka-300x159.png 300w\" sizes=\"(max-width: 544px) 100vw, 544px\" \/>\t\t\t\t\t\t\t\t\t\t\t\t\t\t\t<\/div>\n\t\t\t\t<\/div>\n\t\t\t\t\t<\/div>\n\t\t\t\t<\/div>\n\t\t\t\t\t<\/div>\n\t\t\t\t<\/div>\n\t\t\t\t<\/div>\n\t\t","protected":false},"excerpt":{"rendered":"<p>Hipofunkcija \u0161titaste \u017elezde Veliki broj ljudi ima probleme sa funkcionisanjem \u0161titaste \u017elezde i u potrazi je za re\u0161enjem ovog problema. Naj\u010de\u0161\u0107i razlog za\u0161to \u010ditate ovaj tekst je taj \u0161to smatrate da imate tegobe koje se mogu dovesti u vezu s umanjenjenom funkcijom \u0161titaste \u017elezde, ali su rezultati va\u0161ih laboratorijskih analiza \u201euredni\u201c. Zvani\u010dan stav je da [&hellip;]<\/p>\n","protected":false},"author":1,"featured_media":0,"parent":0,"menu_order":0,"comment_status":"closed","ping_status":"closed","template":"","meta":{"footnotes":""},"class_list":["post-2459","page","type-page","status-publish","hentry"],"blocksy_meta":{"has_hero_section":"disabled","vertical_spacing_source":"custom","content_area_spacing":"none","styles_descriptor":{"styles":{"desktop":"","tablet":"","mobile":""},"google_fonts":[],"version":6}},"_links":{"self":[{"href":"https:\/\/formulazdravlja.com\/sr\/wp-json\/wp\/v2\/pages\/2459","targetHints":{"allow":["GET"]}}],"collection":[{"href":"https:\/\/formulazdravlja.com\/sr\/wp-json\/wp\/v2\/pages"}],"about":[{"href":"https:\/\/formulazdravlja.com\/sr\/wp-json\/wp\/v2\/types\/page"}],"author":[{"embeddable":true,"href":"https:\/\/formulazdravlja.com\/sr\/wp-json\/wp\/v2\/users\/1"}],"replies":[{"embeddable":true,"href":"https:\/\/formulazdravlja.com\/sr\/wp-json\/wp\/v2\/comments?post=2459"}],"version-history":[{"count":10,"href":"https:\/\/formulazdravlja.com\/sr\/wp-json\/wp\/v2\/pages\/2459\/revisions"}],"predecessor-version":[{"id":2772,"href":"https:\/\/formulazdravlja.com\/sr\/wp-json\/wp\/v2\/pages\/2459\/revisions\/2772"}],"wp:attachment":[{"href":"https:\/\/formulazdravlja.com\/sr\/wp-json\/wp\/v2\/media?parent=2459"}],"curies":[{"name":"wp","href":"https:\/\/api.w.org\/{rel}","templated":true}]}}