{"id":2469,"date":"2024-10-31T13:31:35","date_gmt":"2024-10-31T12:31:35","guid":{"rendered":"https:\/\/formulazdravlja.com\/?page_id=2469"},"modified":"2024-11-21T07:47:28","modified_gmt":"2024-11-21T06:47:28","slug":"autoimuna-oboljenja-i-alergije","status":"publish","type":"page","link":"https:\/\/formulazdravlja.com\/sr\/autoimuna-oboljenja-i-alergije\/","title":{"rendered":"Autoimuna oboljenja i alergije"},"content":{"rendered":"\t\t<div data-elementor-type=\"wp-page\" data-elementor-id=\"2469\" class=\"elementor elementor-2469\">\n\t\t\t\t<div class=\"elementor-element elementor-element-21fc403 e-flex e-con-boxed e-con e-parent\" data-id=\"21fc403\" data-element_type=\"container\" data-e-type=\"container\">\n\t\t\t\t\t<div class=\"e-con-inner\">\n\t\t<div class=\"elementor-element elementor-element-3b99d1b e-flex e-con-boxed e-con e-child\" data-id=\"3b99d1b\" data-element_type=\"container\" data-e-type=\"container\" data-settings=\"{&quot;background_background&quot;:&quot;classic&quot;}\">\n\t\t\t\t\t<div class=\"e-con-inner\">\n\t\t<div class=\"elementor-element elementor-element-808fb92 e-con-full e-flex e-con e-child\" data-id=\"808fb92\" data-element_type=\"container\" data-e-type=\"container\">\n\t\t\t\t<div class=\"elementor-element elementor-element-69e14f5 elementor-invisible elementor-widget elementor-widget-heading\" data-id=\"69e14f5\" data-element_type=\"widget\" data-e-type=\"widget\" data-settings=\"{&quot;_animation&quot;:&quot;zoomIn&quot;}\" data-widget_type=\"heading.default\">\n\t\t\t\t<div class=\"elementor-widget-container\">\n\t\t\t\t\t<h2 class=\"elementor-heading-title elementor-size-default\">Autoimuna oboljenja i alergije<\/h2>\t\t\t\t<\/div>\n\t\t\t\t<\/div>\n\t\t\t\t<div class=\"elementor-element elementor-element-4932ff3 elementor-widget__width-initial elementor-widget elementor-widget-text-editor\" data-id=\"4932ff3\" data-element_type=\"widget\" data-e-type=\"widget\" data-widget_type=\"text-editor.default\">\n\t\t\t\t<div class=\"elementor-widget-container\">\n\t\t\t\t\t\t\t\t\t<p>U\u010destalost pojave autoimunih oboljenja (AI) raste u celom svetu izrazitom brzinom.<br \/>Ova oboljenja su u visoko razvijenim zemljama u samom vrhu kada su u pitanju uzroci smrtnosti.<br \/>Nastaju kao posledica poreme\u0107ene reakcije organizma tako \u0161to imunolo\u0161ki sistem pogre\u0161no prepoznaje sopstvene \u0107elije.\u00a0<\/p>\t\t\t\t\t\t\t\t<\/div>\n\t\t\t\t<\/div>\n\t\t\t\t<\/div>\n\t\t<div class=\"elementor-element elementor-element-ee88ee0 e-con-full e-flex e-con e-child\" data-id=\"ee88ee0\" data-element_type=\"container\" data-e-type=\"container\">\n\t\t\t\t<div class=\"elementor-element elementor-element-876b21e elementor-widget elementor-widget-image\" data-id=\"876b21e\" data-element_type=\"widget\" data-e-type=\"widget\" data-widget_type=\"image.default\">\n\t\t\t\t<div class=\"elementor-widget-container\">\n\t\t\t\t\t\t\t\t\t\t\t\t\t\t\t<img fetchpriority=\"high\" decoding=\"async\" width=\"470\" height=\"333\" src=\"https:\/\/formulazdravlja.com\/wp-content\/uploads\/2024\/10\/autoimuna.jpg\" class=\"attachment-large size-large wp-image-2283\" alt=\"\" srcset=\"https:\/\/formulazdravlja.com\/wp-content\/uploads\/2024\/10\/autoimuna.jpg 470w, https:\/\/formulazdravlja.com\/wp-content\/uploads\/2024\/10\/autoimuna-300x213.jpg 300w\" sizes=\"(max-width: 470px) 100vw, 470px\" \/>\t\t\t\t\t\t\t\t\t\t\t\t\t\t\t<\/div>\n\t\t\t\t<\/div>\n\t\t\t\t<\/div>\n\t\t\t\t\t<\/div>\n\t\t\t\t<\/div>\n\t\t\t\t\t<\/div>\n\t\t\t\t<\/div>\n\t\t<div class=\"elementor-element elementor-element-27a9fdd e-flex e-con-boxed e-con e-parent\" data-id=\"27a9fdd\" data-element_type=\"container\" data-e-type=\"container\">\n\t\t\t\t\t<div class=\"e-con-inner\">\n\t\t\t\t<div class=\"elementor-element elementor-element-82b6b47 elementor-widget elementor-widget-text-editor\" data-id=\"82b6b47\" data-element_type=\"widget\" data-e-type=\"widget\" data-widget_type=\"text-editor.default\">\n\t\t\t\t<div class=\"elementor-widget-container\">\n\t\t\t\t\t\t\t\t\t<p>Do\u017eivljava ih kao strane organizme i posledi\u010dno stvara antitela koja ih napadaju (na sli\u010dan na\u010din na koji napadaju bakterije i viruse u cilju sopstvene odbrane). Me\u0111utim, u ovom slu\u010daju, napadaju\u0107i sopstvene \u0107elije, imunolo\u0161ki sistem ih o\u0161te\u0107uje, pa usled toga dolazi i do umanjenja njihove funkcije.<\/p><p>U zavisnosti od organa koji je \u201enapadnut\u201c imunolo\u0161kim sistemom sopstvenog organizma, zavisi\u0107e i klini\u010dka slika, kao i tegobe koje osoba ima. \u010cesto se u praksi de\u0161ava da osoba koja oboli od autoimunog oboljenja jednog organa\/tkiva, mo\u017ee dobiti i autoimuno oboljenje vezano za neki drugi organ\/tkivo, pa \u0107e se i simptomatologija o\u0161te\u0107enja ta dva organa preplitati.<\/p><p>Naj\u010de\u0161\u0107a autoimuna oboljenja su:<br \/>&#8211; reumatoidni artritis<br \/>&#8211; multipla skleroza<br \/>&#8211; lupus<br \/>&#8211;\u00a0Ha\u0161imoto\u00a0tiroiditis<br \/>&#8211;\u00a0Graves\u00a0-ovo oboljenje<br \/>&#8211; Chron\u00a0-ova bolest<br \/>&#8211; ulcerozni kolitis<br \/>&#8211; dijabetes melitus tip 1<br \/>&#8211;\u00a0Sjogren\u00a0-ov sindrom<br \/>&#8211; sklerodermia<br \/>&#8211; celija\u010dna bolest<\/p><p>Svaku autoimunu bolest karakteri\u0161e prisustvo auto-antitela. U po\u010detku razvoja bolesti postoje samo antitela, i tada osoba ne mora da ose\u0107a nikakve tegobe. Kako razaranje \u0107elija pojedinih tkiva i organa napreduje, tako po\u010dinju da se javljaju i tegobe koje mu\u010de pacijente.<\/p><p>Terapija ovih oboljenja podrazumeva primenu lekova koji umanjuju funkciju imunolo\u0161kog sistema organizma. Naj\u010de\u0161\u0107e se koriste kortikosteroidi. Njihovom primenom se umanjuje intenzitet imunolo\u0161kog odgovora, tako \u0161to se smanjuje produkcija antitela na sopstvena tkiva i organe. Time se i tegobe donekle umanjuju. Me\u0111utim, kortikosteroidi ne uti\u010du na one faktore koji podsti\u010du, tj. koji su tzv \u201eokida\u010di\u201c poreme\u0107enog odgovora imunolo\u0161kog sistema organizma (engl.\u00a0\u201etrigger\u201c\u00a0faktori).<\/p><p>Ti faktori \u2013 \u201eokida\u010di\u201c ostaju i dalje prisutni, telo i dalje stvara antitela, razaranje tkiva se i dalje vr\u0161i, a tegobe su sve izra\u017eenije. Zbog tih, sve izra\u017eenijih tegoba, osoba je prinu\u0111ena da pije i lekove koji umanjuju bolno stanje (analgetici).<\/p><p>Smatra se da genetika osobe uti\u010de sa nekih 25% u verovatno\u0107i da \u0107e neko dobiti AI oboljenje, dok je uticaj svih ostalih faktora 75%. Ako se fokusiramo na ovu ve\u0107u grupu faktora (na koje mo\u017eemo izrazito uticati), mo\u017eemo zaklju\u010diti da su me\u0111u njima najzna\u010dajniji \u201eokida\u010di\u201c (\u201etriggers\u201c) slede\u0107i elementi:<br \/>1.\u00a0<b>Sindrom propusnog creva (engl. leaky gut syndrom) i promenjena funkcija digestivnog trakta<\/b><br \/>80% na\u0161eg imuniteta nalazi se u crevima, pa \u0107e poreme\u0107ena funkcija digestivnog trakta neminovno izazvati i poreme\u0107aj funkcije imunolo\u0161kog sistema!<br \/>2.\u00a0<b>Intolerancija na pojedine sastojke hrane<\/b><br \/>pojedina namirnice ili njihovi sastojci stvaraju upalne procese na sluzoko\u017ei digestivnog trakta kroz koje nesvareni molekuli hrane ulaze u cirkulaciju i izazivaju zapaljenske reakcije svuda u telu \u2013 na primer uzrok tegobe bolnog zgloba mo\u017ee biti neki problem u crevima!<br \/>3.\u00a0<b>Intoksikacija te\u0161kim metalima i ostalim otrovima usled unosa malih doza tokom du\u017eeg vremenskog perioda<\/b><br \/>detoksikacija organizma se odvija u prvoj fazi\u00a0<a href=\"https:\/\/formulazdravlja.com\/prokol-formula-zdravlja\/\">protokola FORMULA ZDRAVLJA<\/a>, koji je opisan u istoimenoj\u00a0<a href=\"https:\/\/formulazdravlja.com\/knjiga-formula-zdravlja\/\">knjizi<\/a>);<br \/>4.\u00a0<b>Infekcije bakterijama, virusima, parazitima<\/b><br \/>eliminacija mogu\u0107e infekcije organizma se vr\u0161i tokom prve faze\u00a0<a href=\"https:\/\/formulazdravlja.com\/prokol-formula-zdravlja\/\">protokola FORMULA ZDRAVLJA<\/a>, koji je opisan u istoimenoj\u00a0<a href=\"https:\/\/formulazdravlja.com\/knjiga-formula-zdravlja\/\">knjizi<\/a>;<br \/>5.\u00a0<b>Hormonalni disbalans<\/b><br \/>vi\u0161e o regulaciji hormonalnog disbalansa ovim protokolom, kada je u pitanju \u0161titasta \u017elezda mo\u017eete pro\u010ditati\u00a0<a href=\"https:\/\/formulazdravlja.com\/hipofunkcija-stitaste-zlezde\/\">ovde<\/a>, ili ukoliko se radi o nabubre\u017enoj, mo\u017eete pro\u010ditati\u00a0<a href=\"https:\/\/formulazdravlja.com\/sindrom-hronicnog-umora\/\">ovde<\/a>, a ako se radi o gu\u0161tera\u010di &#8211; pankreasu, mo\u017eete pro\u010ditati\u00a0<a href=\"https:\/\/formulazdravlja.com\/secerna-bolest\/\">ovde<\/a>.<br \/>6.\u00a0<b>Hroni\u010dni upalni procesi u telu<\/b><br \/>\u010desto su posledica nekih od gore pobrojanih faktora;<br \/>7.\u00a0<b>Deficit pojedinih minerala\/vitamina\/oligoelemenata<\/b><br \/>izazavani su neadekvatnom ishranom, pove\u0107anim potrebama za njima usled intoksikacije te\u0161kim metalima i ostalim otrovima prisutnim u na\u0161oj okolini, alkoholizmom, prisustvom hroni\u010dnih bolesti, dugotrajnim unosom pojednih lekova&#8230;<\/p><p>Holisti\u010dki pristup u le\u010denju organizma ima za cilj da elimini\u0161e sve ove \u201eokida\u010de\u201c (\u201etriggers\u201c) autoimune reakcije. Na efikasnost terapije, veliki zna\u010daj ima vreme otpo\u010dinjanja sa tretmanom. S njim treba krenuti \u0161to pre, dok jo\u0161 nije do\u0161lo do pojave anatomskog o\u0161te\u0107enja tkiva, jer kada se jednom tkiva organa o\u0161tete, promene se izuzetno te\u0161ko vra\u0107aju u po\u010detno, fiziolo\u0161ko stanje, a nekada je to i nemogu\u0107e.<\/p><p>Primenom personalizovanog i holisti\u010dkog pristupa kroz\u00a0<a href=\"https:\/\/formulazdravlja.com\/prokol-formula-zdravlja\/\">protokol FORMULA ZDRAVLJA<\/a>\u00a0vodi se ra\u010duna o svim ovim \u201eokida\u010dima\u201c autoimune reakcije. Njihovom eliminacijom, u velikoj meri se menja imunolo\u0161ki odgovor, pa je stepen autoimune reakcije zna\u010dajno manji i samim tim i o\u0161te\u0107enja tkiva i organa. Osoba napredak tretmana ose\u0107a veoma brzo i to kroz postepeni gubitak tegoba koje je mu\u010de, a me\u0111u kojima sigurno prednja\u010di bolno stanje!<\/p>\t\t\t\t\t\t\t\t<\/div>\n\t\t\t\t<\/div>\n\t\t\t\t\t<\/div>\n\t\t\t\t<\/div>\n\t\t<div class=\"elementor-element elementor-element-1f49342b e-flex e-con-boxed e-con e-parent\" data-id=\"1f49342b\" data-element_type=\"container\" data-e-type=\"container\" data-settings=\"{&quot;background_background&quot;:&quot;classic&quot;}\">\n\t\t\t\t\t<div class=\"e-con-inner\">\n\t\t<div class=\"elementor-element elementor-element-61f9b866 e-flex e-con-boxed e-con e-child\" data-id=\"61f9b866\" data-element_type=\"container\" data-e-type=\"container\" data-settings=\"{&quot;background_background&quot;:&quot;classic&quot;}\">\n\t\t\t\t\t<div class=\"e-con-inner\">\n\t\t<div class=\"elementor-element elementor-element-2260795 e-con-full e-flex e-con e-child\" data-id=\"2260795\" data-element_type=\"container\" data-e-type=\"container\">\n\t\t\t\t<div class=\"elementor-element elementor-element-63dd71a2 elementor-widget elementor-widget-heading\" data-id=\"63dd71a2\" data-element_type=\"widget\" data-e-type=\"widget\" data-widget_type=\"heading.default\">\n\t\t\t\t<div class=\"elementor-widget-container\">\n\t\t\t\t\t<h2 class=\"elementor-heading-title elementor-size-default\">Zaka\u017eite konsultaciju\n<\/h2>\t\t\t\t<\/div>\n\t\t\t\t<\/div>\n\t\t\t\t<div class=\"elementor-element elementor-element-70751663 elementor-widget elementor-widget-text-editor\" data-id=\"70751663\" data-element_type=\"widget\" data-e-type=\"widget\" data-widget_type=\"text-editor.default\">\n\t\t\t\t<div class=\"elementor-widget-container\">\n\t\t\t\t\t\t\t\t\t<p>Vreme je za primenu protokola FORMULA ZDRAVLJA!<\/p>\t\t\t\t\t\t\t\t<\/div>\n\t\t\t\t<\/div>\n\t\t<div class=\"elementor-element elementor-element-20d72a2f e-con-full e-flex e-con e-child\" data-id=\"20d72a2f\" data-element_type=\"container\" data-e-type=\"container\">\n\t\t\t\t<div class=\"elementor-element elementor-element-1d0011fd elementor-widget elementor-widget-counter\" data-id=\"1d0011fd\" data-element_type=\"widget\" data-e-type=\"widget\" data-widget_type=\"counter.default\">\n\t\t\t\t<div class=\"elementor-widget-container\">\n\t\t\t\t\t\t\t<div class=\"elementor-counter\">\n\t\t\t<div class=\"elementor-counter-title\">Zadovoljnih klijenata<\/div>\t\t\t<div class=\"elementor-counter-number-wrapper\">\n\t\t\t\t<span class=\"elementor-counter-number-prefix\"><\/span>\n\t\t\t\t<span class=\"elementor-counter-number\" data-duration=\"2000\" data-to-value=\"2500\" data-from-value=\"0\" data-delimiter=\",\">0<\/span>\n\t\t\t\t<span class=\"elementor-counter-number-suffix\">+<\/span>\n\t\t\t<\/div>\n\t\t<\/div>\n\t\t\t\t\t\t<\/div>\n\t\t\t\t<\/div>\n\t\t\t\t<div class=\"elementor-element elementor-element-18b2cd3 elementor-widget elementor-widget-counter\" data-id=\"18b2cd3\" data-element_type=\"widget\" data-e-type=\"widget\" data-widget_type=\"counter.default\">\n\t\t\t\t<div class=\"elementor-widget-container\">\n\t\t\t\t\t\t\t<div class=\"elementor-counter\">\n\t\t\t<div class=\"elementor-counter-title\">Godina iskustva<\/div>\t\t\t<div class=\"elementor-counter-number-wrapper\">\n\t\t\t\t<span class=\"elementor-counter-number-prefix\"><\/span>\n\t\t\t\t<span class=\"elementor-counter-number\" data-duration=\"2000\" data-to-value=\"30\" data-from-value=\"0\" data-delimiter=\",\">0<\/span>\n\t\t\t\t<span class=\"elementor-counter-number-suffix\">+<\/span>\n\t\t\t<\/div>\n\t\t<\/div>\n\t\t\t\t\t\t<\/div>\n\t\t\t\t<\/div>\n\t\t\t\t<div class=\"elementor-element elementor-element-1c811bab elementor-widget elementor-widget-counter\" data-id=\"1c811bab\" data-element_type=\"widget\" data-e-type=\"widget\" data-widget_type=\"counter.default\">\n\t\t\t\t<div class=\"elementor-widget-container\">\n\t\t\t\t\t\t\t<div class=\"elementor-counter\">\n\t\t\t<div class=\"elementor-counter-title\">Radova i publikacija<\/div>\t\t\t<div class=\"elementor-counter-number-wrapper\">\n\t\t\t\t<span class=\"elementor-counter-number-prefix\"><\/span>\n\t\t\t\t<span class=\"elementor-counter-number\" data-duration=\"2000\" data-to-value=\"320\" data-from-value=\"0\" data-delimiter=\",\">0<\/span>\n\t\t\t\t<span class=\"elementor-counter-number-suffix\">+<\/span>\n\t\t\t<\/div>\n\t\t<\/div>\n\t\t\t\t\t\t<\/div>\n\t\t\t\t<\/div>\n\t\t\t\t<\/div>\n\t\t\t\t<div class=\"elementor-element elementor-element-131c5a9a elementor-widget elementor-widget-button\" data-id=\"131c5a9a\" data-element_type=\"widget\" data-e-type=\"widget\" data-widget_type=\"button.default\">\n\t\t\t\t<div class=\"elementor-widget-container\">\n\t\t\t\t\t\t\t\t\t<div class=\"elementor-button-wrapper\">\n\t\t\t\t\t<a class=\"elementor-button elementor-button-link elementor-size-sm\" href=\"https:\/\/formulazdravlja.com\/kontakt\/\">\n\t\t\t\t\t\t<span class=\"elementor-button-content-wrapper\">\n\t\t\t\t\t\t<span class=\"elementor-button-icon\">\n\t\t\t\t<svg xmlns=\"http:\/\/www.w3.org\/2000\/svg\" viewBox=\"0 0 24 24\"><path fill-rule=\"evenodd\" d=\"M24 0v22.78h-2.87V4.9L2.03 24 0 21.97l19.1-19.1H1.26V0H24Z\"><\/path><\/svg>\t\t\t<\/span>\n\t\t\t\t\t\t\t\t\t<span class=\"elementor-button-text\">Po\u0161aljite poruku<\/span>\n\t\t\t\t\t<\/span>\n\t\t\t\t\t<\/a>\n\t\t\t\t<\/div>\n\t\t\t\t\t\t\t\t<\/div>\n\t\t\t\t<\/div>\n\t\t\t\t<\/div>\n\t\t\t\t<div class=\"elementor-element elementor-element-6637681d elementor-widget__width-initial elementor-widget elementor-widget-image\" data-id=\"6637681d\" data-element_type=\"widget\" data-e-type=\"widget\" data-widget_type=\"image.default\">\n\t\t\t\t<div class=\"elementor-widget-container\">\n\t\t\t\t\t\t\t\t\t\t\t\t\t\t\t<img decoding=\"async\" width=\"544\" height=\"288\" src=\"https:\/\/formulazdravlja.com\/wp-content\/uploads\/2024\/10\/jabuka.png\" class=\"attachment-full size-full wp-image-1753\" alt=\"\" srcset=\"https:\/\/formulazdravlja.com\/wp-content\/uploads\/2024\/10\/jabuka.png 544w, https:\/\/formulazdravlja.com\/wp-content\/uploads\/2024\/10\/jabuka-300x159.png 300w\" sizes=\"(max-width: 544px) 100vw, 544px\" \/>\t\t\t\t\t\t\t\t\t\t\t\t\t\t\t<\/div>\n\t\t\t\t<\/div>\n\t\t\t\t\t<\/div>\n\t\t\t\t<\/div>\n\t\t\t\t\t<\/div>\n\t\t\t\t<\/div>\n\t\t\t\t<\/div>\n\t\t","protected":false},"excerpt":{"rendered":"<p>Autoimuna oboljenja i alergije U\u010destalost pojave autoimunih oboljenja (AI) raste u celom svetu izrazitom brzinom.Ova oboljenja su u visoko razvijenim zemljama u samom vrhu kada su u pitanju uzroci smrtnosti.Nastaju kao posledica poreme\u0107ene reakcije organizma tako \u0161to imunolo\u0161ki sistem pogre\u0161no prepoznaje sopstvene \u0107elije.\u00a0 Do\u017eivljava ih kao strane organizme i posledi\u010dno stvara antitela koja ih napadaju [&hellip;]<\/p>\n","protected":false},"author":1,"featured_media":0,"parent":0,"menu_order":0,"comment_status":"closed","ping_status":"closed","template":"","meta":{"footnotes":""},"class_list":["post-2469","page","type-page","status-publish","hentry"],"blocksy_meta":{"has_hero_section":"disabled","vertical_spacing_source":"custom","content_area_spacing":"none","styles_descriptor":{"styles":{"desktop":"","tablet":"","mobile":""},"google_fonts":[],"version":6}},"_links":{"self":[{"href":"https:\/\/formulazdravlja.com\/sr\/wp-json\/wp\/v2\/pages\/2469","targetHints":{"allow":["GET"]}}],"collection":[{"href":"https:\/\/formulazdravlja.com\/sr\/wp-json\/wp\/v2\/pages"}],"about":[{"href":"https:\/\/formulazdravlja.com\/sr\/wp-json\/wp\/v2\/types\/page"}],"author":[{"embeddable":true,"href":"https:\/\/formulazdravlja.com\/sr\/wp-json\/wp\/v2\/users\/1"}],"replies":[{"embeddable":true,"href":"https:\/\/formulazdravlja.com\/sr\/wp-json\/wp\/v2\/comments?post=2469"}],"version-history":[{"count":7,"href":"https:\/\/formulazdravlja.com\/sr\/wp-json\/wp\/v2\/pages\/2469\/revisions"}],"predecessor-version":[{"id":2769,"href":"https:\/\/formulazdravlja.com\/sr\/wp-json\/wp\/v2\/pages\/2469\/revisions\/2769"}],"wp:attachment":[{"href":"https:\/\/formulazdravlja.com\/sr\/wp-json\/wp\/v2\/media?parent=2469"}],"curies":[{"name":"wp","href":"https:\/\/api.w.org\/{rel}","templated":true}]}}