{"id":2717,"date":"2024-11-10T09:46:04","date_gmt":"2024-11-10T08:46:04","guid":{"rendered":"https:\/\/formulazdravlja.com\/?page_id=2717"},"modified":"2025-01-14T11:34:21","modified_gmt":"2025-01-14T10:34:21","slug":"protokol-iedm-francuska","status":"publish","type":"page","link":"https:\/\/formulazdravlja.com\/sr\/protokol-iedm-francuska\/","title":{"rendered":"Protokol IEDM"},"content":{"rendered":"\t\t<div data-elementor-type=\"wp-page\" data-elementor-id=\"2717\" class=\"elementor elementor-2717\">\n\t\t\t\t<div class=\"elementor-element elementor-element-21fc403 e-flex e-con-boxed e-con e-parent\" data-id=\"21fc403\" data-element_type=\"container\" data-e-type=\"container\">\n\t\t\t\t\t<div class=\"e-con-inner\">\n\t\t<div class=\"elementor-element elementor-element-3b99d1b e-flex e-con-boxed e-con e-child\" data-id=\"3b99d1b\" data-element_type=\"container\" data-e-type=\"container\" data-settings=\"{&quot;background_background&quot;:&quot;classic&quot;}\">\n\t\t\t\t\t<div class=\"e-con-inner\">\n\t\t<div class=\"elementor-element elementor-element-808fb92 e-con-full e-flex e-con e-child\" data-id=\"808fb92\" data-element_type=\"container\" data-e-type=\"container\">\n\t\t\t\t<div class=\"elementor-element elementor-element-69e14f5 elementor-invisible elementor-widget elementor-widget-heading\" data-id=\"69e14f5\" data-element_type=\"widget\" data-e-type=\"widget\" data-settings=\"{&quot;_animation&quot;:&quot;zoomIn&quot;}\" data-widget_type=\"heading.default\">\n\t\t\t\t<div class=\"elementor-widget-container\">\n\t\t\t\t\t<h2 class=\"elementor-heading-title elementor-size-default\">Protokol Evropskog instituta za ishranu i mikronutriciju - IEDM iz Pariza, Francuska<\/h2>\t\t\t\t<\/div>\n\t\t\t\t<\/div>\n\t\t\t\t<\/div>\n\t\t<div class=\"elementor-element elementor-element-ee88ee0 e-con-full e-flex e-con e-child\" data-id=\"ee88ee0\" data-element_type=\"container\" data-e-type=\"container\">\n\t\t\t\t<div class=\"elementor-element elementor-element-876b21e elementor-widget elementor-widget-image\" data-id=\"876b21e\" data-element_type=\"widget\" data-e-type=\"widget\" data-widget_type=\"image.default\">\n\t\t\t\t<div class=\"elementor-widget-container\">\n\t\t\t\t\t\t\t\t\t\t\t\t\t\t\t<img decoding=\"async\" width=\"338\" height=\"138\" src=\"https:\/\/formulazdravlja.com\/wp-content\/uploads\/2024\/11\/institut.png\" class=\"attachment-large size-large wp-image-2668\" alt=\"\" srcset=\"https:\/\/formulazdravlja.com\/wp-content\/uploads\/2024\/11\/institut.png 338w, https:\/\/formulazdravlja.com\/wp-content\/uploads\/2024\/11\/institut-300x122.png 300w\" sizes=\"(max-width: 338px) 100vw, 338px\" \/>\t\t\t\t\t\t\t\t\t\t\t\t\t\t\t<\/div>\n\t\t\t\t<\/div>\n\t\t\t\t<\/div>\n\t\t\t\t\t<\/div>\n\t\t\t\t<\/div>\n\t\t\t\t\t<\/div>\n\t\t\t\t<\/div>\n\t\t<div class=\"elementor-element elementor-element-27a9fdd e-flex e-con-boxed e-con e-parent\" data-id=\"27a9fdd\" data-element_type=\"container\" data-e-type=\"container\">\n\t\t\t\t\t<div class=\"e-con-inner\">\n\t\t\t\t<div class=\"elementor-element elementor-element-82b6b47 elementor-widget elementor-widget-text-editor\" data-id=\"82b6b47\" data-element_type=\"widget\" data-e-type=\"widget\" data-widget_type=\"text-editor.default\">\n\t\t\t\t<div class=\"elementor-widget-container\">\n\t\t\t\t\t\t\t\t\t<p>Istra\u017eivanja u vezi zdravstvenih efekata mikrobiote (crevna mikroflora), primene mikronutrijenata i kvalitetne ishrane, su svakodnevno u \u017ei\u017ei stru\u010dne javnosti u celom svetu. Brojni radovi ukazuju da kvalitetna i pravovremena primena dodataka ishrani (me\u0111u kojima se nalaze i prethodno pomenuta mikrobiota i mikronutrijenti), dozirana od strane stru\u010dnog zdravstvenog radnika, ima zna\u010dajan povoljan zdravstveni efekat i mo\u017ee da, primenjena uz terapiju lekovima, zna\u010dajno ubrza proces oporavka organizma i vra\u0107anja istog u stanje homeostaze (ravnote\u017ea).<\/p><p>Prof. dr Du\u0161an Ve\u0161ovi\u0107 je ostvario stru\u010dno-nau\u010dnu saradnju s <a href=\"https:\/\/www.iedm.asso.fr\/?lang=en\" target=\"_blank\" rel=\"noopener\">Evropskim Institutom za ishranu i mikronutriciju iz Pariza, Francuska<\/a> i po programu ovog Instituta radi savetovanje pacijenata, kao i edukaciju zdravstvenih radnika u Srbiji putem akreditovanih i neakreditovanih kurseva. Vi\u0161e o edukacijama zdravstvenih radnika, ali i svih zainteresovanih, mo\u017eete pro\u010ditati <a href=\"https:\/\/mikronutricija.rs\/edukacija\/\" target=\"_blank\" rel=\"noopener\">ovde.<\/a><\/p><p>Da bi ste do\u0161li na savetovanje po pitanju ishrane i primene mikronutrijenata, potrebno je da \u201eonline\u201c popunite dva upitnika koja \u0107ete na\u0107i na adresama ispisanim ispod ovog teksta. Jedan upitnik se odnosi na Va\u0161e zdravstveno stanje, dok se drugi odnosi na Va\u0161e navike u vezi ishrane. Rezultati upitnika se dovode u vezu jedan s drugim i uo\u010davaju se \u017eivotne navike iz ishrane koje dovode do poreme\u0107aja zdravstvenog stanja. Korekcijom istih, umanjuju se zdravstvene tegobe i unapre\u0111uje se zdravstveno stanje. S druge strane, upitnicima se uo\u010davaju i odre\u0111eni simptomi nastali usled deficita pojedinih mikronutrijenata i\/ili disbioze (poreme\u0107aj crevne mikroflore) \u0161to ukazuje na potrebu za primenom pojedinih dodataka ishrani (dijetetski suplementi). Upitnike su kreirali stru\u010dnjaci Evropskog instituta za ishranu i mikronutriciju iz Pariza, Francuska.<\/p><p>Kada popunite upitnike, kompjuterski program Vas navodi da rezultate po\u0161aljete sebi na \u201eemail\u201c adresu, kao i na adresu Centra \u2013 <a href=\"mailto:prof.vesovic@formulazdravlja.com\">prof.vesovic@formulazdravlja.com<\/a>, nakon \u010dega zakazujete i termin konsultacije. Radi zakazivanja termina konsultacije, molimo Vas da po\u0161aljete upit na &#8222;email&#8220; Centra \u2013 <a href=\"mailto:prof.vesovic@formulazdravlja.com\">prof.vesovic@formulazdravlja.com<\/a>, kako bismo imali Va\u0161 kontakt i dogovorili termin. Tokom prve konsultacije, tuma\u010de Vam se rezultati upitnika, obja\u0161njava Vam se na\u010din i daju konkretne smernice kako da pobolj\u0161ate zdravstveno stanje adekvatnom ishranom i primenom dijetetskih suplemenata. Prva konsultacija traje 45 do 60 minuta; kontrole traju oko 30 minuta. Postoji mogu\u0107nost i \u201eonline\u201c konsultacija, ukoliko Vam to vi\u0161e odgovara (skype, viber, whatsapp).<br \/>Adrese internet stranica na kojima se nalaze upitnici su:<\/p><p><a href=\"https:\/\/www.qms-iedm.rs\" target=\"_blank\" rel=\"noopener\">https:\/\/www.qms-iedm.rs<\/a> (upitnik se odnosi na Va\u0161e zdravstveno stanje)<br \/><a href=\"https:\/\/www.qaf-iedm.rs\" target=\"_blank\" rel=\"noopener\">https:\/\/www.qaf-iedm.rs<\/a> (upitnik se odnosi na Va\u0161e navike u vezi ishrane)<\/p><p>Upitnike, tako\u0111e, mo\u017eete na\u0107i i na slede\u0107oj <a href=\"https:\/\/mikronutricija.rs\/\" target=\"_blank\" rel=\"noopener\">stranici<\/a>, gde \u0107ete na\u0107i i ve\u0107i broj stru\u010dnih radova koji na popularan na\u010din obja\u0161njavaju zna\u010daj modulacije mikrobiote i primenu adekvatne i kvalitetne mikronutricije u o\u010duvanju dobrog zdravlja i ja\u010danju imunskog sistema \u010dime poma\u017eu i u prevenciji oboljenja.<\/p><p>Ne zaboravite da popunite oba upitnika.<\/p><p><b>NAPOMENA:<\/b><br \/>Kada popunite upitnike, potrebno je u prozor koji se pojavi na kraju da upi\u0161ete va\u0161e podatke (ime, prezime, datum ro\u0111enja, &#8222;email&#8220; adresu), kao i moju &#8222;email&#8220; adresu i da pritisnete OK. Potrebno je da dobijete rezultate upitnika na va\u0161u &#8222;email&#8220; adresu kao potvrdu da ste uspe\u0161no obavili popunjavanje i slanje rezultata upitnika.<\/p><p>Nakon popunjavanja oba upitnika, molimo Vas da po\u0161aljete poseban email na adresu Centra &#8211; <a href=\"mailto:prof.vesovic@formulazdravlja.com\" target=\"_top\">prof.vesovic@formulazdravlja.com<\/a>, kako bismo ostvarili kontakt i dogovorili termin konsultacije. U suprotonom, ne\u0107emo biti u mogu\u0107nosti da stupimo u kontakt sa Vama.<\/p>\t\t\t\t\t\t\t\t<\/div>\n\t\t\t\t<\/div>\n\t\t\t\t\t<\/div>\n\t\t\t\t<\/div>\n\t\t<div class=\"elementor-element elementor-element-1f49342b e-flex e-con-boxed e-con e-parent\" data-id=\"1f49342b\" data-element_type=\"container\" data-e-type=\"container\" data-settings=\"{&quot;background_background&quot;:&quot;classic&quot;}\">\n\t\t\t\t\t<div class=\"e-con-inner\">\n\t\t<div class=\"elementor-element elementor-element-61f9b866 e-flex e-con-boxed e-con e-child\" data-id=\"61f9b866\" data-element_type=\"container\" data-e-type=\"container\" data-settings=\"{&quot;background_background&quot;:&quot;classic&quot;}\">\n\t\t\t\t\t<div class=\"e-con-inner\">\n\t\t<div class=\"elementor-element elementor-element-2260795 e-con-full e-flex e-con e-child\" data-id=\"2260795\" data-element_type=\"container\" data-e-type=\"container\">\n\t\t\t\t<div class=\"elementor-element elementor-element-63dd71a2 elementor-widget elementor-widget-heading\" data-id=\"63dd71a2\" data-element_type=\"widget\" data-e-type=\"widget\" data-widget_type=\"heading.default\">\n\t\t\t\t<div class=\"elementor-widget-container\">\n\t\t\t\t\t<h2 class=\"elementor-heading-title elementor-size-default\">Zaka\u017eite konsultaciju\n<\/h2>\t\t\t\t<\/div>\n\t\t\t\t<\/div>\n\t\t\t\t<div class=\"elementor-element elementor-element-70751663 elementor-widget elementor-widget-text-editor\" data-id=\"70751663\" data-element_type=\"widget\" data-e-type=\"widget\" data-widget_type=\"text-editor.default\">\n\t\t\t\t<div class=\"elementor-widget-container\">\n\t\t\t\t\t\t\t\t\t<p>Vreme je za primenu protokola FORMULA ZDRAVLJA!<\/p>\t\t\t\t\t\t\t\t<\/div>\n\t\t\t\t<\/div>\n\t\t<div class=\"elementor-element elementor-element-20d72a2f e-con-full e-flex e-con e-child\" data-id=\"20d72a2f\" data-element_type=\"container\" data-e-type=\"container\">\n\t\t\t\t<div class=\"elementor-element elementor-element-1d0011fd elementor-widget elementor-widget-counter\" data-id=\"1d0011fd\" data-element_type=\"widget\" data-e-type=\"widget\" data-widget_type=\"counter.default\">\n\t\t\t\t<div class=\"elementor-widget-container\">\n\t\t\t\t\t\t\t<div class=\"elementor-counter\">\n\t\t\t<div class=\"elementor-counter-title\">Zadovoljnih klijenata<\/div>\t\t\t<div class=\"elementor-counter-number-wrapper\">\n\t\t\t\t<span class=\"elementor-counter-number-prefix\"><\/span>\n\t\t\t\t<span class=\"elementor-counter-number\" data-duration=\"2000\" data-to-value=\"2500\" data-from-value=\"0\" data-delimiter=\",\">0<\/span>\n\t\t\t\t<span class=\"elementor-counter-number-suffix\">+<\/span>\n\t\t\t<\/div>\n\t\t<\/div>\n\t\t\t\t\t\t<\/div>\n\t\t\t\t<\/div>\n\t\t\t\t<div class=\"elementor-element elementor-element-18b2cd3 elementor-widget elementor-widget-counter\" data-id=\"18b2cd3\" data-element_type=\"widget\" data-e-type=\"widget\" data-widget_type=\"counter.default\">\n\t\t\t\t<div class=\"elementor-widget-container\">\n\t\t\t\t\t\t\t<div class=\"elementor-counter\">\n\t\t\t<div class=\"elementor-counter-title\">Godina iskustva<\/div>\t\t\t<div class=\"elementor-counter-number-wrapper\">\n\t\t\t\t<span class=\"elementor-counter-number-prefix\"><\/span>\n\t\t\t\t<span class=\"elementor-counter-number\" data-duration=\"2000\" data-to-value=\"30\" data-from-value=\"0\" data-delimiter=\",\">0<\/span>\n\t\t\t\t<span class=\"elementor-counter-number-suffix\">+<\/span>\n\t\t\t<\/div>\n\t\t<\/div>\n\t\t\t\t\t\t<\/div>\n\t\t\t\t<\/div>\n\t\t\t\t<div class=\"elementor-element elementor-element-1c811bab elementor-widget elementor-widget-counter\" data-id=\"1c811bab\" data-element_type=\"widget\" data-e-type=\"widget\" data-widget_type=\"counter.default\">\n\t\t\t\t<div class=\"elementor-widget-container\">\n\t\t\t\t\t\t\t<div class=\"elementor-counter\">\n\t\t\t<div class=\"elementor-counter-title\">Radova i publikacija<\/div>\t\t\t<div class=\"elementor-counter-number-wrapper\">\n\t\t\t\t<span class=\"elementor-counter-number-prefix\"><\/span>\n\t\t\t\t<span class=\"elementor-counter-number\" data-duration=\"2000\" data-to-value=\"320\" data-from-value=\"0\" data-delimiter=\",\">0<\/span>\n\t\t\t\t<span class=\"elementor-counter-number-suffix\">+<\/span>\n\t\t\t<\/div>\n\t\t<\/div>\n\t\t\t\t\t\t<\/div>\n\t\t\t\t<\/div>\n\t\t\t\t<\/div>\n\t\t\t\t<div class=\"elementor-element elementor-element-131c5a9a elementor-widget elementor-widget-button\" data-id=\"131c5a9a\" data-element_type=\"widget\" data-e-type=\"widget\" data-widget_type=\"button.default\">\n\t\t\t\t<div class=\"elementor-widget-container\">\n\t\t\t\t\t\t\t\t\t<div class=\"elementor-button-wrapper\">\n\t\t\t\t\t<a class=\"elementor-button elementor-button-link elementor-size-sm\" href=\"https:\/\/formulazdravlja.com\/kontakt\/\">\n\t\t\t\t\t\t<span class=\"elementor-button-content-wrapper\">\n\t\t\t\t\t\t<span class=\"elementor-button-icon\">\n\t\t\t\t<svg xmlns=\"http:\/\/www.w3.org\/2000\/svg\" viewBox=\"0 0 24 24\"><path fill-rule=\"evenodd\" d=\"M24 0v22.78h-2.87V4.9L2.03 24 0 21.97l19.1-19.1H1.26V0H24Z\"><\/path><\/svg>\t\t\t<\/span>\n\t\t\t\t\t\t\t\t\t<span class=\"elementor-button-text\">Po\u0161aljite poruku<\/span>\n\t\t\t\t\t<\/span>\n\t\t\t\t\t<\/a>\n\t\t\t\t<\/div>\n\t\t\t\t\t\t\t\t<\/div>\n\t\t\t\t<\/div>\n\t\t\t\t<\/div>\n\t\t\t\t<div class=\"elementor-element elementor-element-6637681d elementor-widget__width-initial elementor-widget elementor-widget-image\" data-id=\"6637681d\" data-element_type=\"widget\" data-e-type=\"widget\" data-widget_type=\"image.default\">\n\t\t\t\t<div class=\"elementor-widget-container\">\n\t\t\t\t\t\t\t\t\t\t\t\t\t\t\t<img fetchpriority=\"high\" decoding=\"async\" width=\"544\" height=\"288\" src=\"https:\/\/formulazdravlja.com\/wp-content\/uploads\/2024\/10\/jabuka.png\" class=\"attachment-full size-full wp-image-1753\" alt=\"\" srcset=\"https:\/\/formulazdravlja.com\/wp-content\/uploads\/2024\/10\/jabuka.png 544w, https:\/\/formulazdravlja.com\/wp-content\/uploads\/2024\/10\/jabuka-300x159.png 300w\" sizes=\"(max-width: 544px) 100vw, 544px\" \/>\t\t\t\t\t\t\t\t\t\t\t\t\t\t\t<\/div>\n\t\t\t\t<\/div>\n\t\t\t\t\t<\/div>\n\t\t\t\t<\/div>\n\t\t\t\t\t<\/div>\n\t\t\t\t<\/div>\n\t\t\t\t<\/div>\n\t\t","protected":false},"excerpt":{"rendered":"<p>Protokol Evropskog instituta za ishranu i mikronutriciju &#8211; IEDM iz Pariza, Francuska Istra\u017eivanja u vezi zdravstvenih efekata mikrobiote (crevna mikroflora), primene mikronutrijenata i kvalitetne ishrane, su svakodnevno u \u017ei\u017ei stru\u010dne javnosti u celom svetu. Brojni radovi ukazuju da kvalitetna i pravovremena primena dodataka ishrani (me\u0111u kojima se nalaze i prethodno pomenuta mikrobiota i mikronutrijenti), dozirana [&hellip;]<\/p>\n","protected":false},"author":1,"featured_media":0,"parent":0,"menu_order":0,"comment_status":"closed","ping_status":"closed","template":"","meta":{"footnotes":""},"class_list":["post-2717","page","type-page","status-publish","hentry"],"blocksy_meta":{"has_hero_section":"disabled","vertical_spacing_source":"custom","content_area_spacing":"none","styles_descriptor":{"styles":{"desktop":"","tablet":"","mobile":""},"google_fonts":[],"version":6}},"_links":{"self":[{"href":"https:\/\/formulazdravlja.com\/sr\/wp-json\/wp\/v2\/pages\/2717","targetHints":{"allow":["GET"]}}],"collection":[{"href":"https:\/\/formulazdravlja.com\/sr\/wp-json\/wp\/v2\/pages"}],"about":[{"href":"https:\/\/formulazdravlja.com\/sr\/wp-json\/wp\/v2\/types\/page"}],"author":[{"embeddable":true,"href":"https:\/\/formulazdravlja.com\/sr\/wp-json\/wp\/v2\/users\/1"}],"replies":[{"embeddable":true,"href":"https:\/\/formulazdravlja.com\/sr\/wp-json\/wp\/v2\/comments?post=2717"}],"version-history":[{"count":17,"href":"https:\/\/formulazdravlja.com\/sr\/wp-json\/wp\/v2\/pages\/2717\/revisions"}],"predecessor-version":[{"id":2868,"href":"https:\/\/formulazdravlja.com\/sr\/wp-json\/wp\/v2\/pages\/2717\/revisions\/2868"}],"wp:attachment":[{"href":"https:\/\/formulazdravlja.com\/sr\/wp-json\/wp\/v2\/media?parent=2717"}],"curies":[{"name":"wp","href":"https:\/\/api.w.org\/{rel}","templated":true}]}}