{"id":3140,"date":"2025-10-25T08:37:16","date_gmt":"2025-10-25T06:37:16","guid":{"rendered":"https:\/\/formulazdravlja.com\/?page_id=3140"},"modified":"2026-02-14T08:30:21","modified_gmt":"2026-02-14T07:30:21","slug":"formula-zdravlja-rutine-koje-vracaju-telo-um-i-duh-u-balans","status":"publish","type":"page","link":"https:\/\/formulazdravlja.com\/sr\/formula-zdravlja-rutine-koje-vracaju-telo-um-i-duh-u-balans\/","title":{"rendered":"FORMULA ZDRAVLJA \u2013  Rutine koje vra\u0107aju telo, um i duh u balans"},"content":{"rendered":"\t\t<div data-elementor-type=\"wp-page\" data-elementor-id=\"3140\" class=\"elementor elementor-3140\">\n\t\t\t\t<div class=\"elementor-element elementor-element-21fc403 e-flex e-con-boxed e-con e-parent\" data-id=\"21fc403\" data-element_type=\"container\" data-e-type=\"container\">\n\t\t\t\t\t<div class=\"e-con-inner\">\n\t\t\t\t<div class=\"elementor-element elementor-element-69e14f5 elementor-invisible elementor-widget elementor-widget-heading\" data-id=\"69e14f5\" data-element_type=\"widget\" data-e-type=\"widget\" data-settings=\"{&quot;_animation&quot;:&quot;zoomIn&quot;}\" data-widget_type=\"heading.default\">\n\t\t\t\t<div class=\"elementor-widget-container\">\n\t\t\t\t\t<h2 class=\"elementor-heading-title elementor-size-default\">FORMULA ZDRAVLJA \u2013  Rutine koje vra\u0107aju telo, um i duh u balans<\/h2>\t\t\t\t<\/div>\n\t\t\t\t<\/div>\n\t\t<div class=\"elementor-element elementor-element-3b99d1b e-flex e-con-boxed e-con e-child\" data-id=\"3b99d1b\" data-element_type=\"container\" data-e-type=\"container\" data-settings=\"{&quot;background_background&quot;:&quot;classic&quot;}\">\n\t\t\t\t\t<div class=\"e-con-inner\">\n\t\t<div class=\"elementor-element elementor-element-ee88ee0 e-con-full e-flex e-con e-child\" data-id=\"ee88ee0\" data-element_type=\"container\" data-e-type=\"container\">\n\t\t\t\t<div class=\"elementor-element elementor-element-876b21e elementor-widget elementor-widget-image\" data-id=\"876b21e\" data-element_type=\"widget\" data-e-type=\"widget\" data-widget_type=\"image.default\">\n\t\t\t\t<div class=\"elementor-widget-container\">\n\t\t\t\t\t\t\t\t\t\t\t\t\t\t\t<img fetchpriority=\"high\" decoding=\"async\" width=\"500\" height=\"389\" src=\"https:\/\/formulazdravlja.com\/wp-content\/uploads\/2025\/10\/webinar_.png\" class=\"attachment-large size-large wp-image-3152\" alt=\"\" srcset=\"https:\/\/formulazdravlja.com\/wp-content\/uploads\/2025\/10\/webinar_.png 500w, https:\/\/formulazdravlja.com\/wp-content\/uploads\/2025\/10\/webinar_-300x233.png 300w, https:\/\/formulazdravlja.com\/wp-content\/uploads\/2025\/10\/webinar_-15x12.png 15w\" sizes=\"(max-width: 500px) 100vw, 500px\" \/>\t\t\t\t\t\t\t\t\t\t\t\t\t\t\t<\/div>\n\t\t\t\t<\/div>\n\t\t\t\t<\/div>\n\t\t<div class=\"elementor-element elementor-element-808fb92 e-con-full e-flex e-con e-child\" data-id=\"808fb92\" data-element_type=\"container\" data-e-type=\"container\">\n\t\t\t\t<div class=\"elementor-element elementor-element-0ba7c5c elementor-invisible elementor-widget elementor-widget-heading\" data-id=\"0ba7c5c\" data-element_type=\"widget\" data-e-type=\"widget\" data-settings=\"{&quot;_animation&quot;:&quot;zoomIn&quot;}\" data-widget_type=\"heading.default\">\n\t\t\t\t<div class=\"elementor-widget-container\">\n\t\t\t\t\t<h2 class=\"elementor-heading-title elementor-size-default\">Nau\u010dno utemeljen, inspirativan webinar o tome kako da svakodnevnim navikama obnovite energiju, hormonsku ravnote\u017eu i vitalnost.<\/h2>\t\t\t\t<\/div>\n\t\t\t\t<\/div>\n\t\t\t\t<div class=\"elementor-element elementor-element-7fca67a elementor-widget__width-initial elementor-widget elementor-widget-text-editor\" data-id=\"7fca67a\" data-element_type=\"widget\" data-e-type=\"widget\" data-widget_type=\"text-editor.default\">\n\t\t\t\t<div class=\"elementor-widget-container\">\n\t\t\t\t\t\t\t\t\t<p>Na\u0161 organizam poseduje neverovatnu sposobnost regeneracije \u2014 ali u savremenom tempu \u017eivota \u010desto zaboravimo kako da je pokrenemo.<\/p>\t\t\t\t\t\t\t\t<\/div>\n\t\t\t\t<\/div>\n\t\t\t\t<div class=\"elementor-element elementor-element-e44d0f4 elementor-invisible elementor-widget elementor-widget-heading\" data-id=\"e44d0f4\" data-element_type=\"widget\" data-e-type=\"widget\" data-settings=\"{&quot;_animation&quot;:&quot;zoomIn&quot;}\" data-widget_type=\"heading.default\">\n\t\t\t\t<div class=\"elementor-widget-container\">\n\t\t\t\t\t<h2 class=\"elementor-heading-title elementor-size-default\">Ovaj webinar vam pokazuje kako!<\/h2>\t\t\t\t<\/div>\n\t\t\t\t<\/div>\n\t\t\t\t<div class=\"elementor-element elementor-element-73dc812 elementor-widget__width-initial elementor-widget elementor-widget-text-editor\" data-id=\"73dc812\" data-element_type=\"widget\" data-e-type=\"widget\" data-widget_type=\"text-editor.default\">\n\t\t\t\t<div class=\"elementor-widget-container\">\n\t\t\t\t\t\t\t\t\t<p><em>Prvi korak ka vitalnosti po\u010dinje klikom \u2013 obezbedite svoje mesto sada.<\/em><\/p>\t\t\t\t\t\t\t\t<\/div>\n\t\t\t\t<\/div>\n\t\t\t\t<div class=\"elementor-element elementor-element-bbc76ab elementor-align-center elementor-widget elementor-widget-button\" data-id=\"bbc76ab\" data-element_type=\"widget\" data-e-type=\"widget\" data-widget_type=\"button.default\">\n\t\t\t\t<div class=\"elementor-widget-container\">\n\t\t\t\t\t\t\t\t\t<div class=\"elementor-button-wrapper\">\n\t\t\t\t\t<a class=\"elementor-button elementor-button-link elementor-size-sm\" href=\"#uplata\">\n\t\t\t\t\t\t<span class=\"elementor-button-content-wrapper\">\n\t\t\t\t\t\t<span class=\"elementor-button-icon\">\n\t\t\t\t<svg xmlns=\"http:\/\/www.w3.org\/2000\/svg\" viewBox=\"0 0 24 24\"><path fill-rule=\"evenodd\" d=\"M24 0v22.78h-2.87V4.9L2.03 24 0 21.97l19.1-19.1H1.26V0H24Z\"><\/path><\/svg>\t\t\t<\/span>\n\t\t\t\t\t\t\t\t\t<span class=\"elementor-button-text\">Rezervi\u0161ite svoje mesto<\/span>\n\t\t\t\t\t<\/span>\n\t\t\t\t\t<\/a>\n\t\t\t\t<\/div>\n\t\t\t\t\t\t\t\t<\/div>\n\t\t\t\t<\/div>\n\t\t\t\t<\/div>\n\t\t\t\t\t<\/div>\n\t\t\t\t<\/div>\n\t\t\t\t\t<\/div>\n\t\t\t\t<\/div>\n\t\t<div class=\"elementor-element elementor-element-27a9fdd e-flex e-con-boxed e-con e-parent\" data-id=\"27a9fdd\" data-element_type=\"container\" data-e-type=\"container\">\n\t\t\t\t\t<div class=\"e-con-inner\">\n\t\t\t\t<div class=\"elementor-element elementor-element-82b6b47 elementor-widget elementor-widget-text-editor\" data-id=\"82b6b47\" data-element_type=\"widget\" data-e-type=\"widget\" data-widget_type=\"text-editor.default\">\n\t\t\t\t<div class=\"elementor-widget-container\">\n\t\t\t\t\t\t\t\t\t<div class=\"elementor-element elementor-element-86f4340 e-flex e-con-boxed e-con e-parent e-lazyloaded\" data-id=\"86f4340\" data-element_type=\"container\"><p>U njemu vas prof. dr Du\u0161an Ve\u0161ovi\u0107 vodi kroz klju\u010dne stubove FORMULE ZDRAVLJA:<\/p><ul><li>od detoksikacije,<\/li><li>pravilne ishrane i hidratacije,<\/li><li>preko zna\u010daja odr\u017eavanja optimalne telesne kompozicije (odnos mi\u0161i\u0107ne i masne mase),<\/li><li>pa sve do sna,<\/li><li>fizi\u010dke aktivnosti,<\/li><li>ciljane suplementacije i<\/li><li>mentalnog balansa.<\/li><\/ul><div class=\"e-con-inner\"><p>Poseban deo predavanja posve\u0107en je uticaju elektromagnetnog zra\u010denja \u2014 kako deluje na na\u0161e telo, ali i kako da se od njega za\u0161titimo i sa\u010duvamo prirodnu harmoniju organizma.<br \/><span style=\"text-decoration: underline;\"><a href=\"https:\/\/formulazdravlja.com\/sr\/iskustva\/\" target=\"_blank\" rel=\"noopener\">Saznajte kako male, ali ciljane promene u svakodnevnim rutinama mogu transformisati va\u0161e zdravlje, energiju i vitalnost.<\/a><\/span><br \/>Nau\u010dite kako da prepoznate signale koje vam telo \u0161alje i ponovo uspostavite prirodnu ravnote\u017eu izme\u0111u tela, uma i duha.<\/p><p>\u2728 Ovaj webinar je va\u0161 putokaz ka vitalnosti, otpornosti i unutra\u0161njem miru!<\/p><h5>\ud83c\udfaf <strong>Kome je namenjen<\/strong><\/h5><ul><li>osobama koje ose\u0107aju <a href=\"https:\/\/formulazdravlja.com\/sindrom-hronicnog-umora\/\" target=\"_blank\" rel=\"noopener\"><strong>hroni\u010dni umor, manjak energije<\/strong><\/a> ili imaju <a href=\"https:\/\/formulazdravlja.com\/sr\/poremecaj-varenja\/\" target=\"_blank\" rel=\"noopener\"><strong>probleme s varenjem<\/strong><\/a> (iako su im nalazi gastro- i kolonoskopije uredni);<\/li><li>onima koji \u017eele da se ose\u0107aju <strong>vitalnije, energi\u010dnije i izgledaju mla\u0111e<\/strong>;<\/li><li>svima koji \u017eele da pobolj\u0161aju <strong>kvalitet sna, fokus, imunitet, raspolo\u017eenje<\/strong> i otpornost na <a href=\"https:\/\/formulazdravlja.com\/menadzerski-stres\/\" target=\"_blank\" rel=\"noopener\"><strong>stres<\/strong><\/a>;<\/li><li>osobama koje se suo\u010davaju sa <strong><a href=\"https:\/\/formulazdravlja.com\/hipofunkcija-stitaste-zlezde\/\" target=\"_blank\" rel=\"noopener\">hormonskim disbalansom<\/a>, <a href=\"https:\/\/formulazdravlja.com\/insulinska-rezistencija-i-policisticni-jajnici\/\" target=\"_blank\" rel=\"noopener\">neredovnim ciklusom<\/a><\/strong>, <strong>smanjenom plodno\u0161\u0107u<\/strong> (bez obzira na pol);<\/li><li>onima koji \u017eele da <strong>reguli\u0161u telesnu te\u017einu<\/strong>, stabilizuju<a href=\"https:\/\/formulazdravlja.com\/secerna-bolest\/\" target=\"_blank\" rel=\"noopener\"> <strong>nivo \u0161e\u0107era i ostalih biohemijskih parametara<\/strong><\/a> i time <strong>optimizuju metabolizam<\/strong>;<\/li><li>osobama \u010diji su <strong>laboratorijski nalazi \u201curedni\u201d<\/strong>, a i dalje se ose\u0107aju umorno, napeto ili bez energije;<\/li><li>svima koji \u017eele da uspostave <strong>zdravu dnevnu rutinu<\/strong> i nau\u010de kako <strong>male promene donose velike rezultate<\/strong>;<\/li><li><strong>profesionalcima u zdravstvu, nutricionizmu i <em>wellness<\/em> industriji<\/strong> koji \u017eele da prodube razumevanje <strong>integrativnog i holisti\u010dkog pristupa zdravlju<\/strong>.<\/li><\/ul><p><strong>Datum i format:<\/strong><br \/>\ud83d\udcc5 25.02.2026. \u2013 prijavite se da budete obave\u0161teni prvi!<br \/>\ud83d\udda5\ufe0f Online<br \/>\u23f1\ufe0f Trajanje: 60 minuta<br \/>\ud83d\udcac Q&amp;A \u2013 30 min; pitanja\/diskusija na kraju webinara (ukupno trajanje 90 min)<\/p><h5>\ud83d\udcb0 <strong>Cena i bonus materijal<\/strong><\/h5><ol><li><strong>Standard karta <\/strong>(live + Q&amp;A + bonus vodi\u010d): 5.000 RSD<\/li><li><strong>Early-bird <\/strong>(do 10 dana ranije): 3.900 RSD<\/li><li><strong>Late\/Last-minute <\/strong>(48 h pre eventa): 5.900 RSD<\/li><\/ol><\/div><\/div><div class=\"elementor-element elementor-element-86f4340 e-flex e-con-boxed e-con e-parent e-lazyloaded\" data-id=\"86f4340\" data-element_type=\"container\"><div class=\"e-con-inner\"><p>\ud83c\udf81 <strong>Uz prijavu na webinar dobijate besplatan \u201cPrakti\u010dni vodi\u010d za Zdravlje i Vitalnost\u201d<\/strong>, autora prof. dr Du\u0161ana Ve\u0161ovi\u0107a \u2014 sa konkretnim smernicama koje mo\u017eete primeniti ve\u0107 slede\u0107eg dana.<\/p><\/div><\/div>\t\t\t\t\t\t\t\t<\/div>\n\t\t\t\t<\/div>\n\t\t\t\t\t<\/div>\n\t\t\t\t<\/div>\n\t\t<div class=\"elementor-element elementor-element-269c5aa e-flex e-con-boxed e-con e-parent\" data-id=\"269c5aa\" data-element_type=\"container\" data-e-type=\"container\">\n\t\t\t\t\t<div class=\"e-con-inner\">\n\t\t\t\t<div class=\"elementor-element elementor-element-9b505b6 elementor-widget elementor-widget-text-editor\" data-id=\"9b505b6\" data-element_type=\"widget\" data-e-type=\"widget\" data-widget_type=\"text-editor.default\">\n\t\t\t\t<div class=\"elementor-widget-container\">\n\t\t\t\t\t\t\t\t\t<h5>\ud83d\udce9 <strong>Prijava i uplata<\/strong><\/h5>\t\t\t\t\t\t\t\t<\/div>\n\t\t\t\t<\/div>\n\t\t\t\t<div class=\"elementor-element elementor-element-fa85171 elementor-widget elementor-widget-text-editor\" data-id=\"fa85171\" data-element_type=\"widget\" data-e-type=\"widget\" data-widget_type=\"text-editor.default\">\n\t\t\t\t<div class=\"elementor-widget-container\">\n\t\t\t\t\t\t\t\t\t<p><strong>Napomena: iznos upla\u0107ujete prema izabranom paketu!<\/strong><\/p><p>Nakon prijave, na va\u0161u e-mail adresu sti\u017ee potvrda uplate, Zoom link i bonus vodi\u010d, a putem mese\u010dnog newslettera dobijate i nove edukativne sadr\u017eaje iz oblasti integrativne medicine i holisti\u010dkog pristupa u le\u010denju \u010doveka.<\/p>\t\t\t\t\t\t\t\t<\/div>\n\t\t\t\t<\/div>\n\t\t\t\t\t<\/div>\n\t\t\t\t<\/div>\n\t\t<div class=\"elementor-element elementor-element-1f49342b e-flex e-con-boxed e-con e-parent\" data-id=\"1f49342b\" data-element_type=\"container\" data-e-type=\"container\" id=\"uplata\" data-settings=\"{&quot;background_background&quot;:&quot;classic&quot;}\">\n\t\t\t\t\t<div class=\"e-con-inner\">\n\t\t<div class=\"elementor-element elementor-element-61f9b866 e-flex e-con-boxed e-con e-child\" data-id=\"61f9b866\" data-element_type=\"container\" data-e-type=\"container\" data-settings=\"{&quot;background_background&quot;:&quot;classic&quot;}\">\n\t\t\t\t\t<div class=\"e-con-inner\">\n\t\t<div class=\"elementor-element elementor-element-2260795 e-con-full e-flex e-con e-child\" data-id=\"2260795\" data-element_type=\"container\" data-e-type=\"container\">\n\t\t\t\t<div class=\"elementor-element elementor-element-63dd71a2 elementor-widget elementor-widget-heading\" data-id=\"63dd71a2\" data-element_type=\"widget\" data-e-type=\"widget\" data-widget_type=\"heading.default\">\n\t\t\t\t<div class=\"elementor-widget-container\">\n\t\t\t\t\t<h2 class=\"elementor-heading-title elementor-size-default\">\ud83d\udce9 Prijava i uplata\n<\/h2>\t\t\t\t<\/div>\n\t\t\t\t<\/div>\n\t\t\t\t<div class=\"elementor-element elementor-element-70751663 elementor-widget elementor-widget-text-editor\" data-id=\"70751663\" data-element_type=\"widget\" data-e-type=\"widget\" data-widget_type=\"text-editor.default\">\n\t\t\t\t<div class=\"elementor-widget-container\">\n\t\t\t\t\t\t\t\t\t<p><strong>Napomena: iznos upla\u0107ujete prema izabranom paketu!<\/strong><\/p><p>Nakon prijave, na va\u0161u e-mail adresu sti\u017ee potvrda uplate, Zoom link i bonus vodi\u010d, a putem mese\u010dnog newslettera dobijate i nove edukativne sadr\u017eaje iz oblasti integrativne medicine i holisti\u010dkog pristupa u le\u010denju \u010doveka.<\/p>\t\t\t\t\t\t\t\t<\/div>\n\t\t\t\t<\/div>\n\t\t\t\t<div class=\"elementor-element elementor-element-f1a1e16 elementor-widget elementor-widget-text-editor\" data-id=\"f1a1e16\" data-element_type=\"widget\" data-e-type=\"widget\" data-widget_type=\"text-editor.default\">\n\t\t\t\t<div class=\"elementor-widget-container\">\n\t\t\t\t\t\t\t\t\t<p><em>Pokrenite svoj organizam iznutra.<\/em><em><br \/>Jer zdravlje nije slu\u010dajnost \u2014 to je va\u0161a FORMULA ZDRAVLJA.<\/em><\/p>\t\t\t\t\t\t\t\t<\/div>\n\t\t\t\t<\/div>\n\t\t\t\t<div class=\"elementor-element elementor-element-d20c2ef elementor-widget elementor-widget-text-editor\" data-id=\"d20c2ef\" data-element_type=\"widget\" data-e-type=\"widget\" data-widget_type=\"text-editor.default\">\n\t\t\t\t<div class=\"elementor-widget-container\">\n\t\t\t\t\t\t\t\t\t<div dir=\"ltr\"><i>Pridru\u017eite se zajednici ljudi koji su prepoznali snagu znanja i rutine.<\/i><\/div><div dir=\"ltr\"><i> Va\u0161a transformacija po\u010dinje danas.<\/i><\/div>\t\t\t\t\t\t\t\t<\/div>\n\t\t\t\t<\/div>\n\t\t<div class=\"elementor-element elementor-element-71fe15a e-grid e-con-full e-con e-child\" data-id=\"71fe15a\" data-element_type=\"container\" data-e-type=\"container\">\n\t\t\t\t<div class=\"elementor-element elementor-element-f1ca181 elementor-widget elementor-widget-button\" data-id=\"f1ca181\" data-element_type=\"widget\" data-e-type=\"widget\" data-widget_type=\"button.default\">\n\t\t\t\t<div class=\"elementor-widget-container\">\n\t\t\t\t\t\t\t\t\t<div class=\"elementor-button-wrapper\">\n\t\t\t\t\t<a class=\"elementor-button elementor-button-link elementor-size-sm\" href=\"https:\/\/formulazdravlja.com\/wp-content\/uploads\/2025\/10\/Uplatnica-webinar1-STANDARD.jpg\">\n\t\t\t\t\t\t<span class=\"elementor-button-content-wrapper\">\n\t\t\t\t\t\t\t\t\t<span class=\"elementor-button-text\">STANDARD<\/span>\n\t\t\t\t\t<\/span>\n\t\t\t\t\t<\/a>\n\t\t\t\t<\/div>\n\t\t\t\t\t\t\t\t<\/div>\n\t\t\t\t<\/div>\n\t\t\t\t<div class=\"elementor-element elementor-element-a867401 elementor-widget elementor-widget-button\" data-id=\"a867401\" data-element_type=\"widget\" data-e-type=\"widget\" data-widget_type=\"button.default\">\n\t\t\t\t<div class=\"elementor-widget-container\">\n\t\t\t\t\t\t\t\t\t<div class=\"elementor-button-wrapper\">\n\t\t\t\t\t<a class=\"elementor-button elementor-button-link elementor-size-sm\" href=\"https:\/\/formulazdravlja.com\/wp-content\/uploads\/2025\/10\/Uplatnica-webinar1-EARLY.jpg\">\n\t\t\t\t\t\t<span class=\"elementor-button-content-wrapper\">\n\t\t\t\t\t\t<span class=\"elementor-button-icon\">\n\t\t\t\t<svg xmlns=\"http:\/\/www.w3.org\/2000\/svg\" viewBox=\"0 0 24 24\"><path fill-rule=\"evenodd\" d=\"M24 0v22.78h-2.87V4.9L2.03 24 0 21.97l19.1-19.1H1.26V0H24Z\"><\/path><\/svg>\t\t\t<\/span>\n\t\t\t\t\t\t\t\t\t<span class=\"elementor-button-text\">Early Bird<\/span>\n\t\t\t\t\t<\/span>\n\t\t\t\t\t<\/a>\n\t\t\t\t<\/div>\n\t\t\t\t\t\t\t\t<\/div>\n\t\t\t\t<\/div>\n\t\t\t\t<div class=\"elementor-element elementor-element-fbbf80a elementor-widget elementor-widget-button\" data-id=\"fbbf80a\" data-element_type=\"widget\" data-e-type=\"widget\" data-widget_type=\"button.default\">\n\t\t\t\t<div class=\"elementor-widget-container\">\n\t\t\t\t\t\t\t\t\t<div class=\"elementor-button-wrapper\">\n\t\t\t\t\t<a class=\"elementor-button elementor-button-link elementor-size-sm\" href=\"https:\/\/formulazdravlja.com\/wp-content\/uploads\/2025\/10\/Uplatnica-webinar1-LAST.jpg\">\n\t\t\t\t\t\t<span class=\"elementor-button-content-wrapper\">\n\t\t\t\t\t\t\t\t\t<span class=\"elementor-button-text\">LAST MINUTE<\/span>\n\t\t\t\t\t<\/span>\n\t\t\t\t\t<\/a>\n\t\t\t\t<\/div>\n\t\t\t\t\t\t\t\t<\/div>\n\t\t\t\t<\/div>\n\t\t\t\t<\/div>\n\t\t\t\t<\/div>\n\t\t\t\t<div class=\"elementor-element elementor-element-6637681d elementor-widget__width-initial elementor-widget elementor-widget-image\" data-id=\"6637681d\" data-element_type=\"widget\" data-e-type=\"widget\" data-widget_type=\"image.default\">\n\t\t\t\t<div class=\"elementor-widget-container\">\n\t\t\t\t\t\t\t\t\t\t\t\t\t\t\t<img decoding=\"async\" width=\"500\" height=\"389\" src=\"https:\/\/formulazdravlja.com\/wp-content\/uploads\/2025\/10\/webinar_.png\" class=\"attachment-full size-full wp-image-3152\" alt=\"\" srcset=\"https:\/\/formulazdravlja.com\/wp-content\/uploads\/2025\/10\/webinar_.png 500w, https:\/\/formulazdravlja.com\/wp-content\/uploads\/2025\/10\/webinar_-300x233.png 300w, https:\/\/formulazdravlja.com\/wp-content\/uploads\/2025\/10\/webinar_-15x12.png 15w\" sizes=\"(max-width: 500px) 100vw, 500px\" \/>\t\t\t\t\t\t\t\t\t\t\t\t\t\t\t<\/div>\n\t\t\t\t<\/div>\n\t\t\t\t\t<\/div>\n\t\t\t\t<\/div>\n\t\t\t\t\t<\/div>\n\t\t\t\t<\/div>\n\t\t\t\t<\/div>\n\t\t","protected":false},"excerpt":{"rendered":"<p>FORMULA ZDRAVLJA \u2013 Rutine koje vra\u0107aju telo, um i duh u balans Nau\u010dno utemeljen, inspirativan webinar o tome kako da svakodnevnim navikama obnovite energiju, hormonsku ravnote\u017eu i vitalnost. Na\u0161 organizam poseduje neverovatnu sposobnost regeneracije \u2014 ali u savremenom tempu \u017eivota \u010desto zaboravimo kako da je pokrenemo. Ovaj webinar vam pokazuje kako! Prvi korak ka vitalnosti [&hellip;]<\/p>\n","protected":false},"author":1,"featured_media":0,"parent":0,"menu_order":0,"comment_status":"closed","ping_status":"closed","template":"","meta":{"footnotes":""},"class_list":["post-3140","page","type-page","status-publish","hentry"],"blocksy_meta":{"has_hero_section":"disabled","vertical_spacing_source":"custom","content_area_spacing":"none","styles_descriptor":{"styles":{"desktop":"","tablet":"","mobile":""},"google_fonts":[],"version":6}},"_links":{"self":[{"href":"https:\/\/formulazdravlja.com\/sr\/wp-json\/wp\/v2\/pages\/3140","targetHints":{"allow":["GET"]}}],"collection":[{"href":"https:\/\/formulazdravlja.com\/sr\/wp-json\/wp\/v2\/pages"}],"about":[{"href":"https:\/\/formulazdravlja.com\/sr\/wp-json\/wp\/v2\/types\/page"}],"author":[{"embeddable":true,"href":"https:\/\/formulazdravlja.com\/sr\/wp-json\/wp\/v2\/users\/1"}],"replies":[{"embeddable":true,"href":"https:\/\/formulazdravlja.com\/sr\/wp-json\/wp\/v2\/comments?post=3140"}],"version-history":[{"count":88,"href":"https:\/\/formulazdravlja.com\/sr\/wp-json\/wp\/v2\/pages\/3140\/revisions"}],"predecessor-version":[{"id":3654,"href":"https:\/\/formulazdravlja.com\/sr\/wp-json\/wp\/v2\/pages\/3140\/revisions\/3654"}],"wp:attachment":[{"href":"https:\/\/formulazdravlja.com\/sr\/wp-json\/wp\/v2\/media?parent=3140"}],"curies":[{"name":"wp","href":"https:\/\/api.w.org\/{rel}","templated":true}]}}