{"id":3236,"date":"2025-10-30T14:43:58","date_gmt":"2025-10-30T13:43:58","guid":{"rendered":"https:\/\/formulazdravlja.com\/?page_id=3236"},"modified":"2025-12-12T16:47:59","modified_gmt":"2025-12-12T15:47:59","slug":"prakticni-vodic-za-zdravlje-i-vitalnost","status":"publish","type":"page","link":"https:\/\/formulazdravlja.com\/sr\/prakticni-vodic-za-zdravlje-i-vitalnost\/","title":{"rendered":"Prakti\u010dni vodi\u010d za zdravlje i vitalnost"},"content":{"rendered":"\t\t<div data-elementor-type=\"wp-page\" data-elementor-id=\"3236\" class=\"elementor elementor-3236\">\n\t\t\t\t<div class=\"elementor-element elementor-element-21fc403 e-flex e-con-boxed e-con e-parent\" data-id=\"21fc403\" data-element_type=\"container\" data-e-type=\"container\">\n\t\t\t\t\t<div class=\"e-con-inner\">\n\t\t\t\t<div class=\"elementor-element elementor-element-69e14f5 elementor-invisible elementor-widget elementor-widget-heading\" data-id=\"69e14f5\" data-element_type=\"widget\" data-e-type=\"widget\" data-settings=\"{&quot;_animation&quot;:&quot;zoomIn&quot;}\" data-widget_type=\"heading.default\">\n\t\t\t\t<div class=\"elementor-widget-container\">\n\t\t\t\t\t<h2 class=\"elementor-heading-title elementor-size-default\">Prakti\u010dni vodi\u010d za zdravlje i vitalnost<\/h2>\t\t\t\t<\/div>\n\t\t\t\t<\/div>\n\t\t<div class=\"elementor-element elementor-element-3b99d1b e-flex e-con-boxed e-con e-child\" data-id=\"3b99d1b\" data-element_type=\"container\" data-e-type=\"container\" data-settings=\"{&quot;background_background&quot;:&quot;classic&quot;}\">\n\t\t\t\t\t<div class=\"e-con-inner\">\n\t\t<div class=\"elementor-element elementor-element-ee88ee0 e-con-full e-flex e-con e-child\" data-id=\"ee88ee0\" data-element_type=\"container\" data-e-type=\"container\">\n\t\t\t\t<div class=\"elementor-element elementor-element-876b21e elementor-widget elementor-widget-image\" data-id=\"876b21e\" data-element_type=\"widget\" data-e-type=\"widget\" data-widget_type=\"image.default\">\n\t\t\t\t<div class=\"elementor-widget-container\">\n\t\t\t\t\t\t\t\t\t\t\t\t\t\t\t<img fetchpriority=\"high\" decoding=\"async\" width=\"500\" height=\"647\" src=\"https:\/\/formulazdravlja.com\/wp-content\/uploads\/2025\/10\/vodic.jpg\" class=\"attachment-large size-large wp-image-3238\" alt=\"\" srcset=\"https:\/\/formulazdravlja.com\/wp-content\/uploads\/2025\/10\/vodic.jpg 500w, https:\/\/formulazdravlja.com\/wp-content\/uploads\/2025\/10\/vodic-232x300.jpg 232w, https:\/\/formulazdravlja.com\/wp-content\/uploads\/2025\/10\/vodic-9x12.jpg 9w\" sizes=\"(max-width: 500px) 100vw, 500px\" \/>\t\t\t\t\t\t\t\t\t\t\t\t\t\t\t<\/div>\n\t\t\t\t<\/div>\n\t\t\t\t<\/div>\n\t\t<div class=\"elementor-element elementor-element-808fb92 e-con-full e-flex e-con e-child\" data-id=\"808fb92\" data-element_type=\"container\" data-e-type=\"container\">\n\t\t\t\t<div class=\"elementor-element elementor-element-0ba7c5c elementor-invisible elementor-widget elementor-widget-heading\" data-id=\"0ba7c5c\" data-element_type=\"widget\" data-e-type=\"widget\" data-settings=\"{&quot;_animation&quot;:&quot;zoomIn&quot;}\" data-widget_type=\"heading.default\">\n\t\t\t\t<div class=\"elementor-widget-container\">\n\t\t\t\t\t<h2 class=\"elementor-heading-title elementor-size-default\">Kako da probudite energiju, uravnote\u017eite telo i povratite unutra\u0161nji mir<\/h2>\t\t\t\t<\/div>\n\t\t\t\t<\/div>\n\t\t\t\t<div class=\"elementor-element elementor-element-7fca67a elementor-widget__width-initial elementor-widget elementor-widget-text-editor\" data-id=\"7fca67a\" data-element_type=\"widget\" data-e-type=\"widget\" data-widget_type=\"text-editor.default\">\n\t\t\t\t<div class=\"elementor-widget-container\">\n\t\t\t\t\t\t\t\t\t<p>Na\u0161 organizam poseduje uro\u0111enu sposobnost regeneracije \u2014 ali u savremenom tempu \u017eivota \u010desto zaboravimo kako da je pokrenemo.<br \/>Ovaj vodi\u010d je kreiran da bude <strong>va\u0161 li\u010dni kompas<\/strong> na putu ka boljem zdravlju, mladala\u010dkom izgledu i vitalnosti.<\/p>\t\t\t\t\t\t\t\t<\/div>\n\t\t\t\t<\/div>\n\t\t\t\t<div class=\"elementor-element elementor-element-e44d0f4 elementor-invisible elementor-widget elementor-widget-heading\" data-id=\"e44d0f4\" data-element_type=\"widget\" data-e-type=\"widget\" data-settings=\"{&quot;_animation&quot;:&quot;zoomIn&quot;}\" data-widget_type=\"heading.default\">\n\t\t\t\t<div class=\"elementor-widget-container\">\n\t\t\t\t\t<h2 class=\"elementor-heading-title elementor-size-default\">U njemu \u0107ete prona\u0107i jednostavne, nau\u010dno utemeljene korake kako da:<\/h2>\t\t\t\t<\/div>\n\t\t\t\t<\/div>\n\t\t\t\t<div class=\"elementor-element elementor-element-73dc812 elementor-widget__width-initial elementor-widget elementor-widget-text-editor\" data-id=\"73dc812\" data-element_type=\"widget\" data-e-type=\"widget\" data-widget_type=\"text-editor.default\">\n\t\t\t\t<div class=\"elementor-widget-container\">\n\t\t\t\t\t\t\t\t\t<ul><li>obnovite energiju i pobolj\u0161ate imunitet,<\/li><li>povratite i odr\u017eite vitalnost,<\/li><li>uravnote\u017eite hormone,<\/li><li>oslobodite se tegoba digestivnog trakta i povratite ose\u0107aj lako\u0107e i ravnog stomaka,<\/li><li>detoksikujete organizam,<\/li><li>izgradite zdrave \u017eivotne navike koje donose dugoro\u010dne rezultate i stabilno zdravlje.<\/li><\/ul>\t\t\t\t\t\t\t\t<\/div>\n\t\t\t\t<\/div>\n\t\t\t\t<div class=\"elementor-element elementor-element-bbc76ab elementor-align-center elementor-widget elementor-widget-button\" data-id=\"bbc76ab\" data-element_type=\"widget\" data-e-type=\"widget\" data-widget_type=\"button.default\">\n\t\t\t\t<div class=\"elementor-widget-container\">\n\t\t\t\t\t\t\t\t\t<div class=\"elementor-button-wrapper\">\n\t\t\t\t\t<a class=\"elementor-button elementor-button-link elementor-size-sm\" href=\"https:\/\/formulazdravlja.com\/wp-content\/uploads\/2025\/12\/Uplatnica-vodic-email.jpg\">\n\t\t\t\t\t\t<span class=\"elementor-button-content-wrapper\">\n\t\t\t\t\t\t<span class=\"elementor-button-icon\">\n\t\t\t\t<svg xmlns=\"http:\/\/www.w3.org\/2000\/svg\" viewBox=\"0 0 24 24\"><path fill-rule=\"evenodd\" d=\"M24 0v22.78h-2.87V4.9L2.03 24 0 21.97l19.1-19.1H1.26V0H24Z\"><\/path><\/svg>\t\t\t<\/span>\n\t\t\t\t\t\t\t\t\t<span class=\"elementor-button-text\">Preuzmite SVOJ PRIMERAK<\/span>\n\t\t\t\t\t<\/span>\n\t\t\t\t\t<\/a>\n\t\t\t\t<\/div>\n\t\t\t\t\t\t\t\t<\/div>\n\t\t\t\t<\/div>\n\t\t\t\t<\/div>\n\t\t\t\t\t<\/div>\n\t\t\t\t<\/div>\n\t\t\t\t\t<\/div>\n\t\t\t\t<\/div>\n\t\t<div class=\"elementor-element elementor-element-27a9fdd e-flex e-con-boxed e-con e-parent\" data-id=\"27a9fdd\" data-element_type=\"container\" data-e-type=\"container\">\n\t\t\t\t\t<div class=\"e-con-inner\">\n\t\t\t\t<div class=\"elementor-element elementor-element-82b6b47 elementor-widget elementor-widget-text-editor\" data-id=\"82b6b47\" data-element_type=\"widget\" data-e-type=\"widget\" data-widget_type=\"text-editor.default\">\n\t\t\t\t<div class=\"elementor-widget-container\">\n\t\t\t\t\t\t\t\t\t<p>Napisan od strane <strong>prof. dr Du\u0161ana Ve\u0161ovi\u0107a<\/strong>, osniva\u010da koncepta <strong>FORMULA ZDRAVLJA<\/strong>, ovaj vodi\u010d predstavlja spoj klini\u010dkog iskustva i integrativne medicine \u2013 prakti\u010dan, lako primenljiv i inspirativan.<\/p><p>Bez obzira da li ste ve\u0107 na svom putu zdravlja ili tek po\u010dinjete, ovaj vodi\u010d \u0107e vam pomo\u0107i da uskladite telo, um i svakodnevne navike u jedinstven, funkcionalan sistem \u2013 <strong>va\u0161u li\u010dnu FORMULU ZDRAVLJA.<\/strong><\/p><h4>\u0160ta sadr\u017ei vodi\u010d?<\/h4><p>\u2705 <strong>8 tematskih poglavlja<\/strong> \u2013 od detoksikacije i ishrane do sna, ravnog stomaka, imuniteta i mentalnog balansa (vi\u0161e od 20 strana prakti\u010dnih saveta).<br \/>\u2705 <strong>Prakti\u010dne smernice za svaki dan<\/strong> \u2013 mali, ali mo\u0107ni koraci koje mo\u017eete odmah primeniti, bez restriktivnih dijeta ili komplikovanih re\u017eima.<br \/>\u2705 <strong>Holisti\u010dki pristup<\/strong> \u2013 re\u0161avanje tegoba unutar organizma na nivou njihovog uzroka, povezuju\u0107i telo, um i duh u jedinstvenu i neodvojivu celinu.<\/p><p><strong>Vodi\u010d je zasnovan na FORMULI ZDRAVLJA<\/strong> \u2013 u praksi potvr\u0111en koncept koji vam, <span style=\"text-decoration: underline;\"><a href=\"https:\/\/formulazdravlja.com\/sr\/iskustva\/\" target=\"_blank\" rel=\"noopener\">v<em>e\u0107 posle nekoliko dana primene, donosi vi\u0161e energije, ravniji stomak, kvalitetniji san i ose\u0107aj mentalne bistrine.<\/em><\/a><\/span><\/p><h4>Kome je namenjen?<\/h4><ul><li>Osobama koje \u017eele da unaprede <strong>zdravlje<\/strong>, <strong>energiju<\/strong> i <strong>otpornost<\/strong> celog organizma.<\/li><li>Onima koji ose\u0107aju <strong><a href=\"https:\/\/formulazdravlja.com\/sindrom-hronicnog-umora\/\" target=\"_blank\" rel=\"noopener\"><span style=\"text-decoration: underline;\">hroni\u010dni umor<\/span><\/a><span style=\"text-decoration: underline;\">, <a href=\"https:\/\/formulazdravlja.com\/menadzerski-stres\/\" target=\"_blank\" rel=\"noopener\">stres<\/a><\/span><\/strong> ili smanjenu koncentraciju.<\/li><li>Osobama sa <strong><a href=\"https:\/\/formulazdravlja.com\/sr\/poremecaj-varenja\/\" target=\"_blank\" rel=\"noopener\"><span style=\"text-decoration: underline;\">digestivnim tegobama<\/span><\/a><span style=\"text-decoration: underline;\">,<\/span> <a href=\"https:\/\/formulazdravlja.com\/hipofunkcija-stitaste-zlezde\/\" target=\"_blank\" rel=\"noopener\"><span style=\"text-decoration: underline;\">hormonalnim disbalansom<\/span><\/a> ili <a href=\"https:\/\/formulazdravlja.com\/post-covid-sindrom\/\" target=\"_blank\" rel=\"noopener\"><span style=\"text-decoration: underline;\">post-COVID umorom<\/span><\/a><span style=\"text-decoration: underline;\">.<\/span><\/strong><\/li><li>Svima koji \u017eele da <strong>odr\u017ee mladala\u010dku energiju i uspore procese starenja.<\/strong><\/li><li>\u00a0Onima koji \u017eele da <strong>pobolj\u0161aju tonus ko\u017ee, fokus i raspolo\u017eenje<\/strong> kroz prirodan balans organizma.<\/li><li>Svima koji \u017eele da nau\u010de <strong>kako male promene u navikama mogu dovesti do velikih rezultata.<\/strong><\/li><\/ul><h4>Za\u0161to ovaj vodi\u010d?<\/h4><p>Zato \u0161to vam pokazuje da <strong>zdravlje nije slu\u010dajnost<\/strong>.<br \/><span style=\"text-decoration: underline;\">Da promene nisu te\u0161ke \u2013 samo treba znati <strong>odakle po\u010deti.<\/strong><\/span><\/p><p>Ovaj vodi\u010d \u0107e vam pomo\u0107i da razumete svoje telo, prepoznate njegove signale i pokrenete procese samoobnove \u2013 iznutra ka spolja.<\/p><p>Pokrenite svoj organizam iznutra.<br \/>Jer <strong>zdravlje nije slu\u010dajnost \u2014 to je va\u0161a FORMULA ZDRAVLJA.<\/strong><\/p>\t\t\t\t\t\t\t\t<\/div>\n\t\t\t\t<\/div>\n\t\t\t\t<div class=\"elementor-element elementor-element-0425f0d elementor-align-center elementor-widget elementor-widget-button\" data-id=\"0425f0d\" data-element_type=\"widget\" data-e-type=\"widget\" data-widget_type=\"button.default\">\n\t\t\t\t<div class=\"elementor-widget-container\">\n\t\t\t\t\t\t\t\t\t<div class=\"elementor-button-wrapper\">\n\t\t\t\t\t<a class=\"elementor-button elementor-button-link elementor-size-sm\" href=\"https:\/\/formulazdravlja.com\/wp-content\/uploads\/2025\/12\/Uplatnica-vodic-email.jpg\">\n\t\t\t\t\t\t<span class=\"elementor-button-content-wrapper\">\n\t\t\t\t\t\t<span class=\"elementor-button-icon\">\n\t\t\t\t<svg xmlns=\"http:\/\/www.w3.org\/2000\/svg\" viewBox=\"0 0 24 24\"><path fill-rule=\"evenodd\" d=\"M24 0v22.78h-2.87V4.9L2.03 24 0 21.97l19.1-19.1H1.26V0H24Z\"><\/path><\/svg>\t\t\t<\/span>\n\t\t\t\t\t\t\t\t\t<span class=\"elementor-button-text\">Preuzmite SVOJ PRIMERAK<\/span>\n\t\t\t\t\t<\/span>\n\t\t\t\t\t<\/a>\n\t\t\t\t<\/div>\n\t\t\t\t\t\t\t\t<\/div>\n\t\t\t\t<\/div>\n\t\t\t\t\t<\/div>\n\t\t\t\t<\/div>\n\t\t\t\t<\/div>\n\t\t","protected":false},"excerpt":{"rendered":"<p>Prakti\u010dni vodi\u010d za zdravlje i vitalnost Kako da probudite energiju, uravnote\u017eite telo i povratite unutra\u0161nji mir Na\u0161 organizam poseduje uro\u0111enu sposobnost regeneracije \u2014 ali u savremenom tempu \u017eivota \u010desto zaboravimo kako da je pokrenemo.Ovaj vodi\u010d je kreiran da bude va\u0161 li\u010dni kompas na putu ka boljem zdravlju, mladala\u010dkom izgledu i vitalnosti. U njemu \u0107ete prona\u0107i [&hellip;]<\/p>\n","protected":false},"author":1,"featured_media":0,"parent":0,"menu_order":0,"comment_status":"closed","ping_status":"closed","template":"","meta":{"footnotes":""},"class_list":["post-3236","page","type-page","status-publish","hentry"],"blocksy_meta":{"has_hero_section":"disabled","vertical_spacing_source":"custom","content_area_spacing":"none","styles_descriptor":{"styles":{"desktop":"","tablet":"","mobile":""},"google_fonts":[],"version":6}},"_links":{"self":[{"href":"https:\/\/formulazdravlja.com\/sr\/wp-json\/wp\/v2\/pages\/3236","targetHints":{"allow":["GET"]}}],"collection":[{"href":"https:\/\/formulazdravlja.com\/sr\/wp-json\/wp\/v2\/pages"}],"about":[{"href":"https:\/\/formulazdravlja.com\/sr\/wp-json\/wp\/v2\/types\/page"}],"author":[{"embeddable":true,"href":"https:\/\/formulazdravlja.com\/sr\/wp-json\/wp\/v2\/users\/1"}],"replies":[{"embeddable":true,"href":"https:\/\/formulazdravlja.com\/sr\/wp-json\/wp\/v2\/comments?post=3236"}],"version-history":[{"count":22,"href":"https:\/\/formulazdravlja.com\/sr\/wp-json\/wp\/v2\/pages\/3236\/revisions"}],"predecessor-version":[{"id":3333,"href":"https:\/\/formulazdravlja.com\/sr\/wp-json\/wp\/v2\/pages\/3236\/revisions\/3333"}],"wp:attachment":[{"href":"https:\/\/formulazdravlja.com\/sr\/wp-json\/wp\/v2\/media?parent=3236"}],"curies":[{"name":"wp","href":"https:\/\/api.w.org\/{rel}","templated":true}]}}